{"id":14624,"date":"2021-02-10T15:46:23","date_gmt":"2021-02-10T20:46:23","guid":{"rendered":"https:\/\/staging.genielab.co\/?page_id=14624"},"modified":"2023-09-12T13:28:40","modified_gmt":"2023-09-12T17:28:40","slug":"logged-out","status":"publish","type":"page","link":"https:\/\/genielab.co\/en\/logged-out\/","title":{"rendered":"Logged out"},"content":{"rendered":"\t\t<div data-elementor-type=\"wp-page\" data-elementor-id=\"14624\" class=\"elementor elementor-14624\" data-elementor-settings=\"{&quot;ha_cmc_init_switcher&quot;:&quot;no&quot;}\" data-elementor-post-type=\"page\">\n\t\t\t\t\t\t<section class=\"elementor-section elementor-top-section elementor-element elementor-element-f5c0d2d elementor-section-height-min-height elementor-section-boxed elementor-section-height-default elementor-section-items-middle\" data-id=\"f5c0d2d\" data-element_type=\"section\" data-settings=\"{&quot;background_background&quot;:&quot;classic&quot;,&quot;_ha_eqh_enable&quot;:false}\">\n\t\t\t\t\t\t\t<div class=\"elementor-background-overlay\"><\/div>\n\t\t\t\t\t\t\t<div class=\"elementor-container elementor-column-gap-default\">\n\t\t\t\t\t<div class=\"elementor-column elementor-col-100 elementor-top-column elementor-element elementor-element-afdb821\" data-id=\"afdb821\" data-element_type=\"column\">\n\t\t\t<div class=\"elementor-widget-wrap elementor-element-populated\">\n\t\t\t\t\t\t<div class=\"elementor-element elementor-element-1d01b00 elementor-widget elementor-widget-heading\" data-id=\"1d01b00\" data-element_type=\"widget\" data-widget_type=\"heading.default\">\n\t\t\t\t<div class=\"elementor-widget-container\">\n\t\t\t\t\t<h1 class=\"elementor-heading-title elementor-size-default\">Good-bye<\/h1>\t\t\t\t<\/div>\n\t\t\t\t<\/div>\n\t\t\t\t<div class=\"elementor-element elementor-element-5374d7e elementor-widget elementor-widget-image\" data-id=\"5374d7e\" data-element_type=\"widget\" data-widget_type=\"image.default\">\n\t\t\t\t<div class=\"elementor-widget-container\">\n\t\t\t\t\t\t\t\t\t\t\t\t\t\t\t<img decoding=\"async\" width=\"1\" height=\"1\" src=\"https:\/\/genielab.co\/wp-content\/uploads\/2021\/07\/Product-AuRevoir.svg\" class=\"attachment-medium size-medium wp-image-21433\" alt=\"\" \/>\t\t\t\t\t\t\t\t\t\t\t\t\t\t\t<\/div>\n\t\t\t\t<\/div>\n\t\t\t\t<div class=\"elementor-element elementor-element-eabc638 elementor-widget elementor-widget-heading\" data-id=\"eabc638\" data-element_type=\"widget\" data-widget_type=\"heading.default\">\n\t\t\t\t<div class=\"elementor-widget-container\">\n\t\t\t\t\t<h4 class=\"elementor-heading-title elementor-size-default\">You are now log out<br>Hope to see you again soon<\/h4>\t\t\t\t<\/div>\n\t\t\t\t<\/div>\n\t\t\t\t<div class=\"elementor-element elementor-element-4aaef69 elementor-widget elementor-widget-heading\" data-id=\"4aaef69\" data-element_type=\"widget\" data-widget_type=\"heading.default\">\n\t\t\t\t<div class=\"elementor-widget-container\">\n\t\t\t\t\t<h4 class=\"elementor-heading-title elementor-size-default\"><a href=\"https:\/\/genielab.co\/en\/login\/\">Log in<\/a><\/h4>\t\t\t\t<\/div>\n\t\t\t\t<\/div>\n\t\t\t\t\t<\/div>\n\t\t<\/div>\n\t\t\t\t\t<\/div>\n\t\t<\/section>\n\t\t\t\t<\/div>\n\t\t","protected":false},"excerpt":{"rendered":"<p>Good-bye You are now log out Hope to see you again soon Log in<\/p>\n","protected":false},"author":74,"featured_media":0,"parent":0,"menu_order":0,"comment_status":"closed","ping_status":"closed","template":"","meta":{"footnotes":""},"folder":[207],"class_list":["post-14624","page","type-page","status-publish","hentry"],"yoast_head":"<!-- This site is optimized with the Yoast SEO plugin v26.5 - https:\/\/yoast.com\/wordpress\/plugins\/seo\/ -->\n<title>Logged out | GenieLab<\/title>\n<meta name=\"description\" content=\"G\u00e9nieLab renforce l&#039;autonomie des jeunes et favorise la culture num\u00e9rique en comblant le foss\u00e9 entre le design, l&#039;art et la technologie, une exp\u00e9rience \u00e0 la fois.\" \/>\n<meta name=\"robots\" content=\"index, follow, max-snippet:-1, max-image-preview:large, max-video-preview:-1\" \/>\n<link rel=\"canonical\" href=\"https:\/\/genielab.co\/en\/logged-out\/\" \/>\n<meta property=\"og:locale\" content=\"en_US\" \/>\n<meta property=\"og:type\" content=\"article\" \/>\n<meta property=\"og:title\" content=\"Logged out | GenieLab\" \/>\n<meta property=\"og:description\" content=\"G\u00e9nieLab renforce l&#039;autonomie des jeunes et favorise la culture num\u00e9rique en comblant le foss\u00e9 entre le design, l&#039;art et la technologie, une exp\u00e9rience \u00e0 la fois.\" \/>\n<meta property=\"og:url\" content=\"https:\/\/genielab.co\/en\/logged-out\/\" \/>\n<meta property=\"og:site_name\" content=\"GenieLab\" \/>\n<meta property=\"article:publisher\" content=\"https:\/\/www.facebook.com\/GenieLabMTL\/\" \/>\n<meta property=\"article:modified_time\" content=\"2023-09-12T17:28:40+00:00\" \/>\n<meta property=\"og:image\" content=\"https:\/\/genielabco.stage.site\/wp-content\/uploads\/2021\/07\/Product-AuRevoir.svg\" \/>\n<meta name=\"twitter:card\" content=\"summary_large_image\" \/>\n<meta name=\"twitter:site\" content=\"@genielabmtl\" \/>\n<script type=\"application\/ld+json\" class=\"yoast-schema-graph\">{\"@context\":\"https:\/\/schema.org\",\"@graph\":[{\"@type\":\"WebPage\",\"@id\":\"https:\/\/genielab.co\/en\/logged-out\/\",\"url\":\"https:\/\/genielab.co\/en\/logged-out\/\",\"name\":\"Logged out | GenieLab\",\"isPartOf\":{\"@id\":\"https:\/\/genielab.co\/en\/#website\"},\"primaryImageOfPage\":{\"@id\":\"https:\/\/genielab.co\/en\/logged-out\/#primaryimage\"},\"image\":{\"@id\":\"https:\/\/genielab.co\/en\/logged-out\/#primaryimage\"},\"thumbnailUrl\":\"https:\/\/genielabco.stage.site\/wp-content\/uploads\/2021\/07\/Product-AuRevoir.svg\",\"datePublished\":\"2021-02-10T20:46:23+00:00\",\"dateModified\":\"2023-09-12T17:28:40+00:00\",\"description\":\"G\u00e9nieLab renforce l'autonomie des jeunes et favorise la culture num\u00e9rique en comblant le foss\u00e9 entre le design, l'art et la technologie, une exp\u00e9rience \u00e0 la fois.\",\"breadcrumb\":{\"@id\":\"https:\/\/genielab.co\/en\/logged-out\/#breadcrumb\"},\"inLanguage\":\"en-US\",\"potentialAction\":[{\"@type\":\"ReadAction\",\"target\":[\"https:\/\/genielab.co\/en\/logged-out\/\"]}]},{\"@type\":\"ImageObject\",\"inLanguage\":\"en-US\",\"@id\":\"https:\/\/genielab.co\/en\/logged-out\/#primaryimage\",\"url\":\"https:\/\/genielabco.stage.site\/wp-content\/uploads\/2021\/07\/Product-AuRevoir.svg\",\"contentUrl\":\"https:\/\/genielabco.stage.site\/wp-content\/uploads\/2021\/07\/Product-AuRevoir.svg\"},{\"@type\":\"BreadcrumbList\",\"@id\":\"https:\/\/genielab.co\/en\/logged-out\/#breadcrumb\",\"itemListElement\":[{\"@type\":\"ListItem\",\"position\":1,\"name\":\"Accueil\",\"item\":\"https:\/\/genielab.co\/en\/\"},{\"@type\":\"ListItem\",\"position\":2,\"name\":\"Logged out\"}]},{\"@type\":\"WebSite\",\"@id\":\"https:\/\/genielab.co\/en\/#website\",\"url\":\"https:\/\/genielab.co\/en\/\",\"name\":\"GenieLab\",\"description\":\"Empowering Youth via Digital Literacy\",\"publisher\":{\"@id\":\"https:\/\/genielab.co\/en\/#organization\"},\"potentialAction\":[{\"@type\":\"SearchAction\",\"target\":{\"@type\":\"EntryPoint\",\"urlTemplate\":\"https:\/\/genielab.co\/en\/?s={search_term_string}\"},\"query-input\":{\"@type\":\"PropertyValueSpecification\",\"valueRequired\":true,\"valueName\":\"search_term_string\"}}],\"inLanguage\":\"en-US\"},{\"@type\":\"Organization\",\"@id\":\"https:\/\/genielab.co\/en\/#organization\",\"name\":\"G\u00e9nieLab\",\"url\":\"https:\/\/genielab.co\/en\/\",\"logo\":{\"@type\":\"ImageObject\",\"inLanguage\":\"en-US\",\"@id\":\"https:\/\/genielab.co\/en\/#\/schema\/logo\/image\/\",\"url\":\"https:\/\/genielab.co\/wp-content\/uploads\/2021\/03\/GenielabLogo-g-NRouge-1.png\",\"contentUrl\":\"https:\/\/genielab.co\/wp-content\/uploads\/2021\/03\/GenielabLogo-g-NRouge-1.png\",\"width\":197,\"height\":271,\"caption\":\"G\u00e9nieLab\"},\"image\":{\"@id\":\"https:\/\/genielab.co\/en\/#\/schema\/logo\/image\/\"},\"sameAs\":[\"https:\/\/www.facebook.com\/GenieLabMTL\/\",\"https:\/\/x.com\/genielabmtl\",\"https:\/\/www.instagram.com\/genielabmtl\/\",\"https:\/\/www.linkedin.com\/company\/genielab\/\",\"https:\/\/www.youtube.com\/@genielabmtl6100\"]}]}<\/script>\n<!-- \/ Yoast SEO plugin. -->","yoast_head_json":{"title":"Logged out | GenieLab","description":"G\u00e9nieLab renforce l'autonomie des jeunes et favorise la culture num\u00e9rique en comblant le foss\u00e9 entre le design, l'art et la technologie, une exp\u00e9rience \u00e0 la fois.","robots":{"index":"index","follow":"follow","max-snippet":"max-snippet:-1","max-image-preview":"max-image-preview:large","max-video-preview":"max-video-preview:-1"},"canonical":"https:\/\/genielab.co\/en\/logged-out\/","og_locale":"en_US","og_type":"article","og_title":"Logged out | GenieLab","og_description":"G\u00e9nieLab renforce l'autonomie des jeunes et favorise la culture num\u00e9rique en comblant le foss\u00e9 entre le design, l'art et la technologie, une exp\u00e9rience \u00e0 la fois.","og_url":"https:\/\/genielab.co\/en\/logged-out\/","og_site_name":"GenieLab","article_publisher":"https:\/\/www.facebook.com\/GenieLabMTL\/","article_modified_time":"2023-09-12T17:28:40+00:00","og_image":[{"url":"https:\/\/genielabco.stage.site\/wp-content\/uploads\/2021\/07\/Product-AuRevoir.svg","type":"","width":"","height":""}],"twitter_card":"summary_large_image","twitter_site":"@genielabmtl","schema":{"@context":"https:\/\/schema.org","@graph":[{"@type":"WebPage","@id":"https:\/\/genielab.co\/en\/logged-out\/","url":"https:\/\/genielab.co\/en\/logged-out\/","name":"Logged out | GenieLab","isPartOf":{"@id":"https:\/\/genielab.co\/en\/#website"},"primaryImageOfPage":{"@id":"https:\/\/genielab.co\/en\/logged-out\/#primaryimage"},"image":{"@id":"https:\/\/genielab.co\/en\/logged-out\/#primaryimage"},"thumbnailUrl":"https:\/\/genielabco.stage.site\/wp-content\/uploads\/2021\/07\/Product-AuRevoir.svg","datePublished":"2021-02-10T20:46:23+00:00","dateModified":"2023-09-12T17:28:40+00:00","description":"G\u00e9nieLab renforce l'autonomie des jeunes et favorise la culture num\u00e9rique en comblant le foss\u00e9 entre le design, l'art et la technologie, une exp\u00e9rience \u00e0 la fois.","breadcrumb":{"@id":"https:\/\/genielab.co\/en\/logged-out\/#breadcrumb"},"inLanguage":"en-US","potentialAction":[{"@type":"ReadAction","target":["https:\/\/genielab.co\/en\/logged-out\/"]}]},{"@type":"ImageObject","inLanguage":"en-US","@id":"https:\/\/genielab.co\/en\/logged-out\/#primaryimage","url":"https:\/\/genielabco.stage.site\/wp-content\/uploads\/2021\/07\/Product-AuRevoir.svg","contentUrl":"https:\/\/genielabco.stage.site\/wp-content\/uploads\/2021\/07\/Product-AuRevoir.svg"},{"@type":"BreadcrumbList","@id":"https:\/\/genielab.co\/en\/logged-out\/#breadcrumb","itemListElement":[{"@type":"ListItem","position":1,"name":"Accueil","item":"https:\/\/genielab.co\/en\/"},{"@type":"ListItem","position":2,"name":"Logged out"}]},{"@type":"WebSite","@id":"https:\/\/genielab.co\/en\/#website","url":"https:\/\/genielab.co\/en\/","name":"GenieLab","description":"Empowering Youth via Digital Literacy","publisher":{"@id":"https:\/\/genielab.co\/en\/#organization"},"potentialAction":[{"@type":"SearchAction","target":{"@type":"EntryPoint","urlTemplate":"https:\/\/genielab.co\/en\/?s={search_term_string}"},"query-input":{"@type":"PropertyValueSpecification","valueRequired":true,"valueName":"search_term_string"}}],"inLanguage":"en-US"},{"@type":"Organization","@id":"https:\/\/genielab.co\/en\/#organization","name":"G\u00e9nieLab","url":"https:\/\/genielab.co\/en\/","logo":{"@type":"ImageObject","inLanguage":"en-US","@id":"https:\/\/genielab.co\/en\/#\/schema\/logo\/image\/","url":"https:\/\/genielab.co\/wp-content\/uploads\/2021\/03\/GenielabLogo-g-NRouge-1.png","contentUrl":"https:\/\/genielab.co\/wp-content\/uploads\/2021\/03\/GenielabLogo-g-NRouge-1.png","width":197,"height":271,"caption":"G\u00e9nieLab"},"image":{"@id":"https:\/\/genielab.co\/en\/#\/schema\/logo\/image\/"},"sameAs":["https:\/\/www.facebook.com\/GenieLabMTL\/","https:\/\/x.com\/genielabmtl","https:\/\/www.instagram.com\/genielabmtl\/","https:\/\/www.linkedin.com\/company\/genielab\/","https:\/\/www.youtube.com\/@genielabmtl6100"]}]}},"_links":{"self":[{"href":"https:\/\/genielab.co\/en\/wp-json\/wp\/v2\/pages\/14624","targetHints":{"allow":["GET"]}}],"collection":[{"href":"https:\/\/genielab.co\/en\/wp-json\/wp\/v2\/pages"}],"about":[{"href":"https:\/\/genielab.co\/en\/wp-json\/wp\/v2\/types\/page"}],"author":[{"embeddable":true,"href":"https:\/\/genielab.co\/en\/wp-json\/wp\/v2\/users\/74"}],"replies":[{"embeddable":true,"href":"https:\/\/genielab.co\/en\/wp-json\/wp\/v2\/comments?post=14624"}],"version-history":[{"count":1,"href":"https:\/\/genielab.co\/en\/wp-json\/wp\/v2\/pages\/14624\/revisions"}],"predecessor-version":[{"id":35157,"href":"https:\/\/genielab.co\/en\/wp-json\/wp\/v2\/pages\/14624\/revisions\/35157"}],"wp:attachment":[{"href":"https:\/\/genielab.co\/en\/wp-json\/wp\/v2\/media?parent=14624"}],"wp:term":[{"taxonomy":"folder","embeddable":true,"href":"https:\/\/genielab.co\/en\/wp-json\/wp\/v2\/folder?post=14624"}],"curies":[{"name":"wp","href":"https:\/\/api.w.org\/{rel}","templated":true}]}}