{"id":14676,"date":"2020-07-31T11:26:25","date_gmt":"2020-07-31T15:26:25","guid":{"rendered":"https:\/\/staging.genielab.co\/?page_id=14676"},"modified":"2023-03-13T10:14:57","modified_gmt":"2023-03-13T14:14:57","slug":"my-course","status":"publish","type":"page","link":"https:\/\/genielab.co\/en\/my-course\/","title":{"rendered":"My Course"},"content":{"rendered":"\t\t<div data-elementor-type=\"wp-page\" data-elementor-id=\"14676\" class=\"elementor elementor-14676 elementor-16019\" data-elementor-settings=\"{&quot;ha_cmc_init_switcher&quot;:&quot;no&quot;}\" data-elementor-post-type=\"page\">\n\t\t\t\t\t\t<section class=\"elementor-section elementor-top-section elementor-element elementor-element-9df25ad elementor-section-boxed elementor-section-height-default elementor-section-height-default\" data-id=\"9df25ad\" data-element_type=\"section\" data-settings=\"{&quot;_ha_eqh_enable&quot;:false}\">\n\t\t\t\t\t\t<div class=\"elementor-container elementor-column-gap-default\">\n\t\t\t\t\t<div class=\"elementor-column elementor-col-100 elementor-top-column elementor-element elementor-element-0434528\" data-id=\"0434528\" data-element_type=\"column\">\n\t\t\t<div class=\"elementor-widget-wrap elementor-element-populated\">\n\t\t\t\t\t\t<div class=\"elementor-element elementor-element-b8162d6 elementor-widget elementor-widget-heading\" data-id=\"b8162d6\" data-element_type=\"widget\" data-widget_type=\"heading.default\">\n\t\t\t\t<div class=\"elementor-widget-container\">\n\t\t\t\t\t<h2 class=\"elementor-heading-title elementor-size-default\">My Courses<\/h2>\t\t\t\t<\/div>\n\t\t\t\t<\/div>\n\t\t\t\t\t<\/div>\n\t\t<\/div>\n\t\t\t\t\t<\/div>\n\t\t<\/section>\n\t\t\t\t<section class=\"elementor-section elementor-top-section elementor-element elementor-element-c929e8b elementor-section-boxed elementor-section-height-default elementor-section-height-default\" data-id=\"c929e8b\" data-element_type=\"section\" data-settings=\"{&quot;_ha_eqh_enable&quot;:false}\">\n\t\t\t\t\t\t<div class=\"elementor-container elementor-column-gap-default\">\n\t\t\t\t\t<div class=\"elementor-column elementor-col-100 elementor-top-column elementor-element elementor-element-8a5d476\" data-id=\"8a5d476\" data-element_type=\"column\">\n\t\t\t<div class=\"elementor-widget-wrap\">\n\t\t\t\t\t\t\t<\/div>\n\t\t<\/div>\n\t\t\t\t\t<\/div>\n\t\t<\/section>\n\t\t\t\t<section class=\"elementor-section elementor-top-section elementor-element elementor-element-ad557c4 elementor-section-boxed elementor-section-height-default elementor-section-height-default\" data-id=\"ad557c4\" data-element_type=\"section\" data-settings=\"{&quot;_ha_eqh_enable&quot;:false}\">\n\t\t\t\t\t\t<div class=\"elementor-container elementor-column-gap-default\">\n\t\t\t\t\t<div class=\"elementor-column elementor-col-50 elementor-top-column elementor-element elementor-element-9c24961\" data-id=\"9c24961\" data-element_type=\"column\">\n\t\t\t<div class=\"elementor-widget-wrap elementor-element-populated\">\n\t\t\t\t\t\t<div class=\"elementor-element elementor-element-8297558 elementor-widget elementor-widget-button\" data-id=\"8297558\" data-element_type=\"widget\" data-widget_type=\"button.default\">\n\t\t\t\t<div class=\"elementor-widget-container\">\n\t\t\t\t\t\t\t\t\t<div class=\"elementor-button-wrapper\">\n\t\t\t\t\t<a class=\"elementor-button elementor-size-sm\" role=\"button\">\n\t\t\t\t\t\t<span class=\"elementor-button-content-wrapper\">\n\t\t\t\t\t\t\t\t\t<span class=\"elementor-button-text\">activate a course<\/span>\n\t\t\t\t\t<\/span>\n\t\t\t\t\t<\/a>\n\t\t\t\t<\/div>\n\t\t\t\t\t\t\t\t<\/div>\n\t\t\t\t<\/div>\n\t\t\t\t\t<\/div>\n\t\t<\/div>\n\t\t\t\t<div class=\"elementor-column elementor-col-50 elementor-top-column elementor-element elementor-element-ff38942\" data-id=\"ff38942\" data-element_type=\"column\">\n\t\t\t<div class=\"elementor-widget-wrap elementor-element-populated\">\n\t\t\t\t\t\t<div class=\"elementor-element elementor-element-5131622 elementor-align-right elementor-hidden-desktop elementor-hidden-tablet elementor-hidden-mobile elementor-widget elementor-widget-button\" data-id=\"5131622\" data-element_type=\"widget\" data-widget_type=\"button.default\">\n\t\t\t\t<div class=\"elementor-widget-container\">\n\t\t\t\t\t\t\t\t\t<div class=\"elementor-button-wrapper\">\n\t\t\t\t\t<a class=\"elementor-button elementor-size-sm\" role=\"button\">\n\t\t\t\t\t\t<span class=\"elementor-button-content-wrapper\">\n\t\t\t\t\t\t\t\t\t<span class=\"elementor-button-text\">Join a group<\/span>\n\t\t\t\t\t<\/span>\n\t\t\t\t\t<\/a>\n\t\t\t\t<\/div>\n\t\t\t\t\t\t\t\t<\/div>\n\t\t\t\t<\/div>\n\t\t\t\t\t<\/div>\n\t\t<\/div>\n\t\t\t\t\t<\/div>\n\t\t<\/section>\n\t\t\t\t<\/div>\n\t\t","protected":false},"excerpt":{"rendered":"<p>My Courses activate a course Join a group<\/p>\n","protected":false},"author":74,"featured_media":0,"parent":0,"menu_order":0,"comment_status":"closed","ping_status":"closed","template":"","meta":{"footnotes":""},"folder":[180],"class_list":["post-14676","page","type-page","status-publish","hentry"],"yoast_head":"<!-- This site is optimized with the Yoast SEO plugin v26.5 - https:\/\/yoast.com\/wordpress\/plugins\/seo\/ -->\n<title>My Course | GenieLab<\/title>\n<meta name=\"description\" content=\"G\u00e9nieLab renforce l&#039;autonomie des jeunes et favorise la culture num\u00e9rique en comblant le foss\u00e9 entre le design, l&#039;art et la technologie, une exp\u00e9rience \u00e0 la fois.\" \/>\n<meta name=\"robots\" content=\"noindex, nofollow\" \/>\n<meta property=\"og:locale\" content=\"en_US\" \/>\n<meta property=\"og:type\" content=\"article\" \/>\n<meta property=\"og:title\" content=\"My Course | GenieLab\" \/>\n<meta property=\"og:description\" content=\"G\u00e9nieLab renforce l&#039;autonomie des jeunes et favorise la culture num\u00e9rique en comblant le foss\u00e9 entre le design, l&#039;art et la technologie, une exp\u00e9rience \u00e0 la fois.\" \/>\n<meta property=\"og:url\" content=\"https:\/\/genielab.co\/en\/my-course\/\" \/>\n<meta property=\"og:site_name\" content=\"GenieLab\" \/>\n<meta property=\"article:publisher\" content=\"https:\/\/www.facebook.com\/GenieLabMTL\/\" \/>\n<meta property=\"article:modified_time\" content=\"2023-03-13T14:14:57+00:00\" \/>\n<meta property=\"og:image\" content=\"https:\/\/genielab.co\/wp-content\/uploads\/2021\/03\/GenielabLogo-NRouge.png\" \/>\n\t<meta property=\"og:image:width\" content=\"500\" \/>\n\t<meta property=\"og:image:height\" content=\"143\" \/>\n\t<meta property=\"og:image:type\" content=\"image\/png\" \/>\n<meta name=\"twitter:card\" content=\"summary_large_image\" \/>\n<meta name=\"twitter:site\" content=\"@genielabmtl\" \/>\n<script type=\"application\/ld+json\" class=\"yoast-schema-graph\">{\"@context\":\"https:\/\/schema.org\",\"@graph\":[{\"@type\":\"WebPage\",\"@id\":\"https:\/\/genielab.co\/en\/my-course\/\",\"url\":\"https:\/\/genielab.co\/en\/my-course\/\",\"name\":\"My Course | GenieLab\",\"isPartOf\":{\"@id\":\"https:\/\/genielab.co\/en\/#website\"},\"datePublished\":\"2020-07-31T15:26:25+00:00\",\"dateModified\":\"2023-03-13T14:14:57+00:00\",\"description\":\"G\u00e9nieLab renforce l'autonomie des jeunes et favorise la culture num\u00e9rique en comblant le foss\u00e9 entre le design, l'art et la technologie, une exp\u00e9rience \u00e0 la fois.\",\"breadcrumb\":{\"@id\":\"https:\/\/genielab.co\/en\/my-course\/#breadcrumb\"},\"inLanguage\":\"en-US\",\"potentialAction\":[{\"@type\":\"ReadAction\",\"target\":[\"https:\/\/genielab.co\/en\/my-course\/\"]}]},{\"@type\":\"BreadcrumbList\",\"@id\":\"https:\/\/genielab.co\/en\/my-course\/#breadcrumb\",\"itemListElement\":[{\"@type\":\"ListItem\",\"position\":1,\"name\":\"Accueil\",\"item\":\"https:\/\/genielab.co\/en\/\"},{\"@type\":\"ListItem\",\"position\":2,\"name\":\"My Course\"}]},{\"@type\":\"WebSite\",\"@id\":\"https:\/\/genielab.co\/en\/#website\",\"url\":\"https:\/\/genielab.co\/en\/\",\"name\":\"GenieLab\",\"description\":\"Empowering Youth via Digital Literacy\",\"publisher\":{\"@id\":\"https:\/\/genielab.co\/en\/#organization\"},\"potentialAction\":[{\"@type\":\"SearchAction\",\"target\":{\"@type\":\"EntryPoint\",\"urlTemplate\":\"https:\/\/genielab.co\/en\/?s={search_term_string}\"},\"query-input\":{\"@type\":\"PropertyValueSpecification\",\"valueRequired\":true,\"valueName\":\"search_term_string\"}}],\"inLanguage\":\"en-US\"},{\"@type\":\"Organization\",\"@id\":\"https:\/\/genielab.co\/en\/#organization\",\"name\":\"G\u00e9nieLab\",\"url\":\"https:\/\/genielab.co\/en\/\",\"logo\":{\"@type\":\"ImageObject\",\"inLanguage\":\"en-US\",\"@id\":\"https:\/\/genielab.co\/en\/#\/schema\/logo\/image\/\",\"url\":\"https:\/\/genielab.co\/wp-content\/uploads\/2021\/03\/GenielabLogo-g-NRouge-1.png\",\"contentUrl\":\"https:\/\/genielab.co\/wp-content\/uploads\/2021\/03\/GenielabLogo-g-NRouge-1.png\",\"width\":197,\"height\":271,\"caption\":\"G\u00e9nieLab\"},\"image\":{\"@id\":\"https:\/\/genielab.co\/en\/#\/schema\/logo\/image\/\"},\"sameAs\":[\"https:\/\/www.facebook.com\/GenieLabMTL\/\",\"https:\/\/x.com\/genielabmtl\",\"https:\/\/www.instagram.com\/genielabmtl\/\",\"https:\/\/www.linkedin.com\/company\/genielab\/\",\"https:\/\/www.youtube.com\/@genielabmtl6100\"]}]}<\/script>\n<!-- \/ Yoast SEO plugin. -->","yoast_head_json":{"title":"My Course | GenieLab","description":"G\u00e9nieLab renforce l'autonomie des jeunes et favorise la culture num\u00e9rique en comblant le foss\u00e9 entre le design, l'art et la technologie, une exp\u00e9rience \u00e0 la fois.","robots":{"index":"noindex","follow":"nofollow"},"og_locale":"en_US","og_type":"article","og_title":"My Course | GenieLab","og_description":"G\u00e9nieLab renforce l'autonomie des jeunes et favorise la culture num\u00e9rique en comblant le foss\u00e9 entre le design, l'art et la technologie, une exp\u00e9rience \u00e0 la fois.","og_url":"https:\/\/genielab.co\/en\/my-course\/","og_site_name":"GenieLab","article_publisher":"https:\/\/www.facebook.com\/GenieLabMTL\/","article_modified_time":"2023-03-13T14:14:57+00:00","og_image":[{"width":500,"height":143,"url":"https:\/\/genielab.co\/wp-content\/uploads\/2021\/03\/GenielabLogo-NRouge.png","type":"image\/png"}],"twitter_card":"summary_large_image","twitter_site":"@genielabmtl","schema":{"@context":"https:\/\/schema.org","@graph":[{"@type":"WebPage","@id":"https:\/\/genielab.co\/en\/my-course\/","url":"https:\/\/genielab.co\/en\/my-course\/","name":"My Course | GenieLab","isPartOf":{"@id":"https:\/\/genielab.co\/en\/#website"},"datePublished":"2020-07-31T15:26:25+00:00","dateModified":"2023-03-13T14:14:57+00:00","description":"G\u00e9nieLab renforce l'autonomie des jeunes et favorise la culture num\u00e9rique en comblant le foss\u00e9 entre le design, l'art et la technologie, une exp\u00e9rience \u00e0 la fois.","breadcrumb":{"@id":"https:\/\/genielab.co\/en\/my-course\/#breadcrumb"},"inLanguage":"en-US","potentialAction":[{"@type":"ReadAction","target":["https:\/\/genielab.co\/en\/my-course\/"]}]},{"@type":"BreadcrumbList","@id":"https:\/\/genielab.co\/en\/my-course\/#breadcrumb","itemListElement":[{"@type":"ListItem","position":1,"name":"Accueil","item":"https:\/\/genielab.co\/en\/"},{"@type":"ListItem","position":2,"name":"My Course"}]},{"@type":"WebSite","@id":"https:\/\/genielab.co\/en\/#website","url":"https:\/\/genielab.co\/en\/","name":"GenieLab","description":"Empowering Youth via Digital Literacy","publisher":{"@id":"https:\/\/genielab.co\/en\/#organization"},"potentialAction":[{"@type":"SearchAction","target":{"@type":"EntryPoint","urlTemplate":"https:\/\/genielab.co\/en\/?s={search_term_string}"},"query-input":{"@type":"PropertyValueSpecification","valueRequired":true,"valueName":"search_term_string"}}],"inLanguage":"en-US"},{"@type":"Organization","@id":"https:\/\/genielab.co\/en\/#organization","name":"G\u00e9nieLab","url":"https:\/\/genielab.co\/en\/","logo":{"@type":"ImageObject","inLanguage":"en-US","@id":"https:\/\/genielab.co\/en\/#\/schema\/logo\/image\/","url":"https:\/\/genielab.co\/wp-content\/uploads\/2021\/03\/GenielabLogo-g-NRouge-1.png","contentUrl":"https:\/\/genielab.co\/wp-content\/uploads\/2021\/03\/GenielabLogo-g-NRouge-1.png","width":197,"height":271,"caption":"G\u00e9nieLab"},"image":{"@id":"https:\/\/genielab.co\/en\/#\/schema\/logo\/image\/"},"sameAs":["https:\/\/www.facebook.com\/GenieLabMTL\/","https:\/\/x.com\/genielabmtl","https:\/\/www.instagram.com\/genielabmtl\/","https:\/\/www.linkedin.com\/company\/genielab\/","https:\/\/www.youtube.com\/@genielabmtl6100"]}]}},"_links":{"self":[{"href":"https:\/\/genielab.co\/en\/wp-json\/wp\/v2\/pages\/14676","targetHints":{"allow":["GET"]}}],"collection":[{"href":"https:\/\/genielab.co\/en\/wp-json\/wp\/v2\/pages"}],"about":[{"href":"https:\/\/genielab.co\/en\/wp-json\/wp\/v2\/types\/page"}],"author":[{"embeddable":true,"href":"https:\/\/genielab.co\/en\/wp-json\/wp\/v2\/users\/74"}],"replies":[{"embeddable":true,"href":"https:\/\/genielab.co\/en\/wp-json\/wp\/v2\/comments?post=14676"}],"version-history":[{"count":0,"href":"https:\/\/genielab.co\/en\/wp-json\/wp\/v2\/pages\/14676\/revisions"}],"wp:attachment":[{"href":"https:\/\/genielab.co\/en\/wp-json\/wp\/v2\/media?parent=14676"}],"wp:term":[{"taxonomy":"folder","embeddable":true,"href":"https:\/\/genielab.co\/en\/wp-json\/wp\/v2\/folder?post=14676"}],"curies":[{"name":"wp","href":"https:\/\/api.w.org\/{rel}","templated":true}]}}