{"id":201,"date":"2020-06-19T12:43:23","date_gmt":"2020-06-19T16:43:23","guid":{"rendered":"https:\/\/staging.genielab.co\/?page_id=201"},"modified":"2020-11-18T15:24:28","modified_gmt":"2020-11-18T20:24:28","slug":"data-policy","status":"publish","type":"page","link":"https:\/\/genielab.co\/en\/data-policy\/","title":{"rendered":"Data Policy"},"content":{"rendered":"","protected":false},"excerpt":{"rendered":"","protected":false},"author":682,"featured_media":0,"parent":0,"menu_order":0,"comment_status":"closed","ping_status":"closed","template":"","meta":{"footnotes":""},"folder":[181],"class_list":["post-201","page","type-page","status-publish","hentry"],"yoast_head":"<!-- This site is optimized with the Yoast SEO plugin v26.5 - https:\/\/yoast.com\/wordpress\/plugins\/seo\/ -->\n<title>Data Policy | GenieLab<\/title>\n<meta name=\"description\" content=\"G\u00e9nieLab renforce l&#039;autonomie des jeunes et favorise la culture num\u00e9rique en comblant le foss\u00e9 entre le design, l&#039;art et la technologie, une exp\u00e9rience \u00e0 la fois.\" \/>\n<meta name=\"robots\" content=\"index, follow, max-snippet:-1, max-image-preview:large, max-video-preview:-1\" \/>\n<link rel=\"canonical\" href=\"https:\/\/genielab.co\/en\/data-policy\/\" \/>\n<meta property=\"og:locale\" content=\"en_US\" \/>\n<meta property=\"og:type\" content=\"article\" \/>\n<meta property=\"og:title\" content=\"Data Policy | GenieLab\" \/>\n<meta property=\"og:description\" content=\"G\u00e9nieLab renforce l&#039;autonomie des jeunes et favorise la culture num\u00e9rique en comblant le foss\u00e9 entre le design, l&#039;art et la technologie, une exp\u00e9rience \u00e0 la fois.\" \/>\n<meta property=\"og:url\" content=\"https:\/\/genielab.co\/en\/data-policy\/\" \/>\n<meta property=\"og:site_name\" content=\"GenieLab\" \/>\n<meta property=\"article:publisher\" content=\"https:\/\/www.facebook.com\/GenieLabMTL\/\" \/>\n<meta property=\"article:modified_time\" content=\"2020-11-18T20:24:28+00:00\" \/>\n<meta property=\"og:image\" content=\"https:\/\/genielab.co\/wp-content\/uploads\/2021\/03\/GenielabLogo-NRouge.png\" \/>\n\t<meta property=\"og:image:width\" content=\"500\" \/>\n\t<meta property=\"og:image:height\" content=\"143\" \/>\n\t<meta property=\"og:image:type\" content=\"image\/png\" \/>\n<meta name=\"twitter:card\" content=\"summary_large_image\" \/>\n<meta name=\"twitter:site\" content=\"@genielabmtl\" \/>\n<script type=\"application\/ld+json\" class=\"yoast-schema-graph\">{\"@context\":\"https:\/\/schema.org\",\"@graph\":[{\"@type\":\"WebPage\",\"@id\":\"https:\/\/genielab.co\/en\/data-policy\/\",\"url\":\"https:\/\/genielab.co\/en\/data-policy\/\",\"name\":\"Data Policy | GenieLab\",\"isPartOf\":{\"@id\":\"https:\/\/genielab.co\/en\/#website\"},\"datePublished\":\"2020-06-19T16:43:23+00:00\",\"dateModified\":\"2020-11-18T20:24:28+00:00\",\"description\":\"G\u00e9nieLab renforce l'autonomie des jeunes et favorise la culture num\u00e9rique en comblant le foss\u00e9 entre le design, l'art et la technologie, une exp\u00e9rience \u00e0 la fois.\",\"breadcrumb\":{\"@id\":\"https:\/\/genielab.co\/en\/data-policy\/#breadcrumb\"},\"inLanguage\":\"en-US\",\"potentialAction\":[{\"@type\":\"ReadAction\",\"target\":[\"https:\/\/genielab.co\/en\/data-policy\/\"]}]},{\"@type\":\"BreadcrumbList\",\"@id\":\"https:\/\/genielab.co\/en\/data-policy\/#breadcrumb\",\"itemListElement\":[{\"@type\":\"ListItem\",\"position\":1,\"name\":\"Accueil\",\"item\":\"https:\/\/genielab.co\/en\/\"},{\"@type\":\"ListItem\",\"position\":2,\"name\":\"Data Policy\"}]},{\"@type\":\"WebSite\",\"@id\":\"https:\/\/genielab.co\/en\/#website\",\"url\":\"https:\/\/genielab.co\/en\/\",\"name\":\"GenieLab\",\"description\":\"Empowering Youth via Digital Literacy\",\"publisher\":{\"@id\":\"https:\/\/genielab.co\/en\/#organization\"},\"potentialAction\":[{\"@type\":\"SearchAction\",\"target\":{\"@type\":\"EntryPoint\",\"urlTemplate\":\"https:\/\/genielab.co\/en\/?s={search_term_string}\"},\"query-input\":{\"@type\":\"PropertyValueSpecification\",\"valueRequired\":true,\"valueName\":\"search_term_string\"}}],\"inLanguage\":\"en-US\"},{\"@type\":\"Organization\",\"@id\":\"https:\/\/genielab.co\/en\/#organization\",\"name\":\"G\u00e9nieLab\",\"url\":\"https:\/\/genielab.co\/en\/\",\"logo\":{\"@type\":\"ImageObject\",\"inLanguage\":\"en-US\",\"@id\":\"https:\/\/genielab.co\/en\/#\/schema\/logo\/image\/\",\"url\":\"https:\/\/genielab.co\/wp-content\/uploads\/2021\/03\/GenielabLogo-g-NRouge-1.png\",\"contentUrl\":\"https:\/\/genielab.co\/wp-content\/uploads\/2021\/03\/GenielabLogo-g-NRouge-1.png\",\"width\":197,\"height\":271,\"caption\":\"G\u00e9nieLab\"},\"image\":{\"@id\":\"https:\/\/genielab.co\/en\/#\/schema\/logo\/image\/\"},\"sameAs\":[\"https:\/\/www.facebook.com\/GenieLabMTL\/\",\"https:\/\/x.com\/genielabmtl\",\"https:\/\/www.instagram.com\/genielabmtl\/\",\"https:\/\/www.linkedin.com\/company\/genielab\/\",\"https:\/\/www.youtube.com\/@genielabmtl6100\"]}]}<\/script>\n<!-- \/ Yoast SEO plugin. -->","yoast_head_json":{"title":"Data Policy | GenieLab","description":"G\u00e9nieLab renforce l'autonomie des jeunes et favorise la culture num\u00e9rique en comblant le foss\u00e9 entre le design, l'art et la technologie, une exp\u00e9rience \u00e0 la fois.","robots":{"index":"index","follow":"follow","max-snippet":"max-snippet:-1","max-image-preview":"max-image-preview:large","max-video-preview":"max-video-preview:-1"},"canonical":"https:\/\/genielab.co\/en\/data-policy\/","og_locale":"en_US","og_type":"article","og_title":"Data Policy | GenieLab","og_description":"G\u00e9nieLab renforce l'autonomie des jeunes et favorise la culture num\u00e9rique en comblant le foss\u00e9 entre le design, l'art et la technologie, une exp\u00e9rience \u00e0 la fois.","og_url":"https:\/\/genielab.co\/en\/data-policy\/","og_site_name":"GenieLab","article_publisher":"https:\/\/www.facebook.com\/GenieLabMTL\/","article_modified_time":"2020-11-18T20:24:28+00:00","og_image":[{"width":500,"height":143,"url":"https:\/\/genielab.co\/wp-content\/uploads\/2021\/03\/GenielabLogo-NRouge.png","type":"image\/png"}],"twitter_card":"summary_large_image","twitter_site":"@genielabmtl","schema":{"@context":"https:\/\/schema.org","@graph":[{"@type":"WebPage","@id":"https:\/\/genielab.co\/en\/data-policy\/","url":"https:\/\/genielab.co\/en\/data-policy\/","name":"Data Policy | GenieLab","isPartOf":{"@id":"https:\/\/genielab.co\/en\/#website"},"datePublished":"2020-06-19T16:43:23+00:00","dateModified":"2020-11-18T20:24:28+00:00","description":"G\u00e9nieLab renforce l'autonomie des jeunes et favorise la culture num\u00e9rique en comblant le foss\u00e9 entre le design, l'art et la technologie, une exp\u00e9rience \u00e0 la fois.","breadcrumb":{"@id":"https:\/\/genielab.co\/en\/data-policy\/#breadcrumb"},"inLanguage":"en-US","potentialAction":[{"@type":"ReadAction","target":["https:\/\/genielab.co\/en\/data-policy\/"]}]},{"@type":"BreadcrumbList","@id":"https:\/\/genielab.co\/en\/data-policy\/#breadcrumb","itemListElement":[{"@type":"ListItem","position":1,"name":"Accueil","item":"https:\/\/genielab.co\/en\/"},{"@type":"ListItem","position":2,"name":"Data Policy"}]},{"@type":"WebSite","@id":"https:\/\/genielab.co\/en\/#website","url":"https:\/\/genielab.co\/en\/","name":"GenieLab","description":"Empowering Youth via Digital Literacy","publisher":{"@id":"https:\/\/genielab.co\/en\/#organization"},"potentialAction":[{"@type":"SearchAction","target":{"@type":"EntryPoint","urlTemplate":"https:\/\/genielab.co\/en\/?s={search_term_string}"},"query-input":{"@type":"PropertyValueSpecification","valueRequired":true,"valueName":"search_term_string"}}],"inLanguage":"en-US"},{"@type":"Organization","@id":"https:\/\/genielab.co\/en\/#organization","name":"G\u00e9nieLab","url":"https:\/\/genielab.co\/en\/","logo":{"@type":"ImageObject","inLanguage":"en-US","@id":"https:\/\/genielab.co\/en\/#\/schema\/logo\/image\/","url":"https:\/\/genielab.co\/wp-content\/uploads\/2021\/03\/GenielabLogo-g-NRouge-1.png","contentUrl":"https:\/\/genielab.co\/wp-content\/uploads\/2021\/03\/GenielabLogo-g-NRouge-1.png","width":197,"height":271,"caption":"G\u00e9nieLab"},"image":{"@id":"https:\/\/genielab.co\/en\/#\/schema\/logo\/image\/"},"sameAs":["https:\/\/www.facebook.com\/GenieLabMTL\/","https:\/\/x.com\/genielabmtl","https:\/\/www.instagram.com\/genielabmtl\/","https:\/\/www.linkedin.com\/company\/genielab\/","https:\/\/www.youtube.com\/@genielabmtl6100"]}]}},"_links":{"self":[{"href":"https:\/\/genielab.co\/en\/wp-json\/wp\/v2\/pages\/201","targetHints":{"allow":["GET"]}}],"collection":[{"href":"https:\/\/genielab.co\/en\/wp-json\/wp\/v2\/pages"}],"about":[{"href":"https:\/\/genielab.co\/en\/wp-json\/wp\/v2\/types\/page"}],"author":[{"embeddable":true,"href":"https:\/\/genielab.co\/en\/wp-json\/wp\/v2\/users\/682"}],"replies":[{"embeddable":true,"href":"https:\/\/genielab.co\/en\/wp-json\/wp\/v2\/comments?post=201"}],"version-history":[{"count":0,"href":"https:\/\/genielab.co\/en\/wp-json\/wp\/v2\/pages\/201\/revisions"}],"wp:attachment":[{"href":"https:\/\/genielab.co\/en\/wp-json\/wp\/v2\/media?parent=201"}],"wp:term":[{"taxonomy":"folder","embeddable":true,"href":"https:\/\/genielab.co\/en\/wp-json\/wp\/v2\/folder?post=201"}],"curies":[{"name":"wp","href":"https:\/\/api.w.org\/{rel}","templated":true}]}}