{"id":12555,"date":"2020-10-13T13:51:24","date_gmt":"2020-10-13T17:51:24","guid":{"rendered":"https:\/\/staging.genielab.co\/?page_id=12555"},"modified":"2024-02-01T10:38:28","modified_gmt":"2024-02-01T15:38:28","slug":"manuels","status":"publish","type":"page","link":"https:\/\/genielab.co\/fr\/manuels\/","title":{"rendered":"Micro:bit 101 FR"},"content":{"rendered":"\t\t<div data-elementor-type=\"wp-page\" data-elementor-id=\"12555\" class=\"elementor elementor-12555 elementor-9146\" data-elementor-settings=\"{&quot;ha_cmc_init_switcher&quot;:&quot;no&quot;}\" data-elementor-post-type=\"page\">\n\t\t\t\t\t\t<section class=\"elementor-section elementor-top-section elementor-element elementor-element-bee321f elementor-section-boxed elementor-section-height-default elementor-section-height-default\" data-id=\"bee321f\" data-element_type=\"section\" data-settings=\"{&quot;_ha_eqh_enable&quot;:false}\">\n\t\t\t\t\t\t<div class=\"elementor-container elementor-column-gap-default\">\n\t\t\t\t\t<div class=\"elementor-column elementor-col-100 elementor-top-column elementor-element elementor-element-d6cb66f\" data-id=\"d6cb66f\" data-element_type=\"column\">\n\t\t\t<div class=\"elementor-widget-wrap elementor-element-populated\">\n\t\t\t\t\t\t<div class=\"elementor-element elementor-element-63ca850 elementor-widget elementor-widget-image\" data-id=\"63ca850\" data-element_type=\"widget\" data-widget_type=\"image.default\">\n\t\t\t\t<div class=\"elementor-widget-container\">\n\t\t\t\t\t\t\t\t\t\t\t\t\t\t\t<img decoding=\"async\" width=\"118\" height=\"56\" src=\"https:\/\/genielab.co\/wp-content\/uploads\/2020\/11\/microbit.png\" class=\"attachment-medium size-medium wp-image-16596\" alt=\"\" \/>\t\t\t\t\t\t\t\t\t\t\t\t\t\t\t<\/div>\n\t\t\t\t<\/div>\n\t\t\t\t<div class=\"elementor-element elementor-element-bba0ada elementor-widget elementor-widget-heading\" data-id=\"bba0ada\" data-element_type=\"widget\" data-widget_type=\"heading.default\">\n\t\t\t\t<div class=\"elementor-widget-container\">\n\t\t\t\t\t<h1 class=\"elementor-heading-title elementor-size-default\">Micro:bit 101<\/h1>\t\t\t\t<\/div>\n\t\t\t\t<\/div>\n\t\t\t\t<div class=\"elementor-element elementor-element-118583b elementor-widget elementor-widget-text-editor\" data-id=\"118583b\" data-element_type=\"widget\" data-widget_type=\"text-editor.default\">\n\t\t\t\t<div class=\"elementor-widget-container\">\n\t\t\t\t\t\t\t\t\t<p style=\"text-align: center;\">Pour plus d&#8217;informations, allez sur : <a href=\"https:\/\/microbit.org\/fr\/\" target=\"_blank\" rel=\"noopener noreferrer\">microbit.org. <\/a>La plateforme de programmation en ligne se trouve sur\u00a0<a href=\"https:\/\/makecode.microbit.org\/\" target=\"_blank\" rel=\"noopener noreferrer\">makecode.microbit.org<\/a><\/p>\t\t\t\t\t\t\t\t<\/div>\n\t\t\t\t<\/div>\n\t\t\t\t<div class=\"elementor-element elementor-element-2764df0 elementor-widget-divider--view-line elementor-widget elementor-widget-divider\" data-id=\"2764df0\" data-element_type=\"widget\" data-widget_type=\"divider.default\">\n\t\t\t\t<div class=\"elementor-widget-container\">\n\t\t\t\t\t\t\t<div class=\"elementor-divider\">\n\t\t\t<span class=\"elementor-divider-separator\">\n\t\t\t\t\t\t<\/span>\n\t\t<\/div>\n\t\t\t\t\t\t<\/div>\n\t\t\t\t<\/div>\n\t\t\t\t\t<\/div>\n\t\t<\/div>\n\t\t\t\t\t<\/div>\n\t\t<\/section>\n\t\t\t\t<section class=\"elementor-section elementor-top-section elementor-element elementor-element-2908e66 elementor-section-boxed elementor-section-height-default elementor-section-height-default\" data-id=\"2908e66\" data-element_type=\"section\" data-settings=\"{&quot;_ha_eqh_enable&quot;:false}\">\n\t\t\t\t\t\t<div class=\"elementor-container elementor-column-gap-wide\">\n\t\t\t\t\t<div class=\"elementor-column elementor-col-50 elementor-top-column elementor-element elementor-element-d24d60e\" data-id=\"d24d60e\" data-element_type=\"column\">\n\t\t\t<div class=\"elementor-widget-wrap elementor-element-populated\">\n\t\t\t\t\t\t<div class=\"elementor-element elementor-element-08c8555 elementor-widget elementor-widget-heading\" data-id=\"08c8555\" data-element_type=\"widget\" data-widget_type=\"heading.default\">\n\t\t\t\t<div class=\"elementor-widget-container\">\n\t\t\t\t\t<h2 class=\"elementor-heading-title elementor-size-default\">Qu'est-ce qu'un micro:bit?<\/h2>\t\t\t\t<\/div>\n\t\t\t\t<\/div>\n\t\t\t\t\t<\/div>\n\t\t<\/div>\n\t\t\t\t<div class=\"elementor-column elementor-col-50 elementor-top-column elementor-element elementor-element-9fd8dac\" data-id=\"9fd8dac\" data-element_type=\"column\">\n\t\t\t<div class=\"elementor-widget-wrap elementor-element-populated\">\n\t\t\t\t\t\t<div class=\"elementor-element elementor-element-143b703 elementor-widget elementor-widget-video\" data-id=\"143b703\" data-element_type=\"widget\" data-settings=\"{&quot;youtube_url&quot;:&quot;https:\\\/\\\/youtu.be\\\/gSz6x20mb8U&quot;,&quot;video_type&quot;:&quot;youtube&quot;,&quot;controls&quot;:&quot;yes&quot;}\" data-widget_type=\"video.default\">\n\t\t\t\t<div class=\"elementor-widget-container\">\n\t\t\t\t\t\t\t<div class=\"elementor-wrapper elementor-open-inline\">\n\t\t\t<div class=\"elementor-video\"><\/div>\t\t<\/div>\n\t\t\t\t\t\t<\/div>\n\t\t\t\t<\/div>\n\t\t\t\t\t<\/div>\n\t\t<\/div>\n\t\t\t\t\t<\/div>\n\t\t<\/section>\n\t\t\t\t<section class=\"elementor-section elementor-top-section elementor-element elementor-element-ea5f30e elementor-section-boxed elementor-section-height-default elementor-section-height-default\" data-id=\"ea5f30e\" data-element_type=\"section\" data-settings=\"{&quot;_ha_eqh_enable&quot;:false}\">\n\t\t\t\t\t\t<div class=\"elementor-container elementor-column-gap-wide\">\n\t\t\t\t\t<div class=\"elementor-column elementor-col-50 elementor-top-column elementor-element elementor-element-5adbdb2\" data-id=\"5adbdb2\" data-element_type=\"column\">\n\t\t\t<div class=\"elementor-widget-wrap elementor-element-populated\">\n\t\t\t\t\t\t<div class=\"elementor-element elementor-element-6a3773b elementor-widget elementor-widget-heading\" data-id=\"6a3773b\" data-element_type=\"widget\" data-widget_type=\"heading.default\">\n\t\t\t\t<div class=\"elementor-widget-container\">\n\t\t\t\t\t<h2 class=\"elementor-heading-title elementor-size-default\">Comment installer l'\u00e9tui de protection et les batteries sur un micro:bit?<\/h2>\t\t\t\t<\/div>\n\t\t\t\t<\/div>\n\t\t\t\t\t<\/div>\n\t\t<\/div>\n\t\t\t\t<div class=\"elementor-column elementor-col-50 elementor-top-column elementor-element elementor-element-f5f3867\" data-id=\"f5f3867\" data-element_type=\"column\">\n\t\t\t<div class=\"elementor-widget-wrap elementor-element-populated\">\n\t\t\t\t\t\t<div class=\"elementor-element elementor-element-c2d6412 elementor-widget elementor-widget-video\" data-id=\"c2d6412\" data-element_type=\"widget\" data-settings=\"{&quot;youtube_url&quot;:&quot;https:\\\/\\\/youtu.be\\\/0XNQWBBq9w4&quot;,&quot;video_type&quot;:&quot;youtube&quot;,&quot;controls&quot;:&quot;yes&quot;}\" data-widget_type=\"video.default\">\n\t\t\t\t<div class=\"elementor-widget-container\">\n\t\t\t\t\t\t\t<div class=\"elementor-wrapper elementor-open-inline\">\n\t\t\t<div class=\"elementor-video\"><\/div>\t\t<\/div>\n\t\t\t\t\t\t<\/div>\n\t\t\t\t<\/div>\n\t\t\t\t\t<\/div>\n\t\t<\/div>\n\t\t\t\t\t<\/div>\n\t\t<\/section>\n\t\t\t\t<section class=\"elementor-section elementor-top-section elementor-element elementor-element-6ff678a elementor-section-boxed elementor-section-height-default elementor-section-height-default\" data-id=\"6ff678a\" data-element_type=\"section\" data-settings=\"{&quot;_ha_eqh_enable&quot;:false}\">\n\t\t\t\t\t\t<div class=\"elementor-container elementor-column-gap-wide\">\n\t\t\t\t\t<div class=\"elementor-column elementor-col-50 elementor-top-column elementor-element elementor-element-0580b25\" data-id=\"0580b25\" data-element_type=\"column\">\n\t\t\t<div class=\"elementor-widget-wrap elementor-element-populated\">\n\t\t\t\t\t\t<div class=\"elementor-element elementor-element-2ea4868 elementor-widget elementor-widget-heading\" data-id=\"2ea4868\" data-element_type=\"widget\" data-widget_type=\"heading.default\">\n\t\t\t\t<div class=\"elementor-widget-container\">\n\t\t\t\t\t<h2 class=\"elementor-heading-title elementor-size-default\">Comment connecter le micro:bit \u00e0 un ordinateur?<\/h2>\t\t\t\t<\/div>\n\t\t\t\t<\/div>\n\t\t\t\t\t<\/div>\n\t\t<\/div>\n\t\t\t\t<div class=\"elementor-column elementor-col-50 elementor-top-column elementor-element elementor-element-9441e17\" data-id=\"9441e17\" data-element_type=\"column\">\n\t\t\t<div class=\"elementor-widget-wrap elementor-element-populated\">\n\t\t\t\t\t\t<div class=\"elementor-element elementor-element-925c601 elementor-widget elementor-widget-video\" data-id=\"925c601\" data-element_type=\"widget\" data-settings=\"{&quot;youtube_url&quot;:&quot;https:\\\/\\\/youtu.be\\\/JrG7jktgooY&quot;,&quot;video_type&quot;:&quot;youtube&quot;,&quot;controls&quot;:&quot;yes&quot;}\" data-widget_type=\"video.default\">\n\t\t\t\t<div class=\"elementor-widget-container\">\n\t\t\t\t\t\t\t<div class=\"elementor-wrapper elementor-open-inline\">\n\t\t\t<div class=\"elementor-video\"><\/div>\t\t<\/div>\n\t\t\t\t\t\t<\/div>\n\t\t\t\t<\/div>\n\t\t\t\t\t<\/div>\n\t\t<\/div>\n\t\t\t\t\t<\/div>\n\t\t<\/section>\n\t\t\t\t<section class=\"elementor-section elementor-top-section elementor-element elementor-element-d9fddc6 elementor-section-boxed elementor-section-height-default elementor-section-height-default\" data-id=\"d9fddc6\" data-element_type=\"section\" data-settings=\"{&quot;_ha_eqh_enable&quot;:false}\">\n\t\t\t\t\t\t<div class=\"elementor-container elementor-column-gap-wide\">\n\t\t\t\t\t<div class=\"elementor-column elementor-col-50 elementor-top-column elementor-element elementor-element-06ce56d\" data-id=\"06ce56d\" data-element_type=\"column\">\n\t\t\t<div class=\"elementor-widget-wrap elementor-element-populated\">\n\t\t\t\t\t\t<div class=\"elementor-element elementor-element-60f7277 elementor-widget elementor-widget-heading\" data-id=\"60f7277\" data-element_type=\"widget\" data-widget_type=\"heading.default\">\n\t\t\t\t<div class=\"elementor-widget-container\">\n\t\t\t\t\t<h2 class=\"elementor-heading-title elementor-size-default\">Comment t\u00e9l\u00e9charger un fichier de code sur le micro:bit?<\/h2>\t\t\t\t<\/div>\n\t\t\t\t<\/div>\n\t\t\t\t\t<\/div>\n\t\t<\/div>\n\t\t\t\t<div class=\"elementor-column elementor-col-50 elementor-top-column elementor-element elementor-element-81a2d1c\" data-id=\"81a2d1c\" data-element_type=\"column\">\n\t\t\t<div class=\"elementor-widget-wrap elementor-element-populated\">\n\t\t\t\t\t\t<div class=\"elementor-element elementor-element-7bbdc98 elementor-widget elementor-widget-video\" data-id=\"7bbdc98\" data-element_type=\"widget\" data-settings=\"{&quot;youtube_url&quot;:&quot;https:\\\/\\\/youtu.be\\\/1vKTiK8VJKE&quot;,&quot;video_type&quot;:&quot;youtube&quot;,&quot;controls&quot;:&quot;yes&quot;}\" data-widget_type=\"video.default\">\n\t\t\t\t<div class=\"elementor-widget-container\">\n\t\t\t\t\t\t\t<div class=\"elementor-wrapper elementor-open-inline\">\n\t\t\t<div class=\"elementor-video\"><\/div>\t\t<\/div>\n\t\t\t\t\t\t<\/div>\n\t\t\t\t<\/div>\n\t\t\t\t\t<\/div>\n\t\t<\/div>\n\t\t\t\t\t<\/div>\n\t\t<\/section>\n\t\t\t\t<section class=\"elementor-section elementor-top-section elementor-element elementor-element-0e69931 elementor-section-boxed elementor-section-height-default elementor-section-height-default\" data-id=\"0e69931\" data-element_type=\"section\" data-settings=\"{&quot;_ha_eqh_enable&quot;:false}\">\n\t\t\t\t\t\t<div class=\"elementor-container elementor-column-gap-wide\">\n\t\t\t\t\t<div class=\"elementor-column elementor-col-50 elementor-top-column elementor-element elementor-element-7b9d319\" data-id=\"7b9d319\" data-element_type=\"column\">\n\t\t\t<div class=\"elementor-widget-wrap elementor-element-populated\">\n\t\t\t\t\t\t<div class=\"elementor-element elementor-element-b3878f8 elementor-widget elementor-widget-heading\" data-id=\"b3878f8\" data-element_type=\"widget\" data-widget_type=\"heading.default\">\n\t\t\t\t<div class=\"elementor-widget-container\">\n\t\t\t\t\t<h2 class=\"elementor-heading-title elementor-size-default\">Comment connecter un haut-parleur pi\u00e9zo\u00e9lectrique \u00e0 un micro:bit?<\/h2>\t\t\t\t<\/div>\n\t\t\t\t<\/div>\n\t\t\t\t\t<\/div>\n\t\t<\/div>\n\t\t\t\t<div class=\"elementor-column elementor-col-50 elementor-top-column elementor-element elementor-element-d45ed23\" data-id=\"d45ed23\" data-element_type=\"column\">\n\t\t\t<div class=\"elementor-widget-wrap elementor-element-populated\">\n\t\t\t\t\t\t<div class=\"elementor-element elementor-element-e308aa6 elementor-widget elementor-widget-video\" data-id=\"e308aa6\" data-element_type=\"widget\" data-settings=\"{&quot;youtube_url&quot;:&quot;https:\\\/\\\/youtu.be\\\/rXGgCb8h69o&quot;,&quot;video_type&quot;:&quot;youtube&quot;,&quot;controls&quot;:&quot;yes&quot;}\" data-widget_type=\"video.default\">\n\t\t\t\t<div class=\"elementor-widget-container\">\n\t\t\t\t\t\t\t<div class=\"elementor-wrapper elementor-open-inline\">\n\t\t\t<div class=\"elementor-video\"><\/div>\t\t<\/div>\n\t\t\t\t\t\t<\/div>\n\t\t\t\t<\/div>\n\t\t\t\t\t<\/div>\n\t\t<\/div>\n\t\t\t\t\t<\/div>\n\t\t<\/section>\n\t\t\t\t<section class=\"elementor-section elementor-top-section elementor-element elementor-element-a72c13c elementor-section-boxed elementor-section-height-default elementor-section-height-default\" data-id=\"a72c13c\" data-element_type=\"section\" data-settings=\"{&quot;_ha_eqh_enable&quot;:false}\">\n\t\t\t\t\t\t<div class=\"elementor-container elementor-column-gap-wide\">\n\t\t\t\t\t<div class=\"elementor-column elementor-col-50 elementor-top-column elementor-element elementor-element-42d2533\" data-id=\"42d2533\" data-element_type=\"column\">\n\t\t\t<div class=\"elementor-widget-wrap elementor-element-populated\">\n\t\t\t\t\t\t<div class=\"elementor-element elementor-element-8d48d2d elementor-widget elementor-widget-heading\" data-id=\"8d48d2d\" data-element_type=\"widget\" data-widget_type=\"heading.default\">\n\t\t\t\t<div class=\"elementor-widget-container\">\n\t\t\t\t\t<h2 class=\"elementor-heading-title elementor-size-default\">Comment importer du code sur l'\u00e9diteur en ligne MakeCode micro:bit?<\/h2>\t\t\t\t<\/div>\n\t\t\t\t<\/div>\n\t\t\t\t\t<\/div>\n\t\t<\/div>\n\t\t\t\t<div class=\"elementor-column elementor-col-50 elementor-top-column elementor-element elementor-element-246063d\" data-id=\"246063d\" data-element_type=\"column\">\n\t\t\t<div class=\"elementor-widget-wrap elementor-element-populated\">\n\t\t\t\t\t\t<div class=\"elementor-element elementor-element-6b00620 elementor-widget elementor-widget-video\" data-id=\"6b00620\" data-element_type=\"widget\" data-settings=\"{&quot;youtube_url&quot;:&quot;https:\\\/\\\/youtu.be\\\/fbaD4v5ydwk&quot;,&quot;video_type&quot;:&quot;youtube&quot;,&quot;controls&quot;:&quot;yes&quot;}\" data-widget_type=\"video.default\">\n\t\t\t\t<div class=\"elementor-widget-container\">\n\t\t\t\t\t\t\t<div class=\"elementor-wrapper elementor-open-inline\">\n\t\t\t<div class=\"elementor-video\"><\/div>\t\t<\/div>\n\t\t\t\t\t\t<\/div>\n\t\t\t\t<\/div>\n\t\t\t\t\t<\/div>\n\t\t<\/div>\n\t\t\t\t\t<\/div>\n\t\t<\/section>\n\t\t\t\t<section class=\"elementor-section elementor-top-section elementor-element elementor-element-50b525b elementor-section-boxed elementor-section-height-default elementor-section-height-default\" data-id=\"50b525b\" data-element_type=\"section\" data-settings=\"{&quot;_ha_eqh_enable&quot;:false}\">\n\t\t\t\t\t\t<div class=\"elementor-container elementor-column-gap-default\">\n\t\t\t\t\t<div class=\"elementor-column elementor-col-100 elementor-top-column elementor-element elementor-element-4fa1816\" data-id=\"4fa1816\" data-element_type=\"column\">\n\t\t\t<div class=\"elementor-widget-wrap elementor-element-populated\">\n\t\t\t\t\t\t<div class=\"elementor-element elementor-element-1ff4d00 elementor-widget elementor-widget-spacer\" data-id=\"1ff4d00\" data-element_type=\"widget\" data-widget_type=\"spacer.default\">\n\t\t\t\t<div class=\"elementor-widget-container\">\n\t\t\t\t\t\t\t<div class=\"elementor-spacer\">\n\t\t\t<div class=\"elementor-spacer-inner\"><\/div>\n\t\t<\/div>\n\t\t\t\t\t\t<\/div>\n\t\t\t\t<\/div>\n\t\t\t\t\t<\/div>\n\t\t<\/div>\n\t\t\t\t\t<\/div>\n\t\t<\/section>\n\t\t\t\t<\/div>\n\t\t","protected":false},"excerpt":{"rendered":"<p>Micro:bit 101 Pour plus d&#8217;informations, allez sur : microbit.org. La plateforme de programmation en ligne se trouve sur\u00a0makecode.microbit.org Qu&#8217;est-ce qu&#8217;un micro:bit? Comment installer l&#8217;\u00e9tui de protection et les batteries sur un micro:bit? Comment connecter le micro:bit \u00e0 un ordinateur? Comment t\u00e9l\u00e9charger un fichier de code sur le micro:bit? Comment connecter un haut-parleur pi\u00e9zo\u00e9lectrique \u00e0 un [&hellip;]<\/p>\n","protected":false},"author":74,"featured_media":0,"parent":0,"menu_order":0,"comment_status":"closed","ping_status":"closed","template":"","meta":{"footnotes":""},"folder":[174],"class_list":["post-12555","page","type-page","status-publish","hentry"],"yoast_head":"<!-- This site is optimized with the Yoast SEO plugin v26.5 - https:\/\/yoast.com\/wordpress\/plugins\/seo\/ -->\n<title>Micro:bit 101 FR | GenieLab<\/title>\n<meta name=\"description\" content=\"Laissez G\u00e9nieLab vous apprendre \u00e0 coder et \u00e0 construire des choses avec l&#039;\u00e9lectronique. Nous sommes un revendeur officiel de micro:bit\" \/>\n<meta name=\"robots\" content=\"index, follow, max-snippet:-1, max-image-preview:large, max-video-preview:-1\" \/>\n<link rel=\"canonical\" href=\"https:\/\/genielab.co\/fr\/manuels\/\" \/>\n<meta property=\"og:locale\" content=\"fr_CA\" \/>\n<meta property=\"og:type\" content=\"article\" \/>\n<meta property=\"og:title\" content=\"Micro:bit 101 FR | GenieLab\" \/>\n<meta property=\"og:description\" content=\"Laissez G\u00e9nieLab vous apprendre \u00e0 coder et \u00e0 construire des choses avec l&#039;\u00e9lectronique. Nous sommes un revendeur officiel de micro:bit\" \/>\n<meta property=\"og:url\" content=\"https:\/\/genielab.co\/fr\/manuels\/\" \/>\n<meta property=\"og:site_name\" content=\"GenieLab\" \/>\n<meta property=\"article:publisher\" content=\"https:\/\/www.facebook.com\/GenieLabMTL\/\" \/>\n<meta property=\"article:modified_time\" content=\"2024-02-01T15:38:28+00:00\" \/>\n<meta property=\"og:image\" content=\"https:\/\/genielab.co\/wp-content\/uploads\/2020\/11\/microbit.png\" \/>\n<meta name=\"twitter:card\" content=\"summary_large_image\" \/>\n<meta name=\"twitter:site\" content=\"@genielabmtl\" \/>\n<script type=\"application\/ld+json\" class=\"yoast-schema-graph\">{\"@context\":\"https:\/\/schema.org\",\"@graph\":[{\"@type\":\"WebPage\",\"@id\":\"https:\/\/genielab.co\/fr\/manuels\/\",\"url\":\"https:\/\/genielab.co\/fr\/manuels\/\",\"name\":\"Micro:bit 101 FR | GenieLab\",\"isPartOf\":{\"@id\":\"https:\/\/genielab.co\/fr\/#website\"},\"primaryImageOfPage\":{\"@id\":\"https:\/\/genielab.co\/fr\/manuels\/#primaryimage\"},\"image\":{\"@id\":\"https:\/\/genielab.co\/fr\/manuels\/#primaryimage\"},\"thumbnailUrl\":\"https:\/\/genielab.co\/wp-content\/uploads\/2020\/11\/microbit.png\",\"datePublished\":\"2020-10-13T17:51:24+00:00\",\"dateModified\":\"2024-02-01T15:38:28+00:00\",\"description\":\"Laissez G\u00e9nieLab vous apprendre \u00e0 coder et \u00e0 construire des choses avec l'\u00e9lectronique. Nous sommes un revendeur officiel de micro:bit\",\"breadcrumb\":{\"@id\":\"https:\/\/genielab.co\/fr\/manuels\/#breadcrumb\"},\"inLanguage\":\"fr-CA\",\"potentialAction\":[{\"@type\":\"ReadAction\",\"target\":[\"https:\/\/genielab.co\/fr\/manuels\/\"]}]},{\"@type\":\"ImageObject\",\"inLanguage\":\"fr-CA\",\"@id\":\"https:\/\/genielab.co\/fr\/manuels\/#primaryimage\",\"url\":\"https:\/\/genielab.co\/wp-content\/uploads\/2020\/11\/microbit.png\",\"contentUrl\":\"https:\/\/genielab.co\/wp-content\/uploads\/2020\/11\/microbit.png\"},{\"@type\":\"BreadcrumbList\",\"@id\":\"https:\/\/genielab.co\/fr\/manuels\/#breadcrumb\",\"itemListElement\":[{\"@type\":\"ListItem\",\"position\":1,\"name\":\"Accueil\",\"item\":\"https:\/\/genielab.co\/fr\/\"},{\"@type\":\"ListItem\",\"position\":2,\"name\":\"Micro:bit 101 FR\"}]},{\"@type\":\"WebSite\",\"@id\":\"https:\/\/genielab.co\/fr\/#website\",\"url\":\"https:\/\/genielab.co\/fr\/\",\"name\":\"GenieLab\",\"description\":\"Propulser la cr\u00e9ativit\u00e9 technologique\",\"publisher\":{\"@id\":\"https:\/\/genielab.co\/fr\/#organization\"},\"potentialAction\":[{\"@type\":\"SearchAction\",\"target\":{\"@type\":\"EntryPoint\",\"urlTemplate\":\"https:\/\/genielab.co\/fr\/?s={search_term_string}\"},\"query-input\":{\"@type\":\"PropertyValueSpecification\",\"valueRequired\":true,\"valueName\":\"search_term_string\"}}],\"inLanguage\":\"fr-CA\"},{\"@type\":\"Organization\",\"@id\":\"https:\/\/genielab.co\/fr\/#organization\",\"name\":\"G\u00e9nieLab\",\"url\":\"https:\/\/genielab.co\/fr\/\",\"logo\":{\"@type\":\"ImageObject\",\"inLanguage\":\"fr-CA\",\"@id\":\"https:\/\/genielab.co\/fr\/#\/schema\/logo\/image\/\",\"url\":\"https:\/\/genielab.co\/wp-content\/uploads\/2021\/03\/GenielabLogo-g-NRouge-1.png\",\"contentUrl\":\"https:\/\/genielab.co\/wp-content\/uploads\/2021\/03\/GenielabLogo-g-NRouge-1.png\",\"width\":197,\"height\":271,\"caption\":\"G\u00e9nieLab\"},\"image\":{\"@id\":\"https:\/\/genielab.co\/fr\/#\/schema\/logo\/image\/\"},\"sameAs\":[\"https:\/\/www.facebook.com\/GenieLabMTL\/\",\"https:\/\/x.com\/genielabmtl\",\"https:\/\/www.instagram.com\/genielabmtl\/\",\"https:\/\/www.linkedin.com\/company\/genielab\/\",\"https:\/\/www.youtube.com\/@genielabmtl6100\"]}]}<\/script>\n<!-- \/ Yoast SEO plugin. -->","yoast_head_json":{"title":"Micro:bit 101 FR | GenieLab","description":"Laissez G\u00e9nieLab vous apprendre \u00e0 coder et \u00e0 construire des choses avec l'\u00e9lectronique. Nous sommes un revendeur officiel de micro:bit","robots":{"index":"index","follow":"follow","max-snippet":"max-snippet:-1","max-image-preview":"max-image-preview:large","max-video-preview":"max-video-preview:-1"},"canonical":"https:\/\/genielab.co\/fr\/manuels\/","og_locale":"fr_CA","og_type":"article","og_title":"Micro:bit 101 FR | GenieLab","og_description":"Laissez G\u00e9nieLab vous apprendre \u00e0 coder et \u00e0 construire des choses avec l'\u00e9lectronique. Nous sommes un revendeur officiel de micro:bit","og_url":"https:\/\/genielab.co\/fr\/manuels\/","og_site_name":"GenieLab","article_publisher":"https:\/\/www.facebook.com\/GenieLabMTL\/","article_modified_time":"2024-02-01T15:38:28+00:00","og_image":[{"url":"https:\/\/genielab.co\/wp-content\/uploads\/2020\/11\/microbit.png","type":"","width":"","height":""}],"twitter_card":"summary_large_image","twitter_site":"@genielabmtl","schema":{"@context":"https:\/\/schema.org","@graph":[{"@type":"WebPage","@id":"https:\/\/genielab.co\/fr\/manuels\/","url":"https:\/\/genielab.co\/fr\/manuels\/","name":"Micro:bit 101 FR | GenieLab","isPartOf":{"@id":"https:\/\/genielab.co\/fr\/#website"},"primaryImageOfPage":{"@id":"https:\/\/genielab.co\/fr\/manuels\/#primaryimage"},"image":{"@id":"https:\/\/genielab.co\/fr\/manuels\/#primaryimage"},"thumbnailUrl":"https:\/\/genielab.co\/wp-content\/uploads\/2020\/11\/microbit.png","datePublished":"2020-10-13T17:51:24+00:00","dateModified":"2024-02-01T15:38:28+00:00","description":"Laissez G\u00e9nieLab vous apprendre \u00e0 coder et \u00e0 construire des choses avec l'\u00e9lectronique. Nous sommes un revendeur officiel de micro:bit","breadcrumb":{"@id":"https:\/\/genielab.co\/fr\/manuels\/#breadcrumb"},"inLanguage":"fr-CA","potentialAction":[{"@type":"ReadAction","target":["https:\/\/genielab.co\/fr\/manuels\/"]}]},{"@type":"ImageObject","inLanguage":"fr-CA","@id":"https:\/\/genielab.co\/fr\/manuels\/#primaryimage","url":"https:\/\/genielab.co\/wp-content\/uploads\/2020\/11\/microbit.png","contentUrl":"https:\/\/genielab.co\/wp-content\/uploads\/2020\/11\/microbit.png"},{"@type":"BreadcrumbList","@id":"https:\/\/genielab.co\/fr\/manuels\/#breadcrumb","itemListElement":[{"@type":"ListItem","position":1,"name":"Accueil","item":"https:\/\/genielab.co\/fr\/"},{"@type":"ListItem","position":2,"name":"Micro:bit 101 FR"}]},{"@type":"WebSite","@id":"https:\/\/genielab.co\/fr\/#website","url":"https:\/\/genielab.co\/fr\/","name":"GenieLab","description":"Propulser la cr\u00e9ativit\u00e9 technologique","publisher":{"@id":"https:\/\/genielab.co\/fr\/#organization"},"potentialAction":[{"@type":"SearchAction","target":{"@type":"EntryPoint","urlTemplate":"https:\/\/genielab.co\/fr\/?s={search_term_string}"},"query-input":{"@type":"PropertyValueSpecification","valueRequired":true,"valueName":"search_term_string"}}],"inLanguage":"fr-CA"},{"@type":"Organization","@id":"https:\/\/genielab.co\/fr\/#organization","name":"G\u00e9nieLab","url":"https:\/\/genielab.co\/fr\/","logo":{"@type":"ImageObject","inLanguage":"fr-CA","@id":"https:\/\/genielab.co\/fr\/#\/schema\/logo\/image\/","url":"https:\/\/genielab.co\/wp-content\/uploads\/2021\/03\/GenielabLogo-g-NRouge-1.png","contentUrl":"https:\/\/genielab.co\/wp-content\/uploads\/2021\/03\/GenielabLogo-g-NRouge-1.png","width":197,"height":271,"caption":"G\u00e9nieLab"},"image":{"@id":"https:\/\/genielab.co\/fr\/#\/schema\/logo\/image\/"},"sameAs":["https:\/\/www.facebook.com\/GenieLabMTL\/","https:\/\/x.com\/genielabmtl","https:\/\/www.instagram.com\/genielabmtl\/","https:\/\/www.linkedin.com\/company\/genielab\/","https:\/\/www.youtube.com\/@genielabmtl6100"]}]}},"_links":{"self":[{"href":"https:\/\/genielab.co\/fr\/wp-json\/wp\/v2\/pages\/12555","targetHints":{"allow":["GET"]}}],"collection":[{"href":"https:\/\/genielab.co\/fr\/wp-json\/wp\/v2\/pages"}],"about":[{"href":"https:\/\/genielab.co\/fr\/wp-json\/wp\/v2\/types\/page"}],"author":[{"embeddable":true,"href":"https:\/\/genielab.co\/fr\/wp-json\/wp\/v2\/users\/74"}],"replies":[{"embeddable":true,"href":"https:\/\/genielab.co\/fr\/wp-json\/wp\/v2\/comments?post=12555"}],"version-history":[{"count":6,"href":"https:\/\/genielab.co\/fr\/wp-json\/wp\/v2\/pages\/12555\/revisions"}],"predecessor-version":[{"id":35528,"href":"https:\/\/genielab.co\/fr\/wp-json\/wp\/v2\/pages\/12555\/revisions\/35528"}],"wp:attachment":[{"href":"https:\/\/genielab.co\/fr\/wp-json\/wp\/v2\/media?parent=12555"}],"wp:term":[{"taxonomy":"folder","embeddable":true,"href":"https:\/\/genielab.co\/fr\/wp-json\/wp\/v2\/folder?post=12555"}],"curies":[{"name":"wp","href":"https:\/\/api.w.org\/{rel}","templated":true}]}}