{"id":12579,"date":"2020-11-23T13:44:34","date_gmt":"2020-11-23T18:44:34","guid":{"rendered":"https:\/\/staging.genielab.co\/?page_id=12579"},"modified":"2023-05-23T09:34:23","modified_gmt":"2023-05-23T13:34:23","slug":"contact","status":"publish","type":"page","link":"https:\/\/genielab.co\/fr\/contact\/","title":{"rendered":"Contact FR"},"content":{"rendered":"\t\t<div data-elementor-type=\"wp-page\" data-elementor-id=\"12579\" class=\"elementor elementor-12579 elementor-11674\" data-elementor-settings=\"{&quot;ha_cmc_init_switcher&quot;:&quot;no&quot;}\" data-elementor-post-type=\"page\">\n\t\t\t\t\t\t<section class=\"elementor-section elementor-top-section elementor-element elementor-element-57f043e elementor-section-boxed elementor-section-height-default elementor-section-height-default\" data-id=\"57f043e\" data-element_type=\"section\" data-settings=\"{&quot;_ha_eqh_enable&quot;:false}\">\n\t\t\t\t\t\t<div class=\"elementor-container elementor-column-gap-default\">\n\t\t\t\t\t<div class=\"elementor-column elementor-col-100 elementor-top-column elementor-element elementor-element-92dc72a\" data-id=\"92dc72a\" data-element_type=\"column\">\n\t\t\t<div class=\"elementor-widget-wrap elementor-element-populated\">\n\t\t\t\t\t\t<div class=\"elementor-element elementor-element-d3d25c2 elementor-widget elementor-widget-heading\" data-id=\"d3d25c2\" data-element_type=\"widget\" data-widget_type=\"heading.default\">\n\t\t\t\t<div class=\"elementor-widget-container\">\n\t\t\t\t\t<h1 class=\"elementor-heading-title elementor-size-default\">Contactez-nous<\/h1>\t\t\t\t<\/div>\n\t\t\t\t<\/div>\n\t\t\t\t<div class=\"elementor-element elementor-element-6acdbaa elementor-widget elementor-widget-text-editor\" data-id=\"6acdbaa\" data-element_type=\"widget\" data-widget_type=\"text-editor.default\">\n\t\t\t\t<div class=\"elementor-widget-container\">\n\t\t\t\t\t\t\t\t\t<p>Ravi de vous voir ici.<br \/>En tant qu&#8217;organisation \u00e0 but non lucratif, nous travaillons fort pour aider notre communaut\u00e9. Envoyez-nous vos questions et nous vous r\u00e9pondrons sous peu.<\/p>\t\t\t\t\t\t\t\t<\/div>\n\t\t\t\t<\/div>\n\t\t\t\t<div class=\"elementor-element elementor-element-78ae0d7 elementor-widget elementor-widget-text-editor\" data-id=\"78ae0d7\" data-element_type=\"widget\" data-widget_type=\"text-editor.default\">\n\t\t\t\t<div class=\"elementor-widget-container\">\n\t\t\t\t\t\t\t\t\t&nbsp;\n\n&nbsp;\n\n&nbsp;\n\n&nbsp;\n\n<!--<script src=\"https:\/\/www.gstatic.com\/dialogflow-console\/fast\/messenger\/bootstrap.js?v=1\">\n<\/script>-->\n\n&nbsp;\n\n&nbsp;\t\t\t\t\t\t\t\t<\/div>\n\t\t\t\t<\/div>\n\t\t\t\t\t<\/div>\n\t\t<\/div>\n\t\t\t\t\t<\/div>\n\t\t<\/section>\n\t\t\t\t<section class=\"elementor-section elementor-top-section elementor-element elementor-element-8712347 elementor-section-boxed elementor-section-height-default elementor-section-height-default\" data-id=\"8712347\" data-element_type=\"section\" data-settings=\"{&quot;_ha_eqh_enable&quot;:false}\">\n\t\t\t\t\t\t<div class=\"elementor-container elementor-column-gap-default\">\n\t\t\t\t\t<div class=\"elementor-column elementor-col-50 elementor-top-column elementor-element elementor-element-a42f8ac\" data-id=\"a42f8ac\" data-element_type=\"column\">\n\t\t\t<div class=\"elementor-widget-wrap elementor-element-populated\">\n\t\t\t\t\t\t<div class=\"elementor-element elementor-element-6d60ac8 elementor-cta--skin-cover elementor-widget elementor-widget-call-to-action\" data-id=\"6d60ac8\" data-element_type=\"widget\" data-widget_type=\"call-to-action.default\">\n\t\t\t\t<div class=\"elementor-widget-container\">\n\t\t\t\t\t\t\t<div class=\"elementor-cta\">\n\t\t\t\t\t<div class=\"elementor-cta__bg-wrapper\">\n\t\t\t\t<div class=\"elementor-cta__bg elementor-bg\" style=\"background-image: url(https:\/\/genielab.co\/wp-content\/uploads\/2020\/11\/contact-wally-1024x256.png);\" role=\"img\" aria-label=\"contact-wally\"><\/div>\n\t\t\t\t<div class=\"elementor-cta__bg-overlay\"><\/div>\n\t\t\t<\/div>\n\t\t\t\t\t\t\t<div class=\"elementor-cta__content\">\n\t\t\t\t\n\t\t\t\t\t\t\t\t\t<h2 class=\"elementor-cta__title elementor-cta__content-item elementor-content-item\">\n\t\t\t\t\t\tProduits\t\t\t\t\t<\/h2>\n\t\t\t\t\n\t\t\t\t\t\t\t\t\t<div class=\"elementor-cta__description elementor-cta__content-item elementor-content-item\">\n\t\t\t\t\t\tJ'aimerais me procurer une trousse d'apprentissage\t\t\t\t\t<\/div>\n\t\t\t\t\n\t\t\t\t\t\t\t<\/div>\n\t\t\t\t\t\t\t<div class=\"elementor-ribbon elementor-ribbon-left\">\n\t\t\t\t<div class=\"elementor-ribbon-inner\">\n\t\t\t\t\tHot!\t\t\t\t<\/div>\n\t\t\t<\/div>\n\t\t\t\t<\/div>\n\t\t\t\t\t\t<\/div>\n\t\t\t\t<\/div>\n\t\t\t\t<div class=\"elementor-element elementor-element-4470859 elementor-cta--skin-cover elementor-widget elementor-widget-call-to-action\" data-id=\"4470859\" data-element_type=\"widget\" data-widget_type=\"call-to-action.default\">\n\t\t\t\t<div class=\"elementor-widget-container\">\n\t\t\t\t\t\t\t<a class=\"elementor-cta\" href=\"#elementor-action%3Aaction%3Dpopup%3Aopen%26settings%3DeyJpZCI6MTI2NDgsInRvZ2dsZSI6ZmFsc2V9\">\n\t\t\t\t\t<div class=\"elementor-cta__bg-wrapper\">\n\t\t\t\t<div class=\"elementor-cta__bg elementor-bg\" style=\"background-image: url(https:\/\/genielab.co\/wp-content\/uploads\/2020\/11\/contact-service-1024x256.png);\" role=\"img\" aria-label=\"contact-service\"><\/div>\n\t\t\t\t<div class=\"elementor-cta__bg-overlay\"><\/div>\n\t\t\t<\/div>\n\t\t\t\t\t\t\t<div class=\"elementor-cta__content\">\n\t\t\t\t\n\t\t\t\t\t\t\t\t\t<h2 class=\"elementor-cta__title elementor-cta__content-item elementor-content-item\">\n\t\t\t\t\t\tServices\t\t\t\t\t<\/h2>\n\t\t\t\t\n\t\t\t\t\t\t\t\t\t<div class=\"elementor-cta__description elementor-cta__content-item elementor-content-item\">\n\t\t\t\t\t\tJ'aimerais en apprendre d'avantage au sujet de votre offre de service\t\t\t\t\t<\/div>\n\t\t\t\t\n\t\t\t\t\t\t\t<\/div>\n\t\t\t\t\t\t<\/a>\n\t\t\t\t\t\t<\/div>\n\t\t\t\t<\/div>\n\t\t\t\t\t<\/div>\n\t\t<\/div>\n\t\t\t\t<div class=\"elementor-column elementor-col-50 elementor-top-column elementor-element elementor-element-47597d5\" data-id=\"47597d5\" data-element_type=\"column\">\n\t\t\t<div class=\"elementor-widget-wrap elementor-element-populated\">\n\t\t\t\t\t\t<div class=\"elementor-element elementor-element-db85a71 elementor-cta--skin-cover elementor-widget elementor-widget-call-to-action\" data-id=\"db85a71\" data-element_type=\"widget\" data-widget_type=\"call-to-action.default\">\n\t\t\t\t<div class=\"elementor-widget-container\">\n\t\t\t\t\t\t\t<div class=\"elementor-cta\">\n\t\t\t\t\t<div class=\"elementor-cta__bg-wrapper\">\n\t\t\t\t<div class=\"elementor-cta__bg elementor-bg\" style=\"background-image: url(https:\/\/genielab.co\/wp-content\/uploads\/2020\/11\/contact-workshop-1024x256.png);\" role=\"img\" aria-label=\"contact-workshop\"><\/div>\n\t\t\t\t<div class=\"elementor-cta__bg-overlay\"><\/div>\n\t\t\t<\/div>\n\t\t\t\t\t\t\t<div class=\"elementor-cta__content\">\n\t\t\t\t\n\t\t\t\t\t\t\t\t\t<h2 class=\"elementor-cta__title elementor-cta__content-item elementor-content-item\">\n\t\t\t\t\t\tAteliers\t\t\t\t\t<\/h2>\n\t\t\t\t\n\t\t\t\t\t\t\t\t\t<div class=\"elementor-cta__description elementor-cta__content-item elementor-content-item\">\n\t\t\t\t\t\tJe suis int\u00e9ress\u00e9 par les ateliers\t\t\t\t\t<\/div>\n\t\t\t\t\n\t\t\t\t\t\t\t<\/div>\n\t\t\t\t\t\t<\/div>\n\t\t\t\t\t\t<\/div>\n\t\t\t\t<\/div>\n\t\t\t\t<div class=\"elementor-element elementor-element-8801e8b elementor-cta--skin-cover elementor-widget elementor-widget-call-to-action\" data-id=\"8801e8b\" data-element_type=\"widget\" data-widget_type=\"call-to-action.default\">\n\t\t\t\t<div class=\"elementor-widget-container\">\n\t\t\t\t\t\t\t<a class=\"elementor-cta\" href=\"#elementor-action%3Aaction%3Dpopup%3Aopen%26settings%3DeyJpZCI6MTMyOTQsInRvZ2dsZSI6ZmFsc2V9\">\n\t\t\t\t\t<div class=\"elementor-cta__bg-wrapper\">\n\t\t\t\t<div class=\"elementor-cta__bg elementor-bg\" style=\"background-image: url(https:\/\/genielab.co\/wp-content\/uploads\/2020\/11\/contact-cal-1024x256.png);\" role=\"img\" aria-label=\"contact-cal\"><\/div>\n\t\t\t\t<div class=\"elementor-cta__bg-overlay\"><\/div>\n\t\t\t<\/div>\n\t\t\t\t\t\t\t<div class=\"elementor-cta__content\">\n\t\t\t\t\n\t\t\t\t\t\t\t\t\t<h2 class=\"elementor-cta__title elementor-cta__content-item elementor-content-item\">\n\t\t\t\t\t\tCalendrier\t\t\t\t\t<\/h2>\n\t\t\t\t\n\t\t\t\t\t\t\t\t\t<div class=\"elementor-cta__description elementor-cta__content-item elementor-content-item\">\n\t\t\t\t\t\tD\u00e9couvrez les \u00e9v\u00e9nements \u00e0 venir\t\t\t\t\t<\/div>\n\t\t\t\t\n\t\t\t\t\t\t\t<\/div>\n\t\t\t\t\t\t<\/a>\n\t\t\t\t\t\t<\/div>\n\t\t\t\t<\/div>\n\t\t\t\t\t<\/div>\n\t\t<\/div>\n\t\t\t\t\t<\/div>\n\t\t<\/section>\n\t\t\t\t<section class=\"elementor-section elementor-top-section elementor-element elementor-element-cb79601 elementor-section-boxed elementor-section-height-default elementor-section-height-default\" data-id=\"cb79601\" data-element_type=\"section\" data-settings=\"{&quot;_ha_eqh_enable&quot;:false}\">\n\t\t\t\t\t\t<div class=\"elementor-container elementor-column-gap-default\">\n\t\t\t\t\t<div class=\"elementor-column elementor-col-100 elementor-top-column elementor-element elementor-element-4f8de12\" data-id=\"4f8de12\" data-element_type=\"column\">\n\t\t\t<div class=\"elementor-widget-wrap elementor-element-populated\">\n\t\t\t\t\t\t<div class=\"elementor-element elementor-element-2295854 elementor-widget elementor-widget-heading\" data-id=\"2295854\" data-element_type=\"widget\" data-widget_type=\"heading.default\">\n\t\t\t\t<div class=\"elementor-widget-container\">\n\t\t\t\t\t<h2 class=\"elementor-heading-title elementor-size-default\">Informations g\u00e9n\u00e9rales<\/h2>\t\t\t\t<\/div>\n\t\t\t\t<\/div>\n\t\t\t\t<div class=\"elementor-element elementor-element-c22641a elementor-widget elementor-widget-text-editor\" data-id=\"c22641a\" data-element_type=\"widget\" data-widget_type=\"text-editor.default\">\n\t\t\t\t<div class=\"elementor-widget-container\">\n\t\t\t\t\t\t\t\t\t<p>Si vous avez des questions ou pour toute autre demande d&#8217;information suppl\u00e9mentaire, n\u2019h\u00e9sitez pas \u00e0 nous contacter.<\/p>\t\t\t\t\t\t\t\t<\/div>\n\t\t\t\t<\/div>\n\t\t\t\t<div class=\"elementor-element elementor-element-eba70a9 elementor-widget elementor-widget-shortcode\" data-id=\"eba70a9\" data-element_type=\"widget\" data-widget_type=\"shortcode.default\">\n\t\t\t\t<div class=\"elementor-widget-container\">\n\t\t\t\t\t\t\t<div class=\"elementor-shortcode\">[hubspot type=form portal=6972526 id=da2df899-47a1-4cb5-aa40-039f26107ff9]<\/div>\n\t\t\t\t\t\t<\/div>\n\t\t\t\t<\/div>\n\t\t\t\t\t<\/div>\n\t\t<\/div>\n\t\t\t\t\t<\/div>\n\t\t<\/section>\n\t\t\t\t<section class=\"elementor-section elementor-top-section elementor-element elementor-element-52bf61b elementor-section-boxed elementor-section-height-default elementor-section-height-default\" data-id=\"52bf61b\" data-element_type=\"section\" data-settings=\"{&quot;_ha_eqh_enable&quot;:false}\">\n\t\t\t\t\t\t<div class=\"elementor-container elementor-column-gap-default\">\n\t\t\t\t\t<div class=\"elementor-column elementor-col-100 elementor-top-column elementor-element elementor-element-5102a52\" data-id=\"5102a52\" data-element_type=\"column\">\n\t\t\t<div class=\"elementor-widget-wrap elementor-element-populated\">\n\t\t\t\t\t\t<div class=\"elementor-element elementor-element-aa5406b elementor-widget elementor-widget-spacer\" data-id=\"aa5406b\" data-element_type=\"widget\" data-widget_type=\"spacer.default\">\n\t\t\t\t<div class=\"elementor-widget-container\">\n\t\t\t\t\t\t\t<div class=\"elementor-spacer\">\n\t\t\t<div class=\"elementor-spacer-inner\"><\/div>\n\t\t<\/div>\n\t\t\t\t\t\t<\/div>\n\t\t\t\t<\/div>\n\t\t\t\t\t<\/div>\n\t\t<\/div>\n\t\t\t\t\t<\/div>\n\t\t<\/section>\n\t\t\t\t<\/div>\n\t\t","protected":false},"excerpt":{"rendered":"<p>Contactez-nous Ravi de vous voir ici.En tant qu&#8217;organisation \u00e0 but non lucratif, nous travaillons fort pour aider notre communaut\u00e9. Envoyez-nous vos questions et nous vous r\u00e9pondrons sous peu. &nbsp; &nbsp; &nbsp; &nbsp; &nbsp; &nbsp; Produits J&#8217;aimerais me procurer une trousse d&#8217;apprentissage Hot! Services J&#8217;aimerais en apprendre d&#8217;avantage au sujet de votre offre de service Ateliers [&hellip;]<\/p>\n","protected":false},"author":74,"featured_media":0,"parent":0,"menu_order":0,"comment_status":"closed","ping_status":"closed","template":"","meta":{"footnotes":""},"folder":[174],"class_list":["post-12579","page","type-page","status-publish","hentry"],"yoast_head":"<!-- This site is optimized with the Yoast SEO plugin v26.5 - https:\/\/yoast.com\/wordpress\/plugins\/seo\/ -->\n<title>Contact FR | GenieLab<\/title>\n<meta name=\"description\" content=\"En tant qu\u2019organisation \u00e0 but non lucratif, nous travaillons fort pour aider notre communaut\u00e9. Envoyez-nous vos questions et nous vous r\u00e9pondrons sous peu.\" \/>\n<meta name=\"robots\" content=\"index, follow, max-snippet:-1, max-image-preview:large, max-video-preview:-1\" \/>\n<link rel=\"canonical\" href=\"https:\/\/genielab.co\/fr\/contact\/\" \/>\n<meta property=\"og:locale\" content=\"fr_CA\" \/>\n<meta property=\"og:type\" content=\"article\" \/>\n<meta property=\"og:title\" content=\"Contact FR | GenieLab\" \/>\n<meta property=\"og:description\" content=\"En tant qu\u2019organisation \u00e0 but non lucratif, nous travaillons fort pour aider notre communaut\u00e9. Envoyez-nous vos questions et nous vous r\u00e9pondrons sous peu.\" \/>\n<meta property=\"og:url\" content=\"https:\/\/genielab.co\/fr\/contact\/\" \/>\n<meta property=\"og:site_name\" content=\"GenieLab\" \/>\n<meta property=\"article:publisher\" content=\"https:\/\/www.facebook.com\/GenieLabMTL\/\" \/>\n<meta property=\"article:modified_time\" content=\"2023-05-23T13:34:23+00:00\" \/>\n<meta property=\"og:image\" content=\"https:\/\/genielab.co\/wp-content\/uploads\/2021\/03\/GenielabLogo-NRouge.png\" \/>\n\t<meta property=\"og:image:width\" content=\"500\" \/>\n\t<meta property=\"og:image:height\" content=\"143\" \/>\n\t<meta property=\"og:image:type\" content=\"image\/png\" \/>\n<meta name=\"twitter:card\" content=\"summary_large_image\" \/>\n<meta name=\"twitter:site\" content=\"@genielabmtl\" \/>\n<script type=\"application\/ld+json\" class=\"yoast-schema-graph\">{\"@context\":\"https:\/\/schema.org\",\"@graph\":[{\"@type\":\"Article\",\"@id\":\"https:\/\/genielab.co\/fr\/contact\/#article\",\"isPartOf\":{\"@id\":\"https:\/\/genielab.co\/fr\/contact\/\"},\"author\":{\"name\":\"Chiali\",\"@id\":\"https:\/\/genielab.co\/fr\/#\/schema\/person\/9553ad1e87857b27e244fe388b24dd86\"},\"headline\":\"Contact FR\",\"datePublished\":\"2020-11-23T18:44:34+00:00\",\"dateModified\":\"2023-05-23T13:34:23+00:00\",\"mainEntityOfPage\":{\"@id\":\"https:\/\/genielab.co\/fr\/contact\/\"},\"wordCount\":116,\"publisher\":{\"@id\":\"https:\/\/genielab.co\/fr\/#organization\"},\"inLanguage\":\"fr-CA\"},{\"@type\":[\"WebPage\",\"ContactPage\"],\"@id\":\"https:\/\/genielab.co\/fr\/contact\/\",\"url\":\"https:\/\/genielab.co\/fr\/contact\/\",\"name\":\"Contact FR | GenieLab\",\"isPartOf\":{\"@id\":\"https:\/\/genielab.co\/fr\/#website\"},\"datePublished\":\"2020-11-23T18:44:34+00:00\",\"dateModified\":\"2023-05-23T13:34:23+00:00\",\"description\":\"En tant qu\u2019organisation \u00e0 but non lucratif, nous travaillons fort pour aider notre communaut\u00e9. Envoyez-nous vos questions et nous vous r\u00e9pondrons sous peu.\",\"breadcrumb\":{\"@id\":\"https:\/\/genielab.co\/fr\/contact\/#breadcrumb\"},\"inLanguage\":\"fr-CA\",\"potentialAction\":[{\"@type\":\"ReadAction\",\"target\":[\"https:\/\/genielab.co\/fr\/contact\/\"]}]},{\"@type\":\"BreadcrumbList\",\"@id\":\"https:\/\/genielab.co\/fr\/contact\/#breadcrumb\",\"itemListElement\":[{\"@type\":\"ListItem\",\"position\":1,\"name\":\"Accueil\",\"item\":\"https:\/\/genielab.co\/fr\/\"},{\"@type\":\"ListItem\",\"position\":2,\"name\":\"Contact FR\"}]},{\"@type\":\"WebSite\",\"@id\":\"https:\/\/genielab.co\/fr\/#website\",\"url\":\"https:\/\/genielab.co\/fr\/\",\"name\":\"GenieLab\",\"description\":\"Propulser la cr\u00e9ativit\u00e9 technologique\",\"publisher\":{\"@id\":\"https:\/\/genielab.co\/fr\/#organization\"},\"potentialAction\":[{\"@type\":\"SearchAction\",\"target\":{\"@type\":\"EntryPoint\",\"urlTemplate\":\"https:\/\/genielab.co\/fr\/?s={search_term_string}\"},\"query-input\":{\"@type\":\"PropertyValueSpecification\",\"valueRequired\":true,\"valueName\":\"search_term_string\"}}],\"inLanguage\":\"fr-CA\"},{\"@type\":\"Organization\",\"@id\":\"https:\/\/genielab.co\/fr\/#organization\",\"name\":\"G\u00e9nieLab\",\"url\":\"https:\/\/genielab.co\/fr\/\",\"logo\":{\"@type\":\"ImageObject\",\"inLanguage\":\"fr-CA\",\"@id\":\"https:\/\/genielab.co\/fr\/#\/schema\/logo\/image\/\",\"url\":\"https:\/\/genielab.co\/wp-content\/uploads\/2021\/03\/GenielabLogo-g-NRouge-1.png\",\"contentUrl\":\"https:\/\/genielab.co\/wp-content\/uploads\/2021\/03\/GenielabLogo-g-NRouge-1.png\",\"width\":197,\"height\":271,\"caption\":\"G\u00e9nieLab\"},\"image\":{\"@id\":\"https:\/\/genielab.co\/fr\/#\/schema\/logo\/image\/\"},\"sameAs\":[\"https:\/\/www.facebook.com\/GenieLabMTL\/\",\"https:\/\/x.com\/genielabmtl\",\"https:\/\/www.instagram.com\/genielabmtl\/\",\"https:\/\/www.linkedin.com\/company\/genielab\/\",\"https:\/\/www.youtube.com\/@genielabmtl6100\"]},{\"@type\":\"Person\",\"@id\":\"https:\/\/genielab.co\/fr\/#\/schema\/person\/9553ad1e87857b27e244fe388b24dd86\",\"name\":\"Chiali\",\"image\":{\"@type\":\"ImageObject\",\"inLanguage\":\"fr-CA\",\"@id\":\"https:\/\/genielab.co\/fr\/#\/schema\/person\/image\/\",\"url\":\"https:\/\/secure.gravatar.com\/avatar\/ea5a0f8c1086adf402de0da3744d0b8b20cc9d0bc83aaac62b0b0231b8770add?s=96&d=mm&r=g\",\"contentUrl\":\"https:\/\/secure.gravatar.com\/avatar\/ea5a0f8c1086adf402de0da3744d0b8b20cc9d0bc83aaac62b0b0231b8770add?s=96&d=mm&r=g\",\"caption\":\"Chiali\"},\"url\":\"https:\/\/genielab.co\/fr\/author\/chiali\/\"}]}<\/script>\n<!-- \/ Yoast SEO plugin. -->","yoast_head_json":{"title":"Contact FR | GenieLab","description":"En tant qu\u2019organisation \u00e0 but non lucratif, nous travaillons fort pour aider notre communaut\u00e9. Envoyez-nous vos questions et nous vous r\u00e9pondrons sous peu.","robots":{"index":"index","follow":"follow","max-snippet":"max-snippet:-1","max-image-preview":"max-image-preview:large","max-video-preview":"max-video-preview:-1"},"canonical":"https:\/\/genielab.co\/fr\/contact\/","og_locale":"fr_CA","og_type":"article","og_title":"Contact FR | GenieLab","og_description":"En tant qu\u2019organisation \u00e0 but non lucratif, nous travaillons fort pour aider notre communaut\u00e9. Envoyez-nous vos questions et nous vous r\u00e9pondrons sous peu.","og_url":"https:\/\/genielab.co\/fr\/contact\/","og_site_name":"GenieLab","article_publisher":"https:\/\/www.facebook.com\/GenieLabMTL\/","article_modified_time":"2023-05-23T13:34:23+00:00","og_image":[{"width":500,"height":143,"url":"https:\/\/genielab.co\/wp-content\/uploads\/2021\/03\/GenielabLogo-NRouge.png","type":"image\/png"}],"twitter_card":"summary_large_image","twitter_site":"@genielabmtl","schema":{"@context":"https:\/\/schema.org","@graph":[{"@type":"Article","@id":"https:\/\/genielab.co\/fr\/contact\/#article","isPartOf":{"@id":"https:\/\/genielab.co\/fr\/contact\/"},"author":{"name":"Chiali","@id":"https:\/\/genielab.co\/fr\/#\/schema\/person\/9553ad1e87857b27e244fe388b24dd86"},"headline":"Contact FR","datePublished":"2020-11-23T18:44:34+00:00","dateModified":"2023-05-23T13:34:23+00:00","mainEntityOfPage":{"@id":"https:\/\/genielab.co\/fr\/contact\/"},"wordCount":116,"publisher":{"@id":"https:\/\/genielab.co\/fr\/#organization"},"inLanguage":"fr-CA"},{"@type":["WebPage","ContactPage"],"@id":"https:\/\/genielab.co\/fr\/contact\/","url":"https:\/\/genielab.co\/fr\/contact\/","name":"Contact FR | GenieLab","isPartOf":{"@id":"https:\/\/genielab.co\/fr\/#website"},"datePublished":"2020-11-23T18:44:34+00:00","dateModified":"2023-05-23T13:34:23+00:00","description":"En tant qu\u2019organisation \u00e0 but non lucratif, nous travaillons fort pour aider notre communaut\u00e9. Envoyez-nous vos questions et nous vous r\u00e9pondrons sous peu.","breadcrumb":{"@id":"https:\/\/genielab.co\/fr\/contact\/#breadcrumb"},"inLanguage":"fr-CA","potentialAction":[{"@type":"ReadAction","target":["https:\/\/genielab.co\/fr\/contact\/"]}]},{"@type":"BreadcrumbList","@id":"https:\/\/genielab.co\/fr\/contact\/#breadcrumb","itemListElement":[{"@type":"ListItem","position":1,"name":"Accueil","item":"https:\/\/genielab.co\/fr\/"},{"@type":"ListItem","position":2,"name":"Contact FR"}]},{"@type":"WebSite","@id":"https:\/\/genielab.co\/fr\/#website","url":"https:\/\/genielab.co\/fr\/","name":"GenieLab","description":"Propulser la cr\u00e9ativit\u00e9 technologique","publisher":{"@id":"https:\/\/genielab.co\/fr\/#organization"},"potentialAction":[{"@type":"SearchAction","target":{"@type":"EntryPoint","urlTemplate":"https:\/\/genielab.co\/fr\/?s={search_term_string}"},"query-input":{"@type":"PropertyValueSpecification","valueRequired":true,"valueName":"search_term_string"}}],"inLanguage":"fr-CA"},{"@type":"Organization","@id":"https:\/\/genielab.co\/fr\/#organization","name":"G\u00e9nieLab","url":"https:\/\/genielab.co\/fr\/","logo":{"@type":"ImageObject","inLanguage":"fr-CA","@id":"https:\/\/genielab.co\/fr\/#\/schema\/logo\/image\/","url":"https:\/\/genielab.co\/wp-content\/uploads\/2021\/03\/GenielabLogo-g-NRouge-1.png","contentUrl":"https:\/\/genielab.co\/wp-content\/uploads\/2021\/03\/GenielabLogo-g-NRouge-1.png","width":197,"height":271,"caption":"G\u00e9nieLab"},"image":{"@id":"https:\/\/genielab.co\/fr\/#\/schema\/logo\/image\/"},"sameAs":["https:\/\/www.facebook.com\/GenieLabMTL\/","https:\/\/x.com\/genielabmtl","https:\/\/www.instagram.com\/genielabmtl\/","https:\/\/www.linkedin.com\/company\/genielab\/","https:\/\/www.youtube.com\/@genielabmtl6100"]},{"@type":"Person","@id":"https:\/\/genielab.co\/fr\/#\/schema\/person\/9553ad1e87857b27e244fe388b24dd86","name":"Chiali","image":{"@type":"ImageObject","inLanguage":"fr-CA","@id":"https:\/\/genielab.co\/fr\/#\/schema\/person\/image\/","url":"https:\/\/secure.gravatar.com\/avatar\/ea5a0f8c1086adf402de0da3744d0b8b20cc9d0bc83aaac62b0b0231b8770add?s=96&d=mm&r=g","contentUrl":"https:\/\/secure.gravatar.com\/avatar\/ea5a0f8c1086adf402de0da3744d0b8b20cc9d0bc83aaac62b0b0231b8770add?s=96&d=mm&r=g","caption":"Chiali"},"url":"https:\/\/genielab.co\/fr\/author\/chiali\/"}]}},"_links":{"self":[{"href":"https:\/\/genielab.co\/fr\/wp-json\/wp\/v2\/pages\/12579","targetHints":{"allow":["GET"]}}],"collection":[{"href":"https:\/\/genielab.co\/fr\/wp-json\/wp\/v2\/pages"}],"about":[{"href":"https:\/\/genielab.co\/fr\/wp-json\/wp\/v2\/types\/page"}],"author":[{"embeddable":true,"href":"https:\/\/genielab.co\/fr\/wp-json\/wp\/v2\/users\/74"}],"replies":[{"embeddable":true,"href":"https:\/\/genielab.co\/fr\/wp-json\/wp\/v2\/comments?post=12579"}],"version-history":[{"count":0,"href":"https:\/\/genielab.co\/fr\/wp-json\/wp\/v2\/pages\/12579\/revisions"}],"wp:attachment":[{"href":"https:\/\/genielab.co\/fr\/wp-json\/wp\/v2\/media?parent=12579"}],"wp:term":[{"taxonomy":"folder","embeddable":true,"href":"https:\/\/genielab.co\/fr\/wp-json\/wp\/v2\/folder?post=12579"}],"curies":[{"name":"wp","href":"https:\/\/api.w.org\/{rel}","templated":true}]}}