{"id":13764,"date":"2020-12-14T14:24:55","date_gmt":"2020-12-14T19:24:55","guid":{"rendered":"https:\/\/staging.genielab.co\/?page_id=13764"},"modified":"2023-01-31T15:59:20","modified_gmt":"2023-01-31T20:59:20","slug":"inscription","status":"publish","type":"page","link":"https:\/\/genielab.co\/fr\/inscription\/","title":{"rendered":"Inscription"},"content":{"rendered":"\t\t<div data-elementor-type=\"wp-page\" data-elementor-id=\"13764\" class=\"elementor elementor-13764 elementor-13439\" data-elementor-settings=\"{&quot;ha_cmc_init_switcher&quot;:&quot;no&quot;}\" data-elementor-post-type=\"page\">\n\t\t\t\t\t\t<section class=\"elementor-section elementor-top-section elementor-element elementor-element-012999e elementor-section-height-full elementor-section-boxed elementor-section-height-default elementor-section-items-middle\" data-id=\"012999e\" data-element_type=\"section\" data-settings=\"{&quot;background_background&quot;:&quot;classic&quot;,&quot;_ha_eqh_enable&quot;:false}\">\n\t\t\t\t\t\t<div class=\"elementor-container elementor-column-gap-default\">\n\t\t\t\t\t<div class=\"elementor-column elementor-col-100 elementor-top-column elementor-element elementor-element-ad02c37\" data-id=\"ad02c37\" data-element_type=\"column\">\n\t\t\t<div class=\"elementor-widget-wrap elementor-element-populated\">\n\t\t\t\t\t\t<section class=\"elementor-section elementor-inner-section elementor-element elementor-element-f03001b elementor-section-boxed elementor-section-height-default elementor-section-height-default\" data-id=\"f03001b\" data-element_type=\"section\" data-settings=\"{&quot;background_background&quot;:&quot;classic&quot;,&quot;_ha_eqh_enable&quot;:false}\">\n\t\t\t\t\t\t<div class=\"elementor-container elementor-column-gap-default\">\n\t\t\t\t\t<div class=\"elementor-column elementor-col-50 elementor-inner-column elementor-element elementor-element-efec10d\" data-id=\"efec10d\" data-element_type=\"column\">\n\t\t\t<div class=\"elementor-widget-wrap elementor-element-populated\">\n\t\t\t\t\t\t<div class=\"elementor-element elementor-element-a2322c3 elementor-widget elementor-widget-heading\" data-id=\"a2322c3\" data-element_type=\"widget\" data-widget_type=\"heading.default\">\n\t\t\t\t<div class=\"elementor-widget-container\">\n\t\t\t\t\t<h1 class=\"elementor-heading-title elementor-size-default\">Cr\u00e9ez votre  compte d'apprentissage <\/h1>\t\t\t\t<\/div>\n\t\t\t\t<\/div>\n\t\t\t\t<div class=\"elementor-element elementor-element-873a8d5 elementor-widget elementor-widget-heading\" data-id=\"873a8d5\" data-element_type=\"widget\" data-widget_type=\"heading.default\">\n\t\t\t\t<div class=\"elementor-widget-container\">\n\t\t\t\t\t<h3 class=\"elementor-heading-title elementor-size-default\">Acc\u00e9dez \u00e0 une version d'essai de la trousse-atelier Wally avec un compte gratuit d'apprentissage.<\/h3>\t\t\t\t<\/div>\n\t\t\t\t<\/div>\n\t\t\t\t<div class=\"elementor-element elementor-element-e5ef091 elementor-widget elementor-widget-button\" data-id=\"e5ef091\" data-element_type=\"widget\" data-widget_type=\"button.default\">\n\t\t\t\t<div class=\"elementor-widget-container\">\n\t\t\t\t\t\t\t\t\t<div class=\"elementor-button-wrapper\">\n\t\t\t\t\t<a class=\"elementor-button elementor-button-link elementor-size-sm\" href=\"https:\/\/genielab.co\/fr\/?p=29741\">\n\t\t\t\t\t\t<span class=\"elementor-button-content-wrapper\">\n\t\t\t\t\t\t\t\t\t<span class=\"elementor-button-text\">Qui est wally?<\/span>\n\t\t\t\t\t<\/span>\n\t\t\t\t\t<\/a>\n\t\t\t\t<\/div>\n\t\t\t\t\t\t\t\t<\/div>\n\t\t\t\t<\/div>\n\t\t\t\t\t<\/div>\n\t\t<\/div>\n\t\t\t\t<div class=\"elementor-column elementor-col-50 elementor-inner-column elementor-element elementor-element-d36132d\" data-id=\"d36132d\" data-element_type=\"column\" data-settings=\"{&quot;background_background&quot;:&quot;classic&quot;}\">\n\t\t\t<div class=\"elementor-widget-wrap elementor-element-populated\">\n\t\t\t\t\t\t<div class=\"elementor-element elementor-element-7a04b62 elementor-widget elementor-widget-heading\" data-id=\"7a04b62\" data-element_type=\"widget\" data-widget_type=\"heading.default\">\n\t\t\t\t<div class=\"elementor-widget-container\">\n\t\t\t\t\t<h4 class=\"elementor-heading-title elementor-size-default\">Inscrivez-vous pour acc\u00e9der \u00e0 votre espace d'apprentissage.<\/h4>\t\t\t\t<\/div>\n\t\t\t\t<\/div>\n\t\t\t\t<div class=\"elementor-element elementor-element-999d004 elementor-widget elementor-widget-shortcode\" data-id=\"999d004\" data-element_type=\"widget\" data-widget_type=\"shortcode.default\">\n\t\t\t\t<div class=\"elementor-widget-container\">\n\t\t\t\t\t\t\t<div class=\"elementor-shortcode\">[ultimatemember form_id=\"13780\"]<\/div>\n\t\t\t\t\t\t<\/div>\n\t\t\t\t<\/div>\n\t\t\t\t<div class=\"elementor-element elementor-element-4a8014d elementor-widget-divider--view-line elementor-widget elementor-widget-divider\" data-id=\"4a8014d\" data-element_type=\"widget\" data-widget_type=\"divider.default\">\n\t\t\t\t<div class=\"elementor-widget-container\">\n\t\t\t\t\t\t\t<div class=\"elementor-divider\">\n\t\t\t<span class=\"elementor-divider-separator\">\n\t\t\t\t\t\t<\/span>\n\t\t<\/div>\n\t\t\t\t\t\t<\/div>\n\t\t\t\t<\/div>\n\t\t\t\t<div class=\"elementor-element elementor-element-271ae84 elementor-widget elementor-widget-heading\" data-id=\"271ae84\" data-element_type=\"widget\" data-widget_type=\"heading.default\">\n\t\t\t\t<div class=\"elementor-widget-container\">\n\t\t\t\t\t<h6 class=\"elementor-heading-title elementor-size-default\">Vous avez d\u00e9ja un compte G\u00e9nieLab?<\/h6>\t\t\t\t<\/div>\n\t\t\t\t<\/div>\n\t\t\t\t<div class=\"elementor-element elementor-element-069b1a5 elementor-widget elementor-widget-text-editor\" data-id=\"069b1a5\" data-element_type=\"widget\" data-widget_type=\"text-editor.default\">\n\t\t\t\t<div class=\"elementor-widget-container\">\n\t\t\t\t\t\t\t\t\t<p><a href=\"https:\/\/genielab.co\/fr\/politique-de-confidentialite\/\" target=\"_blank\" rel=\"noopener\">politique de confidentialit\u00e9\u00a0<\/a><\/p>\t\t\t\t\t\t\t\t<\/div>\n\t\t\t\t<\/div>\n\t\t\t\t<div class=\"elementor-element elementor-element-08bd5a7 elementor-align-left elementor-widget elementor-widget-button\" data-id=\"08bd5a7\" data-element_type=\"widget\" data-widget_type=\"button.default\">\n\t\t\t\t<div class=\"elementor-widget-container\">\n\t\t\t\t\t\t\t\t\t<div class=\"elementor-button-wrapper\">\n\t\t\t\t\t<a class=\"elementor-button elementor-button-link elementor-size-sm\" href=\"https:\/\/genielab.co\/fr\/connexion\/\">\n\t\t\t\t\t\t<span class=\"elementor-button-content-wrapper\">\n\t\t\t\t\t\t\t\t\t<span class=\"elementor-button-text\">Connexion<\/span>\n\t\t\t\t\t<\/span>\n\t\t\t\t\t<\/a>\n\t\t\t\t<\/div>\n\t\t\t\t\t\t\t\t<\/div>\n\t\t\t\t<\/div>\n\t\t\t\t\t<\/div>\n\t\t<\/div>\n\t\t\t\t\t<\/div>\n\t\t<\/section>\n\t\t\t\t\t<\/div>\n\t\t<\/div>\n\t\t\t\t\t<\/div>\n\t\t<\/section>\n\t\t\t\t<\/div>\n\t\t","protected":false},"excerpt":{"rendered":"<p>Cr\u00e9ez votre compte d&#8217;apprentissage Acc\u00e9dez \u00e0 une version d&#8217;essai de la trousse-atelier Wally avec un compte gratuit d&#8217;apprentissage. Qui est wally? Inscrivez-vous pour acc\u00e9der \u00e0 votre espace d&#8217;apprentissage. [ultimatemember form_id=&#8221;13780&#8243;] Vous avez d\u00e9ja un compte G\u00e9nieLab? politique de confidentialit\u00e9\u00a0 Connexion<\/p>\n","protected":false},"author":74,"featured_media":0,"parent":0,"menu_order":0,"comment_status":"closed","ping_status":"closed","template":"","meta":{"footnotes":""},"folder":[207],"class_list":["post-13764","page","type-page","status-publish","hentry"],"yoast_head":"<!-- This site is optimized with the Yoast SEO plugin v26.5 - https:\/\/yoast.com\/wordpress\/plugins\/seo\/ -->\n<title>Inscription | GenieLab<\/title>\n<meta name=\"description\" content=\"Inscrivez-vous pour acc\u00e9der \u00e0 votre espace d&#039;apprentissage!\" \/>\n<meta name=\"robots\" content=\"index, follow, max-snippet:-1, max-image-preview:large, max-video-preview:-1\" \/>\n<link rel=\"canonical\" href=\"https:\/\/genielab.co\/fr\/inscription\/\" \/>\n<meta property=\"og:locale\" content=\"fr_CA\" \/>\n<meta property=\"og:type\" content=\"article\" \/>\n<meta property=\"og:title\" content=\"Inscription | GenieLab\" \/>\n<meta property=\"og:description\" content=\"Inscrivez-vous pour acc\u00e9der \u00e0 votre espace d&#039;apprentissage!\" \/>\n<meta property=\"og:url\" content=\"https:\/\/genielab.co\/fr\/inscription\/\" \/>\n<meta property=\"og:site_name\" content=\"GenieLab\" \/>\n<meta property=\"article:publisher\" content=\"https:\/\/www.facebook.com\/GenieLabMTL\/\" \/>\n<meta property=\"article:modified_time\" content=\"2023-01-31T20:59:20+00:00\" \/>\n<meta property=\"og:image\" content=\"https:\/\/genielab.co\/wp-content\/uploads\/2021\/03\/GenielabLogo-NRouge.png\" \/>\n\t<meta property=\"og:image:width\" content=\"500\" \/>\n\t<meta property=\"og:image:height\" content=\"143\" \/>\n\t<meta property=\"og:image:type\" content=\"image\/png\" \/>\n<meta name=\"twitter:card\" content=\"summary_large_image\" \/>\n<meta name=\"twitter:site\" content=\"@genielabmtl\" \/>\n<script type=\"application\/ld+json\" class=\"yoast-schema-graph\">{\"@context\":\"https:\/\/schema.org\",\"@graph\":[{\"@type\":\"WebPage\",\"@id\":\"https:\/\/genielab.co\/fr\/inscription\/\",\"url\":\"https:\/\/genielab.co\/fr\/inscription\/\",\"name\":\"Inscription | GenieLab\",\"isPartOf\":{\"@id\":\"https:\/\/genielab.co\/fr\/#website\"},\"datePublished\":\"2020-12-14T19:24:55+00:00\",\"dateModified\":\"2023-01-31T20:59:20+00:00\",\"description\":\"Inscrivez-vous pour acc\u00e9der \u00e0 votre espace d'apprentissage!\",\"breadcrumb\":{\"@id\":\"https:\/\/genielab.co\/fr\/inscription\/#breadcrumb\"},\"inLanguage\":\"fr-CA\",\"potentialAction\":[{\"@type\":\"ReadAction\",\"target\":[\"https:\/\/genielab.co\/fr\/inscription\/\"]}]},{\"@type\":\"BreadcrumbList\",\"@id\":\"https:\/\/genielab.co\/fr\/inscription\/#breadcrumb\",\"itemListElement\":[{\"@type\":\"ListItem\",\"position\":1,\"name\":\"Accueil\",\"item\":\"https:\/\/genielab.co\/fr\/\"},{\"@type\":\"ListItem\",\"position\":2,\"name\":\"Inscription\"}]},{\"@type\":\"WebSite\",\"@id\":\"https:\/\/genielab.co\/fr\/#website\",\"url\":\"https:\/\/genielab.co\/fr\/\",\"name\":\"GenieLab\",\"description\":\"Propulser la cr\u00e9ativit\u00e9 technologique\",\"publisher\":{\"@id\":\"https:\/\/genielab.co\/fr\/#organization\"},\"potentialAction\":[{\"@type\":\"SearchAction\",\"target\":{\"@type\":\"EntryPoint\",\"urlTemplate\":\"https:\/\/genielab.co\/fr\/?s={search_term_string}\"},\"query-input\":{\"@type\":\"PropertyValueSpecification\",\"valueRequired\":true,\"valueName\":\"search_term_string\"}}],\"inLanguage\":\"fr-CA\"},{\"@type\":\"Organization\",\"@id\":\"https:\/\/genielab.co\/fr\/#organization\",\"name\":\"G\u00e9nieLab\",\"url\":\"https:\/\/genielab.co\/fr\/\",\"logo\":{\"@type\":\"ImageObject\",\"inLanguage\":\"fr-CA\",\"@id\":\"https:\/\/genielab.co\/fr\/#\/schema\/logo\/image\/\",\"url\":\"https:\/\/genielab.co\/wp-content\/uploads\/2021\/03\/GenielabLogo-g-NRouge-1.png\",\"contentUrl\":\"https:\/\/genielab.co\/wp-content\/uploads\/2021\/03\/GenielabLogo-g-NRouge-1.png\",\"width\":197,\"height\":271,\"caption\":\"G\u00e9nieLab\"},\"image\":{\"@id\":\"https:\/\/genielab.co\/fr\/#\/schema\/logo\/image\/\"},\"sameAs\":[\"https:\/\/www.facebook.com\/GenieLabMTL\/\",\"https:\/\/x.com\/genielabmtl\",\"https:\/\/www.instagram.com\/genielabmtl\/\",\"https:\/\/www.linkedin.com\/company\/genielab\/\",\"https:\/\/www.youtube.com\/@genielabmtl6100\"]}]}<\/script>\n<!-- \/ Yoast SEO plugin. -->","yoast_head_json":{"title":"Inscription | GenieLab","description":"Inscrivez-vous pour acc\u00e9der \u00e0 votre espace d'apprentissage!","robots":{"index":"index","follow":"follow","max-snippet":"max-snippet:-1","max-image-preview":"max-image-preview:large","max-video-preview":"max-video-preview:-1"},"canonical":"https:\/\/genielab.co\/fr\/inscription\/","og_locale":"fr_CA","og_type":"article","og_title":"Inscription | GenieLab","og_description":"Inscrivez-vous pour acc\u00e9der \u00e0 votre espace d'apprentissage!","og_url":"https:\/\/genielab.co\/fr\/inscription\/","og_site_name":"GenieLab","article_publisher":"https:\/\/www.facebook.com\/GenieLabMTL\/","article_modified_time":"2023-01-31T20:59:20+00:00","og_image":[{"width":500,"height":143,"url":"https:\/\/genielab.co\/wp-content\/uploads\/2021\/03\/GenielabLogo-NRouge.png","type":"image\/png"}],"twitter_card":"summary_large_image","twitter_site":"@genielabmtl","schema":{"@context":"https:\/\/schema.org","@graph":[{"@type":"WebPage","@id":"https:\/\/genielab.co\/fr\/inscription\/","url":"https:\/\/genielab.co\/fr\/inscription\/","name":"Inscription | GenieLab","isPartOf":{"@id":"https:\/\/genielab.co\/fr\/#website"},"datePublished":"2020-12-14T19:24:55+00:00","dateModified":"2023-01-31T20:59:20+00:00","description":"Inscrivez-vous pour acc\u00e9der \u00e0 votre espace d'apprentissage!","breadcrumb":{"@id":"https:\/\/genielab.co\/fr\/inscription\/#breadcrumb"},"inLanguage":"fr-CA","potentialAction":[{"@type":"ReadAction","target":["https:\/\/genielab.co\/fr\/inscription\/"]}]},{"@type":"BreadcrumbList","@id":"https:\/\/genielab.co\/fr\/inscription\/#breadcrumb","itemListElement":[{"@type":"ListItem","position":1,"name":"Accueil","item":"https:\/\/genielab.co\/fr\/"},{"@type":"ListItem","position":2,"name":"Inscription"}]},{"@type":"WebSite","@id":"https:\/\/genielab.co\/fr\/#website","url":"https:\/\/genielab.co\/fr\/","name":"GenieLab","description":"Propulser la cr\u00e9ativit\u00e9 technologique","publisher":{"@id":"https:\/\/genielab.co\/fr\/#organization"},"potentialAction":[{"@type":"SearchAction","target":{"@type":"EntryPoint","urlTemplate":"https:\/\/genielab.co\/fr\/?s={search_term_string}"},"query-input":{"@type":"PropertyValueSpecification","valueRequired":true,"valueName":"search_term_string"}}],"inLanguage":"fr-CA"},{"@type":"Organization","@id":"https:\/\/genielab.co\/fr\/#organization","name":"G\u00e9nieLab","url":"https:\/\/genielab.co\/fr\/","logo":{"@type":"ImageObject","inLanguage":"fr-CA","@id":"https:\/\/genielab.co\/fr\/#\/schema\/logo\/image\/","url":"https:\/\/genielab.co\/wp-content\/uploads\/2021\/03\/GenielabLogo-g-NRouge-1.png","contentUrl":"https:\/\/genielab.co\/wp-content\/uploads\/2021\/03\/GenielabLogo-g-NRouge-1.png","width":197,"height":271,"caption":"G\u00e9nieLab"},"image":{"@id":"https:\/\/genielab.co\/fr\/#\/schema\/logo\/image\/"},"sameAs":["https:\/\/www.facebook.com\/GenieLabMTL\/","https:\/\/x.com\/genielabmtl","https:\/\/www.instagram.com\/genielabmtl\/","https:\/\/www.linkedin.com\/company\/genielab\/","https:\/\/www.youtube.com\/@genielabmtl6100"]}]}},"_links":{"self":[{"href":"https:\/\/genielab.co\/fr\/wp-json\/wp\/v2\/pages\/13764","targetHints":{"allow":["GET"]}}],"collection":[{"href":"https:\/\/genielab.co\/fr\/wp-json\/wp\/v2\/pages"}],"about":[{"href":"https:\/\/genielab.co\/fr\/wp-json\/wp\/v2\/types\/page"}],"author":[{"embeddable":true,"href":"https:\/\/genielab.co\/fr\/wp-json\/wp\/v2\/users\/74"}],"replies":[{"embeddable":true,"href":"https:\/\/genielab.co\/fr\/wp-json\/wp\/v2\/comments?post=13764"}],"version-history":[{"count":0,"href":"https:\/\/genielab.co\/fr\/wp-json\/wp\/v2\/pages\/13764\/revisions"}],"wp:attachment":[{"href":"https:\/\/genielab.co\/fr\/wp-json\/wp\/v2\/media?parent=13764"}],"wp:term":[{"taxonomy":"folder","embeddable":true,"href":"https:\/\/genielab.co\/fr\/wp-json\/wp\/v2\/folder?post=13764"}],"curies":[{"name":"wp","href":"https:\/\/api.w.org\/{rel}","templated":true}]}}