{"id":14651,"date":"2021-02-10T15:46:23","date_gmt":"2021-02-10T20:46:23","guid":{"rendered":"https:\/\/staging.genielab.co\/?page_id=14651"},"modified":"2021-07-21T16:20:04","modified_gmt":"2021-07-21T20:20:04","slug":"deconnecte","status":"publish","type":"page","link":"https:\/\/genielab.co\/fr\/deconnecte\/","title":{"rendered":"D\u00e9connect\u00e9"},"content":{"rendered":"\t\t<div data-elementor-type=\"wp-page\" data-elementor-id=\"14651\" class=\"elementor elementor-14651 elementor-14624\" data-elementor-settings=\"{&quot;ha_cmc_init_switcher&quot;:&quot;no&quot;}\" data-elementor-post-type=\"page\">\n\t\t\t\t\t\t<section class=\"elementor-section elementor-top-section elementor-element elementor-element-f5c0d2d elementor-section-height-min-height elementor-section-boxed elementor-section-height-default elementor-section-items-middle\" data-id=\"f5c0d2d\" data-element_type=\"section\" data-settings=\"{&quot;background_background&quot;:&quot;classic&quot;,&quot;_ha_eqh_enable&quot;:false}\">\n\t\t\t\t\t\t\t<div class=\"elementor-background-overlay\"><\/div>\n\t\t\t\t\t\t\t<div class=\"elementor-container elementor-column-gap-default\">\n\t\t\t\t\t<div class=\"elementor-column elementor-col-100 elementor-top-column elementor-element elementor-element-afdb821\" data-id=\"afdb821\" data-element_type=\"column\">\n\t\t\t<div class=\"elementor-widget-wrap elementor-element-populated\">\n\t\t\t\t\t\t<div class=\"elementor-element elementor-element-1d01b00 elementor-widget elementor-widget-heading\" data-id=\"1d01b00\" data-element_type=\"widget\" data-widget_type=\"heading.default\">\n\t\t\t\t<div class=\"elementor-widget-container\">\n\t\t\t\t\t<h1 class=\"elementor-heading-title elementor-size-default\">Au revoir<\/h1>\t\t\t\t<\/div>\n\t\t\t\t<\/div>\n\t\t\t\t<div class=\"elementor-element elementor-element-5374d7e elementor-widget elementor-widget-image\" data-id=\"5374d7e\" data-element_type=\"widget\" data-widget_type=\"image.default\">\n\t\t\t\t<div class=\"elementor-widget-container\">\n\t\t\t\t\t\t\t\t\t\t\t\t\t\t\t<img decoding=\"async\" width=\"1\" height=\"1\" src=\"https:\/\/genielab.co\/wp-content\/uploads\/2021\/07\/Product-AuRevoir.svg\" class=\"attachment-medium size-medium wp-image-21432\" alt=\"\" \/>\t\t\t\t\t\t\t\t\t\t\t\t\t\t\t<\/div>\n\t\t\t\t<\/div>\n\t\t\t\t<div class=\"elementor-element elementor-element-4e46bbb elementor-widget elementor-widget-text-editor\" data-id=\"4e46bbb\" data-element_type=\"widget\" data-widget_type=\"text-editor.default\">\n\t\t\t\t<div class=\"elementor-widget-container\">\n\t\t\t\t\t\t\t\t\t<h4>Vous \u00eates maintenant d\u00e9connect\u00e9\u200b<\/h4><h4 class=\"elementor-heading-title elementor-size-default elementor-inline-editing pen\" contenteditable=\"true\" data-elementor-setting-key=\"title\" data-uw-styling-context=\"true\" data-pen-placeholder=\"Type Here...\">Nous esp\u00e9rons vous revoir bient\u00f4t\u200b<\/h4>\t\t\t\t\t\t\t\t<\/div>\n\t\t\t\t<\/div>\n\t\t\t\t<div class=\"elementor-element elementor-element-4aaef69 elementor-widget elementor-widget-heading\" data-id=\"4aaef69\" data-element_type=\"widget\" data-widget_type=\"heading.default\">\n\t\t\t\t<div class=\"elementor-widget-container\">\n\t\t\t\t\t<h4 class=\"elementor-heading-title elementor-size-default\"><a href=\"https:\/\/genielab.co\/fr\/connexion\/\">Connexion<\/a><\/h4>\t\t\t\t<\/div>\n\t\t\t\t<\/div>\n\t\t\t\t\t<\/div>\n\t\t<\/div>\n\t\t\t\t\t<\/div>\n\t\t<\/section>\n\t\t\t\t<\/div>\n\t\t","protected":false},"excerpt":{"rendered":"<p>Au revoir Vous \u00eates maintenant d\u00e9connect\u00e9\u200b Nous esp\u00e9rons vous revoir bient\u00f4t\u200b Connexion<\/p>\n","protected":false},"author":74,"featured_media":0,"parent":0,"menu_order":0,"comment_status":"closed","ping_status":"closed","template":"","meta":{"footnotes":""},"folder":[207],"class_list":["post-14651","page","type-page","status-publish","hentry"],"yoast_head":"<!-- This site is optimized with the Yoast SEO plugin v26.5 - https:\/\/yoast.com\/wordpress\/plugins\/seo\/ -->\n<title>D\u00e9connect\u00e9 | GenieLab<\/title>\n<meta name=\"description\" content=\"G\u00e9nieLab renforce l&#039;autonomie des jeunes et favorise la culture num\u00e9rique en comblant le foss\u00e9 entre le design, l&#039;art et la technologie, une exp\u00e9rience \u00e0 la fois.\" \/>\n<meta name=\"robots\" content=\"index, follow, max-snippet:-1, max-image-preview:large, max-video-preview:-1\" \/>\n<link rel=\"canonical\" href=\"https:\/\/genielab.co\/fr\/deconnecte\/\" \/>\n<meta property=\"og:locale\" content=\"fr_CA\" \/>\n<meta property=\"og:type\" content=\"article\" \/>\n<meta property=\"og:title\" content=\"D\u00e9connect\u00e9 | GenieLab\" \/>\n<meta property=\"og:description\" content=\"G\u00e9nieLab renforce l&#039;autonomie des jeunes et favorise la culture num\u00e9rique en comblant le foss\u00e9 entre le design, l&#039;art et la technologie, une exp\u00e9rience \u00e0 la fois.\" \/>\n<meta property=\"og:url\" content=\"https:\/\/genielab.co\/fr\/deconnecte\/\" \/>\n<meta property=\"og:site_name\" content=\"GenieLab\" \/>\n<meta property=\"article:publisher\" content=\"https:\/\/www.facebook.com\/GenieLabMTL\/\" \/>\n<meta property=\"article:modified_time\" content=\"2021-07-21T20:20:04+00:00\" \/>\n<meta property=\"og:image\" content=\"https:\/\/genielabco.stage.site\/wp-content\/uploads\/2021\/07\/Product-AuRevoir.svg\" \/>\n<meta name=\"twitter:card\" content=\"summary_large_image\" \/>\n<meta name=\"twitter:site\" content=\"@genielabmtl\" \/>\n<script type=\"application\/ld+json\" class=\"yoast-schema-graph\">{\"@context\":\"https:\/\/schema.org\",\"@graph\":[{\"@type\":\"WebPage\",\"@id\":\"https:\/\/genielab.co\/fr\/deconnecte\/\",\"url\":\"https:\/\/genielab.co\/fr\/deconnecte\/\",\"name\":\"D\u00e9connect\u00e9 | GenieLab\",\"isPartOf\":{\"@id\":\"https:\/\/genielab.co\/fr\/#website\"},\"primaryImageOfPage\":{\"@id\":\"https:\/\/genielab.co\/fr\/deconnecte\/#primaryimage\"},\"image\":{\"@id\":\"https:\/\/genielab.co\/fr\/deconnecte\/#primaryimage\"},\"thumbnailUrl\":\"https:\/\/genielabco.stage.site\/wp-content\/uploads\/2021\/07\/Product-AuRevoir.svg\",\"datePublished\":\"2021-02-10T20:46:23+00:00\",\"dateModified\":\"2021-07-21T20:20:04+00:00\",\"description\":\"G\u00e9nieLab renforce l'autonomie des jeunes et favorise la culture num\u00e9rique en comblant le foss\u00e9 entre le design, l'art et la technologie, une exp\u00e9rience \u00e0 la fois.\",\"breadcrumb\":{\"@id\":\"https:\/\/genielab.co\/fr\/deconnecte\/#breadcrumb\"},\"inLanguage\":\"fr-CA\",\"potentialAction\":[{\"@type\":\"ReadAction\",\"target\":[\"https:\/\/genielab.co\/fr\/deconnecte\/\"]}]},{\"@type\":\"ImageObject\",\"inLanguage\":\"fr-CA\",\"@id\":\"https:\/\/genielab.co\/fr\/deconnecte\/#primaryimage\",\"url\":\"https:\/\/genielabco.stage.site\/wp-content\/uploads\/2021\/07\/Product-AuRevoir.svg\",\"contentUrl\":\"https:\/\/genielabco.stage.site\/wp-content\/uploads\/2021\/07\/Product-AuRevoir.svg\"},{\"@type\":\"BreadcrumbList\",\"@id\":\"https:\/\/genielab.co\/fr\/deconnecte\/#breadcrumb\",\"itemListElement\":[{\"@type\":\"ListItem\",\"position\":1,\"name\":\"Accueil\",\"item\":\"https:\/\/genielab.co\/fr\/\"},{\"@type\":\"ListItem\",\"position\":2,\"name\":\"D\u00e9connect\u00e9\"}]},{\"@type\":\"WebSite\",\"@id\":\"https:\/\/genielab.co\/fr\/#website\",\"url\":\"https:\/\/genielab.co\/fr\/\",\"name\":\"GenieLab\",\"description\":\"Propulser la cr\u00e9ativit\u00e9 technologique\",\"publisher\":{\"@id\":\"https:\/\/genielab.co\/fr\/#organization\"},\"potentialAction\":[{\"@type\":\"SearchAction\",\"target\":{\"@type\":\"EntryPoint\",\"urlTemplate\":\"https:\/\/genielab.co\/fr\/?s={search_term_string}\"},\"query-input\":{\"@type\":\"PropertyValueSpecification\",\"valueRequired\":true,\"valueName\":\"search_term_string\"}}],\"inLanguage\":\"fr-CA\"},{\"@type\":\"Organization\",\"@id\":\"https:\/\/genielab.co\/fr\/#organization\",\"name\":\"G\u00e9nieLab\",\"url\":\"https:\/\/genielab.co\/fr\/\",\"logo\":{\"@type\":\"ImageObject\",\"inLanguage\":\"fr-CA\",\"@id\":\"https:\/\/genielab.co\/fr\/#\/schema\/logo\/image\/\",\"url\":\"https:\/\/genielab.co\/wp-content\/uploads\/2021\/03\/GenielabLogo-g-NRouge-1.png\",\"contentUrl\":\"https:\/\/genielab.co\/wp-content\/uploads\/2021\/03\/GenielabLogo-g-NRouge-1.png\",\"width\":197,\"height\":271,\"caption\":\"G\u00e9nieLab\"},\"image\":{\"@id\":\"https:\/\/genielab.co\/fr\/#\/schema\/logo\/image\/\"},\"sameAs\":[\"https:\/\/www.facebook.com\/GenieLabMTL\/\",\"https:\/\/x.com\/genielabmtl\",\"https:\/\/www.instagram.com\/genielabmtl\/\",\"https:\/\/www.linkedin.com\/company\/genielab\/\",\"https:\/\/www.youtube.com\/@genielabmtl6100\"]}]}<\/script>\n<!-- \/ Yoast SEO plugin. -->","yoast_head_json":{"title":"D\u00e9connect\u00e9 | GenieLab","description":"G\u00e9nieLab renforce l'autonomie des jeunes et favorise la culture num\u00e9rique en comblant le foss\u00e9 entre le design, l'art et la technologie, une exp\u00e9rience \u00e0 la fois.","robots":{"index":"index","follow":"follow","max-snippet":"max-snippet:-1","max-image-preview":"max-image-preview:large","max-video-preview":"max-video-preview:-1"},"canonical":"https:\/\/genielab.co\/fr\/deconnecte\/","og_locale":"fr_CA","og_type":"article","og_title":"D\u00e9connect\u00e9 | GenieLab","og_description":"G\u00e9nieLab renforce l'autonomie des jeunes et favorise la culture num\u00e9rique en comblant le foss\u00e9 entre le design, l'art et la technologie, une exp\u00e9rience \u00e0 la fois.","og_url":"https:\/\/genielab.co\/fr\/deconnecte\/","og_site_name":"GenieLab","article_publisher":"https:\/\/www.facebook.com\/GenieLabMTL\/","article_modified_time":"2021-07-21T20:20:04+00:00","og_image":[{"url":"https:\/\/genielabco.stage.site\/wp-content\/uploads\/2021\/07\/Product-AuRevoir.svg","type":"","width":"","height":""}],"twitter_card":"summary_large_image","twitter_site":"@genielabmtl","schema":{"@context":"https:\/\/schema.org","@graph":[{"@type":"WebPage","@id":"https:\/\/genielab.co\/fr\/deconnecte\/","url":"https:\/\/genielab.co\/fr\/deconnecte\/","name":"D\u00e9connect\u00e9 | GenieLab","isPartOf":{"@id":"https:\/\/genielab.co\/fr\/#website"},"primaryImageOfPage":{"@id":"https:\/\/genielab.co\/fr\/deconnecte\/#primaryimage"},"image":{"@id":"https:\/\/genielab.co\/fr\/deconnecte\/#primaryimage"},"thumbnailUrl":"https:\/\/genielabco.stage.site\/wp-content\/uploads\/2021\/07\/Product-AuRevoir.svg","datePublished":"2021-02-10T20:46:23+00:00","dateModified":"2021-07-21T20:20:04+00:00","description":"G\u00e9nieLab renforce l'autonomie des jeunes et favorise la culture num\u00e9rique en comblant le foss\u00e9 entre le design, l'art et la technologie, une exp\u00e9rience \u00e0 la fois.","breadcrumb":{"@id":"https:\/\/genielab.co\/fr\/deconnecte\/#breadcrumb"},"inLanguage":"fr-CA","potentialAction":[{"@type":"ReadAction","target":["https:\/\/genielab.co\/fr\/deconnecte\/"]}]},{"@type":"ImageObject","inLanguage":"fr-CA","@id":"https:\/\/genielab.co\/fr\/deconnecte\/#primaryimage","url":"https:\/\/genielabco.stage.site\/wp-content\/uploads\/2021\/07\/Product-AuRevoir.svg","contentUrl":"https:\/\/genielabco.stage.site\/wp-content\/uploads\/2021\/07\/Product-AuRevoir.svg"},{"@type":"BreadcrumbList","@id":"https:\/\/genielab.co\/fr\/deconnecte\/#breadcrumb","itemListElement":[{"@type":"ListItem","position":1,"name":"Accueil","item":"https:\/\/genielab.co\/fr\/"},{"@type":"ListItem","position":2,"name":"D\u00e9connect\u00e9"}]},{"@type":"WebSite","@id":"https:\/\/genielab.co\/fr\/#website","url":"https:\/\/genielab.co\/fr\/","name":"GenieLab","description":"Propulser la cr\u00e9ativit\u00e9 technologique","publisher":{"@id":"https:\/\/genielab.co\/fr\/#organization"},"potentialAction":[{"@type":"SearchAction","target":{"@type":"EntryPoint","urlTemplate":"https:\/\/genielab.co\/fr\/?s={search_term_string}"},"query-input":{"@type":"PropertyValueSpecification","valueRequired":true,"valueName":"search_term_string"}}],"inLanguage":"fr-CA"},{"@type":"Organization","@id":"https:\/\/genielab.co\/fr\/#organization","name":"G\u00e9nieLab","url":"https:\/\/genielab.co\/fr\/","logo":{"@type":"ImageObject","inLanguage":"fr-CA","@id":"https:\/\/genielab.co\/fr\/#\/schema\/logo\/image\/","url":"https:\/\/genielab.co\/wp-content\/uploads\/2021\/03\/GenielabLogo-g-NRouge-1.png","contentUrl":"https:\/\/genielab.co\/wp-content\/uploads\/2021\/03\/GenielabLogo-g-NRouge-1.png","width":197,"height":271,"caption":"G\u00e9nieLab"},"image":{"@id":"https:\/\/genielab.co\/fr\/#\/schema\/logo\/image\/"},"sameAs":["https:\/\/www.facebook.com\/GenieLabMTL\/","https:\/\/x.com\/genielabmtl","https:\/\/www.instagram.com\/genielabmtl\/","https:\/\/www.linkedin.com\/company\/genielab\/","https:\/\/www.youtube.com\/@genielabmtl6100"]}]}},"_links":{"self":[{"href":"https:\/\/genielab.co\/fr\/wp-json\/wp\/v2\/pages\/14651","targetHints":{"allow":["GET"]}}],"collection":[{"href":"https:\/\/genielab.co\/fr\/wp-json\/wp\/v2\/pages"}],"about":[{"href":"https:\/\/genielab.co\/fr\/wp-json\/wp\/v2\/types\/page"}],"author":[{"embeddable":true,"href":"https:\/\/genielab.co\/fr\/wp-json\/wp\/v2\/users\/74"}],"replies":[{"embeddable":true,"href":"https:\/\/genielab.co\/fr\/wp-json\/wp\/v2\/comments?post=14651"}],"version-history":[{"count":0,"href":"https:\/\/genielab.co\/fr\/wp-json\/wp\/v2\/pages\/14651\/revisions"}],"wp:attachment":[{"href":"https:\/\/genielab.co\/fr\/wp-json\/wp\/v2\/media?parent=14651"}],"wp:term":[{"taxonomy":"folder","embeddable":true,"href":"https:\/\/genielab.co\/fr\/wp-json\/wp\/v2\/folder?post=14651"}],"curies":[{"name":"wp","href":"https:\/\/api.w.org\/{rel}","templated":true}]}}