{"id":16019,"date":"2021-03-09T17:30:41","date_gmt":"2021-03-09T22:30:41","guid":{"rendered":"https:\/\/genielabco.stage.site\/?page_id=16019"},"modified":"2023-03-15T14:41:39","modified_gmt":"2023-03-15T18:41:39","slug":"mes-cours","status":"publish","type":"page","link":"https:\/\/genielab.co\/fr\/mes-cours\/","title":{"rendered":"Mes Cours"},"content":{"rendered":"\t\t<div data-elementor-type=\"wp-page\" data-elementor-id=\"16019\" class=\"elementor elementor-16019\" data-elementor-settings=\"{&quot;ha_cmc_init_switcher&quot;:&quot;no&quot;}\" data-elementor-post-type=\"page\">\n\t\t\t\t\t\t<section class=\"elementor-section elementor-top-section elementor-element elementor-element-9df25ad elementor-section-boxed elementor-section-height-default elementor-section-height-default\" data-id=\"9df25ad\" data-element_type=\"section\" data-settings=\"{&quot;_ha_eqh_enable&quot;:false}\">\n\t\t\t\t\t\t<div class=\"elementor-container elementor-column-gap-default\">\n\t\t\t\t\t<div class=\"elementor-column elementor-col-100 elementor-top-column elementor-element elementor-element-0434528\" data-id=\"0434528\" data-element_type=\"column\">\n\t\t\t<div class=\"elementor-widget-wrap elementor-element-populated\">\n\t\t\t\t\t\t<div class=\"elementor-element elementor-element-b8162d6 elementor-widget elementor-widget-heading\" data-id=\"b8162d6\" data-element_type=\"widget\" data-widget_type=\"heading.default\">\n\t\t\t\t<div class=\"elementor-widget-container\">\n\t\t\t\t\t<h2 class=\"elementor-heading-title elementor-size-default\">Mes Cours<\/h2>\t\t\t\t<\/div>\n\t\t\t\t<\/div>\n\t\t\t\t\t<\/div>\n\t\t<\/div>\n\t\t\t\t\t<\/div>\n\t\t<\/section>\n\t\t\t\t<section class=\"elementor-section elementor-top-section elementor-element elementor-element-a8bd945 elementor-section-boxed elementor-section-height-default elementor-section-height-default\" data-id=\"a8bd945\" data-element_type=\"section\" data-settings=\"{&quot;_ha_eqh_enable&quot;:false}\">\n\t\t\t\t\t\t<div class=\"elementor-container elementor-column-gap-default\">\n\t\t\t\t\t<div class=\"elementor-column elementor-col-33 elementor-top-column elementor-element elementor-element-03b728e\" data-id=\"03b728e\" data-element_type=\"column\">\n\t\t\t<div class=\"elementor-widget-wrap\">\n\t\t\t\t\t\t\t<\/div>\n\t\t<\/div>\n\t\t\t\t<div class=\"elementor-column elementor-col-33 elementor-top-column elementor-element elementor-element-91ab6c1\" data-id=\"91ab6c1\" data-element_type=\"column\">\n\t\t\t<div class=\"elementor-widget-wrap\">\n\t\t\t\t\t\t\t<\/div>\n\t\t<\/div>\n\t\t\t\t<div class=\"elementor-column elementor-col-33 elementor-top-column elementor-element elementor-element-1baa5ca\" data-id=\"1baa5ca\" data-element_type=\"column\">\n\t\t\t<div class=\"elementor-widget-wrap elementor-element-populated\">\n\t\t\t\t\t\t<div class=\"elementor-element elementor-element-f46c2ac elementor-align-right elementor-hidden-tablet elementor-hidden-mobile elementor-hidden-desktop elementor-widget elementor-widget-button\" data-id=\"f46c2ac\" data-element_type=\"widget\" data-widget_type=\"button.default\">\n\t\t\t\t<div class=\"elementor-widget-container\">\n\t\t\t\t\t\t\t\t\t<div class=\"elementor-button-wrapper\">\n\t\t\t\t\t<a class=\"elementor-button elementor-size-sm\" role=\"button\">\n\t\t\t\t\t\t<span class=\"elementor-button-content-wrapper\">\n\t\t\t\t\t\t\t\t\t<span class=\"elementor-button-text\">Je suis enseignant.e<\/span>\n\t\t\t\t\t<\/span>\n\t\t\t\t\t<\/a>\n\t\t\t\t<\/div>\n\t\t\t\t\t\t\t\t<\/div>\n\t\t\t\t<\/div>\n\t\t\t\t\t<\/div>\n\t\t<\/div>\n\t\t\t\t\t<\/div>\n\t\t<\/section>\n\t\t\t\t<section class=\"elementor-section elementor-top-section elementor-element elementor-element-80a313a elementor-section-boxed elementor-section-height-default elementor-section-height-default\" data-id=\"80a313a\" data-element_type=\"section\" data-settings=\"{&quot;_ha_eqh_enable&quot;:false}\">\n\t\t\t\t\t\t<div class=\"elementor-container elementor-column-gap-default\">\n\t\t\t\t\t<div class=\"elementor-column elementor-col-50 elementor-top-column elementor-element elementor-element-ed34a65\" data-id=\"ed34a65\" data-element_type=\"column\">\n\t\t\t<div class=\"elementor-widget-wrap elementor-element-populated\">\n\t\t\t\t\t\t<div class=\"elementor-element elementor-element-8297558 elementor-widget elementor-widget-button\" data-id=\"8297558\" data-element_type=\"widget\" data-widget_type=\"button.default\">\n\t\t\t\t<div class=\"elementor-widget-container\">\n\t\t\t\t\t\t\t\t\t<div class=\"elementor-button-wrapper\">\n\t\t\t\t\t<a class=\"elementor-button elementor-size-sm\" role=\"button\">\n\t\t\t\t\t\t<span class=\"elementor-button-content-wrapper\">\n\t\t\t\t\t\t\t\t\t<span class=\"elementor-button-text\">activer un cours<\/span>\n\t\t\t\t\t<\/span>\n\t\t\t\t\t<\/a>\n\t\t\t\t<\/div>\n\t\t\t\t\t\t\t\t<\/div>\n\t\t\t\t<\/div>\n\t\t\t\t\t<\/div>\n\t\t<\/div>\n\t\t\t\t<div class=\"elementor-column elementor-col-50 elementor-top-column elementor-element elementor-element-d57ee22\" data-id=\"d57ee22\" data-element_type=\"column\">\n\t\t\t<div class=\"elementor-widget-wrap elementor-element-populated\">\n\t\t\t\t\t\t<div class=\"elementor-element elementor-element-282970e elementor-align-right elementor-widget elementor-widget-button\" data-id=\"282970e\" data-element_type=\"widget\" data-widget_type=\"button.default\">\n\t\t\t\t<div class=\"elementor-widget-container\">\n\t\t\t\t\t\t\t\t\t<div class=\"elementor-button-wrapper\">\n\t\t\t\t\t<a class=\"elementor-button elementor-size-sm\" role=\"button\">\n\t\t\t\t\t\t<span class=\"elementor-button-content-wrapper\">\n\t\t\t\t\t\t\t\t\t<span class=\"elementor-button-text\">Rejoindre un groupe<\/span>\n\t\t\t\t\t<\/span>\n\t\t\t\t\t<\/a>\n\t\t\t\t<\/div>\n\t\t\t\t\t\t\t\t<\/div>\n\t\t\t\t<\/div>\n\t\t\t\t\t<\/div>\n\t\t<\/div>\n\t\t\t\t\t<\/div>\n\t\t<\/section>\n\t\t\t\t<\/div>\n\t\t","protected":false},"excerpt":{"rendered":"<p>Mes Cours Je suis enseignant.e activer un cours Rejoindre un groupe<\/p>\n","protected":false},"author":74,"featured_media":0,"parent":0,"menu_order":0,"comment_status":"closed","ping_status":"closed","template":"","meta":{"footnotes":""},"folder":[],"class_list":["post-16019","page","type-page","status-publish","hentry"],"yoast_head":"<!-- This site is optimized with the Yoast SEO plugin v26.5 - https:\/\/yoast.com\/wordpress\/plugins\/seo\/ -->\n<title>Mes Cours | GenieLab<\/title>\n<meta name=\"description\" content=\"G\u00e9nieLab renforce l&#039;autonomie des jeunes et favorise la culture num\u00e9rique en comblant le foss\u00e9 entre le design, l&#039;art et la technologie, une exp\u00e9rience \u00e0 la fois.\" \/>\n<meta name=\"robots\" content=\"noindex, nofollow\" \/>\n<meta property=\"og:locale\" content=\"fr_CA\" \/>\n<meta property=\"og:type\" content=\"article\" \/>\n<meta property=\"og:title\" content=\"Mes Cours | GenieLab\" \/>\n<meta property=\"og:description\" content=\"G\u00e9nieLab renforce l&#039;autonomie des jeunes et favorise la culture num\u00e9rique en comblant le foss\u00e9 entre le design, l&#039;art et la technologie, une exp\u00e9rience \u00e0 la fois.\" \/>\n<meta property=\"og:url\" content=\"https:\/\/genielab.co\/fr\/mes-cours\/\" \/>\n<meta property=\"og:site_name\" content=\"GenieLab\" \/>\n<meta property=\"article:publisher\" content=\"https:\/\/www.facebook.com\/GenieLabMTL\/\" \/>\n<meta property=\"article:modified_time\" content=\"2023-03-15T18:41:39+00:00\" \/>\n<meta property=\"og:image\" content=\"https:\/\/genielab.co\/wp-content\/uploads\/2021\/03\/GenielabLogo-NRouge.png\" \/>\n\t<meta property=\"og:image:width\" content=\"500\" \/>\n\t<meta property=\"og:image:height\" content=\"143\" \/>\n\t<meta property=\"og:image:type\" content=\"image\/png\" \/>\n<meta name=\"twitter:card\" content=\"summary_large_image\" \/>\n<meta name=\"twitter:site\" content=\"@genielabmtl\" \/>\n<script type=\"application\/ld+json\" class=\"yoast-schema-graph\">{\"@context\":\"https:\/\/schema.org\",\"@graph\":[{\"@type\":\"WebPage\",\"@id\":\"https:\/\/genielab.co\/fr\/mes-cours\/\",\"url\":\"https:\/\/genielab.co\/fr\/mes-cours\/\",\"name\":\"Mes Cours | GenieLab\",\"isPartOf\":{\"@id\":\"https:\/\/genielab.co\/fr\/#website\"},\"datePublished\":\"2021-03-09T22:30:41+00:00\",\"dateModified\":\"2023-03-15T18:41:39+00:00\",\"description\":\"G\u00e9nieLab renforce l'autonomie des jeunes et favorise la culture num\u00e9rique en comblant le foss\u00e9 entre le design, l'art et la technologie, une exp\u00e9rience \u00e0 la fois.\",\"breadcrumb\":{\"@id\":\"https:\/\/genielab.co\/fr\/mes-cours\/#breadcrumb\"},\"inLanguage\":\"fr-CA\",\"potentialAction\":[{\"@type\":\"ReadAction\",\"target\":[\"https:\/\/genielab.co\/fr\/mes-cours\/\"]}]},{\"@type\":\"BreadcrumbList\",\"@id\":\"https:\/\/genielab.co\/fr\/mes-cours\/#breadcrumb\",\"itemListElement\":[{\"@type\":\"ListItem\",\"position\":1,\"name\":\"Accueil\",\"item\":\"https:\/\/genielab.co\/fr\/\"},{\"@type\":\"ListItem\",\"position\":2,\"name\":\"Mes Cours\"}]},{\"@type\":\"WebSite\",\"@id\":\"https:\/\/genielab.co\/fr\/#website\",\"url\":\"https:\/\/genielab.co\/fr\/\",\"name\":\"GenieLab\",\"description\":\"Propulser la cr\u00e9ativit\u00e9 technologique\",\"publisher\":{\"@id\":\"https:\/\/genielab.co\/fr\/#organization\"},\"potentialAction\":[{\"@type\":\"SearchAction\",\"target\":{\"@type\":\"EntryPoint\",\"urlTemplate\":\"https:\/\/genielab.co\/fr\/?s={search_term_string}\"},\"query-input\":{\"@type\":\"PropertyValueSpecification\",\"valueRequired\":true,\"valueName\":\"search_term_string\"}}],\"inLanguage\":\"fr-CA\"},{\"@type\":\"Organization\",\"@id\":\"https:\/\/genielab.co\/fr\/#organization\",\"name\":\"G\u00e9nieLab\",\"url\":\"https:\/\/genielab.co\/fr\/\",\"logo\":{\"@type\":\"ImageObject\",\"inLanguage\":\"fr-CA\",\"@id\":\"https:\/\/genielab.co\/fr\/#\/schema\/logo\/image\/\",\"url\":\"https:\/\/genielab.co\/wp-content\/uploads\/2021\/03\/GenielabLogo-g-NRouge-1.png\",\"contentUrl\":\"https:\/\/genielab.co\/wp-content\/uploads\/2021\/03\/GenielabLogo-g-NRouge-1.png\",\"width\":197,\"height\":271,\"caption\":\"G\u00e9nieLab\"},\"image\":{\"@id\":\"https:\/\/genielab.co\/fr\/#\/schema\/logo\/image\/\"},\"sameAs\":[\"https:\/\/www.facebook.com\/GenieLabMTL\/\",\"https:\/\/x.com\/genielabmtl\",\"https:\/\/www.instagram.com\/genielabmtl\/\",\"https:\/\/www.linkedin.com\/company\/genielab\/\",\"https:\/\/www.youtube.com\/@genielabmtl6100\"]}]}<\/script>\n<!-- \/ Yoast SEO plugin. -->","yoast_head_json":{"title":"Mes Cours | GenieLab","description":"G\u00e9nieLab renforce l'autonomie des jeunes et favorise la culture num\u00e9rique en comblant le foss\u00e9 entre le design, l'art et la technologie, une exp\u00e9rience \u00e0 la fois.","robots":{"index":"noindex","follow":"nofollow"},"og_locale":"fr_CA","og_type":"article","og_title":"Mes Cours | GenieLab","og_description":"G\u00e9nieLab renforce l'autonomie des jeunes et favorise la culture num\u00e9rique en comblant le foss\u00e9 entre le design, l'art et la technologie, une exp\u00e9rience \u00e0 la fois.","og_url":"https:\/\/genielab.co\/fr\/mes-cours\/","og_site_name":"GenieLab","article_publisher":"https:\/\/www.facebook.com\/GenieLabMTL\/","article_modified_time":"2023-03-15T18:41:39+00:00","og_image":[{"width":500,"height":143,"url":"https:\/\/genielab.co\/wp-content\/uploads\/2021\/03\/GenielabLogo-NRouge.png","type":"image\/png"}],"twitter_card":"summary_large_image","twitter_site":"@genielabmtl","schema":{"@context":"https:\/\/schema.org","@graph":[{"@type":"WebPage","@id":"https:\/\/genielab.co\/fr\/mes-cours\/","url":"https:\/\/genielab.co\/fr\/mes-cours\/","name":"Mes Cours | GenieLab","isPartOf":{"@id":"https:\/\/genielab.co\/fr\/#website"},"datePublished":"2021-03-09T22:30:41+00:00","dateModified":"2023-03-15T18:41:39+00:00","description":"G\u00e9nieLab renforce l'autonomie des jeunes et favorise la culture num\u00e9rique en comblant le foss\u00e9 entre le design, l'art et la technologie, une exp\u00e9rience \u00e0 la fois.","breadcrumb":{"@id":"https:\/\/genielab.co\/fr\/mes-cours\/#breadcrumb"},"inLanguage":"fr-CA","potentialAction":[{"@type":"ReadAction","target":["https:\/\/genielab.co\/fr\/mes-cours\/"]}]},{"@type":"BreadcrumbList","@id":"https:\/\/genielab.co\/fr\/mes-cours\/#breadcrumb","itemListElement":[{"@type":"ListItem","position":1,"name":"Accueil","item":"https:\/\/genielab.co\/fr\/"},{"@type":"ListItem","position":2,"name":"Mes Cours"}]},{"@type":"WebSite","@id":"https:\/\/genielab.co\/fr\/#website","url":"https:\/\/genielab.co\/fr\/","name":"GenieLab","description":"Propulser la cr\u00e9ativit\u00e9 technologique","publisher":{"@id":"https:\/\/genielab.co\/fr\/#organization"},"potentialAction":[{"@type":"SearchAction","target":{"@type":"EntryPoint","urlTemplate":"https:\/\/genielab.co\/fr\/?s={search_term_string}"},"query-input":{"@type":"PropertyValueSpecification","valueRequired":true,"valueName":"search_term_string"}}],"inLanguage":"fr-CA"},{"@type":"Organization","@id":"https:\/\/genielab.co\/fr\/#organization","name":"G\u00e9nieLab","url":"https:\/\/genielab.co\/fr\/","logo":{"@type":"ImageObject","inLanguage":"fr-CA","@id":"https:\/\/genielab.co\/fr\/#\/schema\/logo\/image\/","url":"https:\/\/genielab.co\/wp-content\/uploads\/2021\/03\/GenielabLogo-g-NRouge-1.png","contentUrl":"https:\/\/genielab.co\/wp-content\/uploads\/2021\/03\/GenielabLogo-g-NRouge-1.png","width":197,"height":271,"caption":"G\u00e9nieLab"},"image":{"@id":"https:\/\/genielab.co\/fr\/#\/schema\/logo\/image\/"},"sameAs":["https:\/\/www.facebook.com\/GenieLabMTL\/","https:\/\/x.com\/genielabmtl","https:\/\/www.instagram.com\/genielabmtl\/","https:\/\/www.linkedin.com\/company\/genielab\/","https:\/\/www.youtube.com\/@genielabmtl6100"]}]}},"_links":{"self":[{"href":"https:\/\/genielab.co\/fr\/wp-json\/wp\/v2\/pages\/16019","targetHints":{"allow":["GET"]}}],"collection":[{"href":"https:\/\/genielab.co\/fr\/wp-json\/wp\/v2\/pages"}],"about":[{"href":"https:\/\/genielab.co\/fr\/wp-json\/wp\/v2\/types\/page"}],"author":[{"embeddable":true,"href":"https:\/\/genielab.co\/fr\/wp-json\/wp\/v2\/users\/74"}],"replies":[{"embeddable":true,"href":"https:\/\/genielab.co\/fr\/wp-json\/wp\/v2\/comments?post=16019"}],"version-history":[{"count":0,"href":"https:\/\/genielab.co\/fr\/wp-json\/wp\/v2\/pages\/16019\/revisions"}],"wp:attachment":[{"href":"https:\/\/genielab.co\/fr\/wp-json\/wp\/v2\/media?parent=16019"}],"wp:term":[{"taxonomy":"folder","embeddable":true,"href":"https:\/\/genielab.co\/fr\/wp-json\/wp\/v2\/folder?post=16019"}],"curies":[{"name":"wp","href":"https:\/\/api.w.org\/{rel}","templated":true}]}}