{"id":28201,"date":"2022-08-31T11:54:34","date_gmt":"2022-08-31T15:54:34","guid":{"rendered":"https:\/\/genielab.co\/?page_id=28201"},"modified":"2024-01-29T10:26:23","modified_gmt":"2024-01-29T15:26:23","slug":"faq","status":"publish","type":"page","link":"https:\/\/genielab.co\/fr\/faq\/","title":{"rendered":"FAQ"},"content":{"rendered":"\t\t<div data-elementor-type=\"wp-page\" data-elementor-id=\"28201\" class=\"elementor elementor-28201\" data-elementor-settings=\"{&quot;ha_cmc_init_switcher&quot;:&quot;no&quot;}\" data-elementor-post-type=\"page\">\n\t\t\t\t\t\t<section class=\"elementor-section elementor-top-section elementor-element elementor-element-eacd304 elementor-section-boxed elementor-section-height-default elementor-section-height-default\" data-id=\"eacd304\" data-element_type=\"section\" data-settings=\"{&quot;_ha_eqh_enable&quot;:false}\">\n\t\t\t\t\t\t<div class=\"elementor-container elementor-column-gap-default\">\n\t\t\t\t\t<div class=\"elementor-column elementor-col-100 elementor-top-column elementor-element elementor-element-d5a5056\" data-id=\"d5a5056\" data-element_type=\"column\">\n\t\t\t<div class=\"elementor-widget-wrap elementor-element-populated\">\n\t\t\t\t\t\t<div class=\"elementor-element elementor-element-3cd6240 elementor-widget elementor-widget-heading\" data-id=\"3cd6240\" data-element_type=\"widget\" data-widget_type=\"heading.default\">\n\t\t\t\t<div class=\"elementor-widget-container\">\n\t\t\t\t\t<h2 class=\"elementor-heading-title elementor-size-default\">Foire Aux Questions<\/h2>\t\t\t\t<\/div>\n\t\t\t\t<\/div>\n\t\t\t\t\t<\/div>\n\t\t<\/div>\n\t\t\t\t\t<\/div>\n\t\t<\/section>\n\t\t\t\t<section class=\"elementor-section elementor-top-section elementor-element elementor-element-5942436 elementor-section-boxed elementor-section-height-default elementor-section-height-default\" data-id=\"5942436\" data-element_type=\"section\" data-settings=\"{&quot;background_background&quot;:&quot;classic&quot;,&quot;_ha_eqh_enable&quot;:false}\">\n\t\t\t\t\t\t<div class=\"elementor-container elementor-column-gap-default\">\n\t\t\t\t\t<div class=\"elementor-column elementor-col-100 elementor-top-column elementor-element elementor-element-ef3c6b1\" data-id=\"ef3c6b1\" data-element_type=\"column\" data-settings=\"{&quot;background_background&quot;:&quot;classic&quot;}\">\n\t\t\t<div class=\"elementor-widget-wrap elementor-element-populated\">\n\t\t\t\t\t\t<div class=\"elementor-element elementor-element-76625a8 elementor-widget elementor-widget-heading\" data-id=\"76625a8\" data-element_type=\"widget\" data-widget_type=\"heading.default\">\n\t\t\t\t<div class=\"elementor-widget-container\">\n\t\t\t\t\t<h3 class=\"elementor-heading-title elementor-size-default\">Ateliers<\/h3>\t\t\t\t<\/div>\n\t\t\t\t<\/div>\n\t\t\t\t<div class=\"elementor-element elementor-element-129624e elementor-widget elementor-widget-heading\" data-id=\"129624e\" data-element_type=\"widget\" data-widget_type=\"heading.default\">\n\t\t\t\t<div class=\"elementor-widget-container\">\n\t\t\t\t\t<h4 class=\"elementor-heading-title elementor-size-default\">Qui anime les ateliers ?<\/h4>\t\t\t\t<\/div>\n\t\t\t\t<\/div>\n\t\t\t\t<div class=\"elementor-element elementor-element-8a1f69e elementor-widget elementor-widget-text-editor\" data-id=\"8a1f69e\" data-element_type=\"widget\" data-widget_type=\"text-editor.default\">\n\t\t\t\t<div class=\"elementor-widget-container\">\n\t\t\t\t\t\t\t\t\t<p>Nos animateur\u00b7rice\u00b7s s\u2019assurent du bon d\u00e9roulement de l\u2019atelier, que ces derniers se d\u00e9roulent en ligne ou en pr\u00e9sentiel.<\/p><p>Il nous est \u00e9galement possible de vous former pour que vous donniez l\u2019atelier vous-m\u00eame! Peu importe la formule qui convient \u00e0 votre besoin, faites-nous en part!<\/p>\t\t\t\t\t\t\t\t<\/div>\n\t\t\t\t<\/div>\n\t\t\t\t<div class=\"elementor-element elementor-element-ca93a3e elementor-widget elementor-widget-heading\" data-id=\"ca93a3e\" data-element_type=\"widget\" data-widget_type=\"heading.default\">\n\t\t\t\t<div class=\"elementor-widget-container\">\n\t\t\t\t\t<h4 class=\"elementor-heading-title elementor-size-default\">\u00c0 qui s\u2019adressent les ateliers ?<\/h4>\t\t\t\t<\/div>\n\t\t\t\t<\/div>\n\t\t\t\t<div class=\"elementor-element elementor-element-9e41fcb elementor-widget elementor-widget-text-editor\" data-id=\"9e41fcb\" data-element_type=\"widget\" data-widget_type=\"text-editor.default\">\n\t\t\t\t<div class=\"elementor-widget-container\">\n\t\t\t\t\t\t\t\t\t<p>Nous nous assurons que nos ateliers soient accessibles \u00e0 tou\u00b7te\u00b7s, peu importe le niveau de comp\u00e9tences num\u00e9riques.<\/p><p>Nos ateliers sont \u00e9galement adapt\u00e9s pour les \u00e9l\u00e8ves de 7 \u00e0 17 ans au profil douance, en adaptation scolaire et m\u00eame plus, les adultes en sont souvent adeptes. Nous collaborons avec des jeunes issus de ces communaut\u00e9s pendant le d\u00e9veloppement de l\u2019exp\u00e9rience p\u00e9dagogique dans cette m\u00eame vision d\u2019accessibilit\u00e9 et d\u2019inclusivit\u00e9!<\/p>\t\t\t\t\t\t\t\t<\/div>\n\t\t\t\t<\/div>\n\t\t\t\t<div class=\"elementor-element elementor-element-be4fefb elementor-widget elementor-widget-heading\" data-id=\"be4fefb\" data-element_type=\"widget\" data-widget_type=\"heading.default\">\n\t\t\t\t<div class=\"elementor-widget-container\">\n\t\t\t\t\t<h4 class=\"elementor-heading-title elementor-size-default\">Comment et o\u00f9 se d\u00e9roulent vos ateliers ?<\/h4>\t\t\t\t<\/div>\n\t\t\t\t<\/div>\n\t\t\t\t<div class=\"elementor-element elementor-element-2c41e15 elementor-widget elementor-widget-text-editor\" data-id=\"2c41e15\" data-element_type=\"widget\" data-widget_type=\"text-editor.default\">\n\t\t\t\t<div class=\"elementor-widget-container\">\n\t\t\t\t\t\t\t\t\t<p>\u00c9quipez-vous de votre trousse et laissez-vous guider par nos animateurs et animatrices. Les ateliers peuvent avoir lieu en pr\u00e9sentiel ou en virtuel, et nous pouvons nous d\u00e9placer dans les \u00e9tablissements scolaires, les biblioth\u00e8ques ou autres lieux selon vos besoins.<\/p>\t\t\t\t\t\t\t\t<\/div>\n\t\t\t\t<\/div>\n\t\t\t\t\t<\/div>\n\t\t<\/div>\n\t\t\t\t\t<\/div>\n\t\t<\/section>\n\t\t\t\t<section class=\"elementor-section elementor-top-section elementor-element elementor-element-a5981e2 elementor-section-boxed elementor-section-height-default elementor-section-height-default\" data-id=\"a5981e2\" data-element_type=\"section\" data-settings=\"{&quot;background_background&quot;:&quot;classic&quot;,&quot;_ha_eqh_enable&quot;:false}\">\n\t\t\t\t\t\t<div class=\"elementor-container elementor-column-gap-default\">\n\t\t\t\t\t<div class=\"elementor-column elementor-col-100 elementor-top-column elementor-element elementor-element-6ac7d36\" data-id=\"6ac7d36\" data-element_type=\"column\" data-settings=\"{&quot;background_background&quot;:&quot;classic&quot;}\">\n\t\t\t<div class=\"elementor-widget-wrap elementor-element-populated\">\n\t\t\t\t\t\t<div class=\"elementor-element elementor-element-1ebc8bd elementor-widget elementor-widget-heading\" data-id=\"1ebc8bd\" data-element_type=\"widget\" data-widget_type=\"heading.default\">\n\t\t\t\t<div class=\"elementor-widget-container\">\n\t\t\t\t\t<h3 class=\"elementor-heading-title elementor-size-default\">Formations<\/h3>\t\t\t\t<\/div>\n\t\t\t\t<\/div>\n\t\t\t\t<div class=\"elementor-element elementor-element-17557fb elementor-widget elementor-widget-heading\" data-id=\"17557fb\" data-element_type=\"widget\" data-widget_type=\"heading.default\">\n\t\t\t\t<div class=\"elementor-widget-container\">\n\t\t\t\t\t<h4 class=\"elementor-heading-title elementor-size-default\">Y a-t-il des pr\u00e9requis pour participer ?<\/h4>\t\t\t\t<\/div>\n\t\t\t\t<\/div>\n\t\t\t\t<div class=\"elementor-element elementor-element-500d5f0 elementor-widget elementor-widget-text-editor\" data-id=\"500d5f0\" data-element_type=\"widget\" data-widget_type=\"text-editor.default\">\n\t\t\t\t<div class=\"elementor-widget-container\">\n\t\t\t\t\t\t\t\t\t<p>Nos formations sont adapt\u00e9es pour \u00eatre accessibles \u00e0 tous les niveaux de connaissance de l\u2019\u00e9lectronique. Nos animateur.rice.s pourront s\u2019adapter \u00e0 votre niveau pour vous permettre de comprendre et d\u2019utiliser au mieux nos trousses dans votre organisation.<\/p>\t\t\t\t\t\t\t\t<\/div>\n\t\t\t\t<\/div>\n\t\t\t\t<div class=\"elementor-element elementor-element-e4fd056 elementor-widget elementor-widget-heading\" data-id=\"e4fd056\" data-element_type=\"widget\" data-widget_type=\"heading.default\">\n\t\t\t\t<div class=\"elementor-widget-container\">\n\t\t\t\t\t<h4 class=\"elementor-heading-title elementor-size-default\">Sous quel format sont donn\u00e9es les formations ?<\/h4>\t\t\t\t<\/div>\n\t\t\t\t<\/div>\n\t\t\t\t<div class=\"elementor-element elementor-element-481da64 elementor-widget elementor-widget-text-editor\" data-id=\"481da64\" data-element_type=\"widget\" data-widget_type=\"text-editor.default\">\n\t\t\t\t<div class=\"elementor-widget-container\">\n\t\t\t\t\t\t\t\t\t<p>Les formations pourront \u00eatre r\u00e9alis\u00e9es en virtuel ou en pr\u00e9sentiel pour s\u2019adapter aux besoins de votre organisation. L\u2019objectif est de vous donner toutes les cl\u00e9s pour que vous puissiez animer des ateliers avec nos trousses en totale autonomie.<\/p>\t\t\t\t\t\t\t\t<\/div>\n\t\t\t\t<\/div>\n\t\t\t\t\t<\/div>\n\t\t<\/div>\n\t\t\t\t\t<\/div>\n\t\t<\/section>\n\t\t\t\t<section class=\"elementor-section elementor-top-section elementor-element elementor-element-b2bbd57 elementor-section-boxed elementor-section-height-default elementor-section-height-default\" data-id=\"b2bbd57\" data-element_type=\"section\" data-settings=\"{&quot;_ha_eqh_enable&quot;:false}\">\n\t\t\t\t\t\t<div class=\"elementor-container elementor-column-gap-default\">\n\t\t\t\t\t<div class=\"elementor-column elementor-col-100 elementor-top-column elementor-element elementor-element-9fe7a62\" data-id=\"9fe7a62\" data-element_type=\"column\" data-settings=\"{&quot;background_background&quot;:&quot;classic&quot;}\">\n\t\t\t<div class=\"elementor-widget-wrap elementor-element-populated\">\n\t\t\t\t\t\t<div class=\"elementor-element elementor-element-37f192a elementor-widget elementor-widget-heading\" data-id=\"37f192a\" data-element_type=\"widget\" data-widget_type=\"heading.default\">\n\t\t\t\t<div class=\"elementor-widget-container\">\n\t\t\t\t\t<h3 class=\"elementor-heading-title elementor-size-default\">Trousses<\/h3>\t\t\t\t<\/div>\n\t\t\t\t<\/div>\n\t\t\t\t<div class=\"elementor-element elementor-element-c0f5428 elementor-widget elementor-widget-heading\" data-id=\"c0f5428\" data-element_type=\"widget\" data-widget_type=\"heading.default\">\n\t\t\t\t<div class=\"elementor-widget-container\">\n\t\t\t\t\t<h4 class=\"elementor-heading-title elementor-size-default\">J\u2019ai besoin d\u2019un code utilisateur, comment le demander ?<\/h4>\t\t\t\t<\/div>\n\t\t\t\t<\/div>\n\t\t\t\t<div class=\"elementor-element elementor-element-b77254d elementor-widget elementor-widget-text-editor\" data-id=\"b77254d\" data-element_type=\"widget\" data-widget_type=\"text-editor.default\">\n\t\t\t\t<div class=\"elementor-widget-container\">\n\t\t\t\t\t\t\t\t\t<p>Afin d&#8217;obtenir un code utilisateur, nous vous invitons \u00e0 nous partager votre adresse courriel par la page de contact ou par le GenieBot, accessible via l&#8217;ic\u00f4ne des bulles de discussions en bas \u00e0 droite de votre \u00e9cran. Nous pourrons ensuite vous transf\u00e9rer votre code d\u2019acc\u00e8s aux parcours d\u2019apprentissage en ligne afin d\u2019utiliser votre trousse Wally, Rosy ou Ziggy en toute simplicit\u00e9 !<\/p>\t\t\t\t\t\t\t\t<\/div>\n\t\t\t\t<\/div>\n\t\t\t\t<div class=\"elementor-element elementor-element-82b2c99 elementor-widget elementor-widget-heading\" data-id=\"82b2c99\" data-element_type=\"widget\" data-widget_type=\"heading.default\">\n\t\t\t\t<div class=\"elementor-widget-container\">\n\t\t\t\t\t<h4 class=\"elementor-heading-title elementor-size-default\">En savoir plus sur la d\u00e9marche d'accessibilit\u00e9<\/h4>\t\t\t\t<\/div>\n\t\t\t\t<\/div>\n\t\t\t\t<div class=\"elementor-element elementor-element-6acd9eb elementor-widget elementor-widget-text-editor\" data-id=\"6acd9eb\" data-element_type=\"widget\" data-widget_type=\"text-editor.default\">\n\t\t\t\t<div class=\"elementor-widget-container\">\n\t\t\t\t\t\t\t\t\t<p>Toutes nos trousses ont \u00e9t\u00e9 con\u00e7ues pour ne laisser personne de c\u00f4t\u00e9 ! Nous pensons que l\u2019\u00e9ducation se doit \u00eatre accessible \u00e0 toutes et tous. Dans ce but, tous nos produits ont \u00e9t\u00e9 con\u00e7us avec la collaboration de sp\u00e9cialistes en adaptation scolaire. Nos produits ont \u00e9t\u00e9 imagin\u00e9s et valid\u00e9s par plusieurs conseillers et conseill\u00e8res p\u00e9dagogiques qui travaillent avec des jeunes (classes douance, adaptation scolaire, classes r\u00e9gulier) de plusieurs milieux. Les jeunes du Centre d&#8217;Int\u00e9gration Scolaire Inc de Montr\u00e9al contribuent \u00e0 l&#8217;am\u00e9lioration des parcours et sont impliqu\u00e9s et contribuent activement \u00e0 bonifier nos produits et services tout au long de leur \u00e9volution.<\/p>\t\t\t\t\t\t\t\t<\/div>\n\t\t\t\t<\/div>\n\t\t\t\t<div class=\"elementor-element elementor-element-6251c67 elementor-widget elementor-widget-heading\" data-id=\"6251c67\" data-element_type=\"widget\" data-widget_type=\"heading.default\">\n\t\t\t\t<div class=\"elementor-widget-container\">\n\t\t\t\t\t<h4 class=\"elementor-heading-title elementor-size-default\">Ma trousse est arriv\u00e9e avec du mat\u00e9riel ab\u00eem\u00e9, que dois-je faire ?\u200b<\/h4>\t\t\t\t<\/div>\n\t\t\t\t<\/div>\n\t\t\t\t<div class=\"elementor-element elementor-element-05b3822 elementor-widget elementor-widget-text-editor\" data-id=\"05b3822\" data-element_type=\"widget\" data-widget_type=\"text-editor.default\">\n\t\t\t\t<div class=\"elementor-widget-container\">\n\t\t\t\t\t\t\t\t\t<p>Si vous constatez que le mat\u00e9riel n&#8217;est pas conforme ou utilisable lors de sa livraison, nous vous invitons \u00e0 remplir<a href=\"https:\/\/share.hsforms.com\/1qYLAkgOqQiSnaAMestZU3g45g1a\"> ce formulaire<\/a> pour nous en avertir.<\/p><p>Nous vous remercions d\u2019y joindre une photo du mat\u00e9riel endommag\u00e9 ainsi que votre facture\/re\u00e7u. Nous vous r\u00e9pondrons dans un d\u00e9lai de 3 jours ouvrables pour r\u00e9gler avec vous la situation.<\/p><p>Nos pi\u00e8ces sont garanties pour une dur\u00e9e de 3 mois et il est rarissime que des bris occurrent.<\/p>\t\t\t\t\t\t\t\t<\/div>\n\t\t\t\t<\/div>\n\t\t\t\t<div class=\"elementor-element elementor-element-e7d36cf elementor-widget elementor-widget-heading\" data-id=\"e7d36cf\" data-element_type=\"widget\" data-widget_type=\"heading.default\">\n\t\t\t\t<div class=\"elementor-widget-container\">\n\t\t\t\t\t<h4 class=\"elementor-heading-title elementor-size-default\">J\u2019ai besoin de mat\u00e9riel de remplacement, que dois-je faire ?\u200b<\/h4>\t\t\t\t<\/div>\n\t\t\t\t<\/div>\n\t\t\t\t<div class=\"elementor-element elementor-element-f18ebf9 elementor-widget elementor-widget-text-editor\" data-id=\"f18ebf9\" data-element_type=\"widget\" data-widget_type=\"text-editor.default\">\n\t\t\t\t<div class=\"elementor-widget-container\">\n\t\t\t\t\t\t\t\t\t<p>Si votre organisation a fait l\u2019acquisition de nos trousses et que ces derni\u00e8res sont disponibles aux pr\u00eats par vos usager-e-s, il peut arriver que certaines pi\u00e8ces aient besoin d\u2019\u00eatre remplac\u00e9es. Pour en savoir plus sur les d\u00e9marches \u00e0 effectuer pour remplacer des pi\u00e8ces, nous vous invitons \u00e0 consulter le <a href=\"https:\/\/app.hubspot.com\/documents\/6972526\/view\/469357796?accessId=2d92bc\">guide de r\u00e9approvisionnement<\/a>.<\/p>\t\t\t\t\t\t\t\t<\/div>\n\t\t\t\t<\/div>\n\t\t\t\t\t<\/div>\n\t\t<\/div>\n\t\t\t\t\t<\/div>\n\t\t<\/section>\n\t\t\t\t<\/div>\n\t\t","protected":false},"excerpt":{"rendered":"<p>Foire Aux Questions Ateliers Qui anime les ateliers ? Nos animateur\u00b7rice\u00b7s s\u2019assurent du bon d\u00e9roulement de l\u2019atelier, que ces derniers se d\u00e9roulent en ligne ou en pr\u00e9sentiel. Il nous est \u00e9galement possible de vous former pour que vous donniez l\u2019atelier vous-m\u00eame! Peu importe la formule qui convient \u00e0 votre besoin, faites-nous en part! \u00c0 qui [&hellip;]<\/p>\n","protected":false},"author":682,"featured_media":0,"parent":0,"menu_order":0,"comment_status":"closed","ping_status":"closed","template":"","meta":{"footnotes":""},"folder":[],"class_list":["post-28201","page","type-page","status-publish","hentry"],"yoast_head":"<!-- This site is optimized with the Yoast SEO plugin v26.5 - https:\/\/yoast.com\/wordpress\/plugins\/seo\/ -->\n<title>FAQ | GenieLab<\/title>\n<meta name=\"description\" content=\"Trouvez rapidement les r\u00e9ponses \u00e0 vos questions les plus fr\u00e9quentes sur notre produit ou service dans notre FAQ. D\u00e9couvrez des solutions simples \u00e0 vos probl\u00e8mes et maximisez votre exp\u00e9rience client. Cliquez ici pour explorer notre base de connaissances d\u00e8s maintenant.\" \/>\n<meta name=\"robots\" content=\"index, follow, max-snippet:-1, max-image-preview:large, max-video-preview:-1\" \/>\n<link rel=\"canonical\" href=\"https:\/\/genielab.co\/fr\/faq\/\" \/>\n<meta property=\"og:locale\" content=\"fr_CA\" \/>\n<meta property=\"og:type\" content=\"article\" \/>\n<meta property=\"og:title\" content=\"FAQ | GenieLab\" \/>\n<meta property=\"og:description\" content=\"Trouvez rapidement les r\u00e9ponses \u00e0 vos questions les plus fr\u00e9quentes sur notre produit ou service dans notre FAQ. D\u00e9couvrez des solutions simples \u00e0 vos probl\u00e8mes et maximisez votre exp\u00e9rience client. Cliquez ici pour explorer notre base de connaissances d\u00e8s maintenant.\" \/>\n<meta property=\"og:url\" content=\"https:\/\/genielab.co\/fr\/faq\/\" \/>\n<meta property=\"og:site_name\" content=\"GenieLab\" \/>\n<meta property=\"article:publisher\" content=\"https:\/\/www.facebook.com\/GenieLabMTL\/\" \/>\n<meta property=\"article:modified_time\" content=\"2024-01-29T15:26:23+00:00\" \/>\n<meta property=\"og:image\" content=\"https:\/\/genielab.co\/wp-content\/uploads\/2021\/03\/GenielabLogo-NRouge.png\" \/>\n\t<meta property=\"og:image:width\" content=\"500\" \/>\n\t<meta property=\"og:image:height\" content=\"143\" \/>\n\t<meta property=\"og:image:type\" content=\"image\/png\" \/>\n<meta name=\"twitter:card\" content=\"summary_large_image\" \/>\n<meta name=\"twitter:site\" content=\"@genielabmtl\" \/>\n<script type=\"application\/ld+json\" class=\"yoast-schema-graph\">{\"@context\":\"https:\/\/schema.org\",\"@graph\":[{\"@type\":[\"WebPage\",\"FAQPage\"],\"@id\":\"https:\/\/genielab.co\/fr\/faq\/\",\"url\":\"https:\/\/genielab.co\/fr\/faq\/\",\"name\":\"FAQ | GenieLab\",\"isPartOf\":{\"@id\":\"https:\/\/genielab.co\/fr\/#website\"},\"datePublished\":\"2022-08-31T15:54:34+00:00\",\"dateModified\":\"2024-01-29T15:26:23+00:00\",\"description\":\"Trouvez rapidement les r\u00e9ponses \u00e0 vos questions les plus fr\u00e9quentes sur notre produit ou service dans notre FAQ. D\u00e9couvrez des solutions simples \u00e0 vos probl\u00e8mes et maximisez votre exp\u00e9rience client. Cliquez ici pour explorer notre base de connaissances d\u00e8s maintenant.\",\"breadcrumb\":{\"@id\":\"https:\/\/genielab.co\/fr\/faq\/#breadcrumb\"},\"inLanguage\":\"fr-CA\",\"potentialAction\":[{\"@type\":\"ReadAction\",\"target\":[\"https:\/\/genielab.co\/fr\/faq\/\"]}]},{\"@type\":\"BreadcrumbList\",\"@id\":\"https:\/\/genielab.co\/fr\/faq\/#breadcrumb\",\"itemListElement\":[{\"@type\":\"ListItem\",\"position\":1,\"name\":\"Accueil\",\"item\":\"https:\/\/genielab.co\/fr\/\"},{\"@type\":\"ListItem\",\"position\":2,\"name\":\"FAQ\"}]},{\"@type\":\"WebSite\",\"@id\":\"https:\/\/genielab.co\/fr\/#website\",\"url\":\"https:\/\/genielab.co\/fr\/\",\"name\":\"GenieLab\",\"description\":\"Propulser la cr\u00e9ativit\u00e9 technologique\",\"publisher\":{\"@id\":\"https:\/\/genielab.co\/fr\/#organization\"},\"potentialAction\":[{\"@type\":\"SearchAction\",\"target\":{\"@type\":\"EntryPoint\",\"urlTemplate\":\"https:\/\/genielab.co\/fr\/?s={search_term_string}\"},\"query-input\":{\"@type\":\"PropertyValueSpecification\",\"valueRequired\":true,\"valueName\":\"search_term_string\"}}],\"inLanguage\":\"fr-CA\"},{\"@type\":\"Organization\",\"@id\":\"https:\/\/genielab.co\/fr\/#organization\",\"name\":\"G\u00e9nieLab\",\"url\":\"https:\/\/genielab.co\/fr\/\",\"logo\":{\"@type\":\"ImageObject\",\"inLanguage\":\"fr-CA\",\"@id\":\"https:\/\/genielab.co\/fr\/#\/schema\/logo\/image\/\",\"url\":\"https:\/\/genielab.co\/wp-content\/uploads\/2021\/03\/GenielabLogo-g-NRouge-1.png\",\"contentUrl\":\"https:\/\/genielab.co\/wp-content\/uploads\/2021\/03\/GenielabLogo-g-NRouge-1.png\",\"width\":197,\"height\":271,\"caption\":\"G\u00e9nieLab\"},\"image\":{\"@id\":\"https:\/\/genielab.co\/fr\/#\/schema\/logo\/image\/\"},\"sameAs\":[\"https:\/\/www.facebook.com\/GenieLabMTL\/\",\"https:\/\/x.com\/genielabmtl\",\"https:\/\/www.instagram.com\/genielabmtl\/\",\"https:\/\/www.linkedin.com\/company\/genielab\/\",\"https:\/\/www.youtube.com\/@genielabmtl6100\"]}]}<\/script>\n<!-- \/ Yoast SEO plugin. -->","yoast_head_json":{"title":"FAQ | GenieLab","description":"Trouvez rapidement les r\u00e9ponses \u00e0 vos questions les plus fr\u00e9quentes sur notre produit ou service dans notre FAQ. D\u00e9couvrez des solutions simples \u00e0 vos probl\u00e8mes et maximisez votre exp\u00e9rience client. Cliquez ici pour explorer notre base de connaissances d\u00e8s maintenant.","robots":{"index":"index","follow":"follow","max-snippet":"max-snippet:-1","max-image-preview":"max-image-preview:large","max-video-preview":"max-video-preview:-1"},"canonical":"https:\/\/genielab.co\/fr\/faq\/","og_locale":"fr_CA","og_type":"article","og_title":"FAQ | GenieLab","og_description":"Trouvez rapidement les r\u00e9ponses \u00e0 vos questions les plus fr\u00e9quentes sur notre produit ou service dans notre FAQ. D\u00e9couvrez des solutions simples \u00e0 vos probl\u00e8mes et maximisez votre exp\u00e9rience client. Cliquez ici pour explorer notre base de connaissances d\u00e8s maintenant.","og_url":"https:\/\/genielab.co\/fr\/faq\/","og_site_name":"GenieLab","article_publisher":"https:\/\/www.facebook.com\/GenieLabMTL\/","article_modified_time":"2024-01-29T15:26:23+00:00","og_image":[{"width":500,"height":143,"url":"https:\/\/genielab.co\/wp-content\/uploads\/2021\/03\/GenielabLogo-NRouge.png","type":"image\/png"}],"twitter_card":"summary_large_image","twitter_site":"@genielabmtl","schema":{"@context":"https:\/\/schema.org","@graph":[{"@type":["WebPage","FAQPage"],"@id":"https:\/\/genielab.co\/fr\/faq\/","url":"https:\/\/genielab.co\/fr\/faq\/","name":"FAQ | GenieLab","isPartOf":{"@id":"https:\/\/genielab.co\/fr\/#website"},"datePublished":"2022-08-31T15:54:34+00:00","dateModified":"2024-01-29T15:26:23+00:00","description":"Trouvez rapidement les r\u00e9ponses \u00e0 vos questions les plus fr\u00e9quentes sur notre produit ou service dans notre FAQ. D\u00e9couvrez des solutions simples \u00e0 vos probl\u00e8mes et maximisez votre exp\u00e9rience client. Cliquez ici pour explorer notre base de connaissances d\u00e8s maintenant.","breadcrumb":{"@id":"https:\/\/genielab.co\/fr\/faq\/#breadcrumb"},"inLanguage":"fr-CA","potentialAction":[{"@type":"ReadAction","target":["https:\/\/genielab.co\/fr\/faq\/"]}]},{"@type":"BreadcrumbList","@id":"https:\/\/genielab.co\/fr\/faq\/#breadcrumb","itemListElement":[{"@type":"ListItem","position":1,"name":"Accueil","item":"https:\/\/genielab.co\/fr\/"},{"@type":"ListItem","position":2,"name":"FAQ"}]},{"@type":"WebSite","@id":"https:\/\/genielab.co\/fr\/#website","url":"https:\/\/genielab.co\/fr\/","name":"GenieLab","description":"Propulser la cr\u00e9ativit\u00e9 technologique","publisher":{"@id":"https:\/\/genielab.co\/fr\/#organization"},"potentialAction":[{"@type":"SearchAction","target":{"@type":"EntryPoint","urlTemplate":"https:\/\/genielab.co\/fr\/?s={search_term_string}"},"query-input":{"@type":"PropertyValueSpecification","valueRequired":true,"valueName":"search_term_string"}}],"inLanguage":"fr-CA"},{"@type":"Organization","@id":"https:\/\/genielab.co\/fr\/#organization","name":"G\u00e9nieLab","url":"https:\/\/genielab.co\/fr\/","logo":{"@type":"ImageObject","inLanguage":"fr-CA","@id":"https:\/\/genielab.co\/fr\/#\/schema\/logo\/image\/","url":"https:\/\/genielab.co\/wp-content\/uploads\/2021\/03\/GenielabLogo-g-NRouge-1.png","contentUrl":"https:\/\/genielab.co\/wp-content\/uploads\/2021\/03\/GenielabLogo-g-NRouge-1.png","width":197,"height":271,"caption":"G\u00e9nieLab"},"image":{"@id":"https:\/\/genielab.co\/fr\/#\/schema\/logo\/image\/"},"sameAs":["https:\/\/www.facebook.com\/GenieLabMTL\/","https:\/\/x.com\/genielabmtl","https:\/\/www.instagram.com\/genielabmtl\/","https:\/\/www.linkedin.com\/company\/genielab\/","https:\/\/www.youtube.com\/@genielabmtl6100"]}]}},"_links":{"self":[{"href":"https:\/\/genielab.co\/fr\/wp-json\/wp\/v2\/pages\/28201","targetHints":{"allow":["GET"]}}],"collection":[{"href":"https:\/\/genielab.co\/fr\/wp-json\/wp\/v2\/pages"}],"about":[{"href":"https:\/\/genielab.co\/fr\/wp-json\/wp\/v2\/types\/page"}],"author":[{"embeddable":true,"href":"https:\/\/genielab.co\/fr\/wp-json\/wp\/v2\/users\/682"}],"replies":[{"embeddable":true,"href":"https:\/\/genielab.co\/fr\/wp-json\/wp\/v2\/comments?post=28201"}],"version-history":[{"count":3,"href":"https:\/\/genielab.co\/fr\/wp-json\/wp\/v2\/pages\/28201\/revisions"}],"predecessor-version":[{"id":35233,"href":"https:\/\/genielab.co\/fr\/wp-json\/wp\/v2\/pages\/28201\/revisions\/35233"}],"wp:attachment":[{"href":"https:\/\/genielab.co\/fr\/wp-json\/wp\/v2\/media?parent=28201"}],"wp:term":[{"taxonomy":"folder","embeddable":true,"href":"https:\/\/genielab.co\/fr\/wp-json\/wp\/v2\/folder?post=28201"}],"curies":[{"name":"wp","href":"https:\/\/api.w.org\/{rel}","templated":true}]}}