{"id":9557,"date":"2020-10-21T23:06:36","date_gmt":"2020-10-22T03:06:36","guid":{"rendered":"https:\/\/staging.genielab.co\/?page_id=9557"},"modified":"2024-01-29T16:33:46","modified_gmt":"2024-01-29T21:33:46","slug":"politique-de-confidentialite","status":"publish","type":"page","link":"https:\/\/genielab.co\/fr\/politique-de-confidentialite\/","title":{"rendered":"Politique de confidentialit\u00e9"},"content":{"rendered":"\t\t<div data-elementor-type=\"wp-page\" data-elementor-id=\"9557\" class=\"elementor elementor-9557 elementor-9474\" data-elementor-settings=\"{&quot;ha_cmc_init_switcher&quot;:&quot;no&quot;}\" data-elementor-post-type=\"page\">\n\t\t\t\t\t\t<section class=\"elementor-section elementor-top-section elementor-element elementor-element-b3c1e34 elementor-section-boxed elementor-section-height-default elementor-section-height-default\" data-id=\"b3c1e34\" data-element_type=\"section\" data-settings=\"{&quot;_ha_eqh_enable&quot;:false}\">\n\t\t\t\t\t\t<div class=\"elementor-container elementor-column-gap-default\">\n\t\t\t\t\t<div class=\"elementor-column elementor-col-100 elementor-top-column elementor-element elementor-element-18266d7\" data-id=\"18266d7\" data-element_type=\"column\">\n\t\t\t<div class=\"elementor-widget-wrap elementor-element-populated\">\n\t\t\t\t\t\t<div class=\"elementor-element elementor-element-54d5c01 elementor-widget elementor-widget-spacer\" data-id=\"54d5c01\" data-element_type=\"widget\" data-widget_type=\"spacer.default\">\n\t\t\t\t<div class=\"elementor-widget-container\">\n\t\t\t\t\t\t\t<div class=\"elementor-spacer\">\n\t\t\t<div class=\"elementor-spacer-inner\"><\/div>\n\t\t<\/div>\n\t\t\t\t\t\t<\/div>\n\t\t\t\t<\/div>\n\t\t\t\t<div class=\"elementor-element elementor-element-0131a15 elementor-widget elementor-widget-heading\" data-id=\"0131a15\" data-element_type=\"widget\" data-widget_type=\"heading.default\">\n\t\t\t\t<div class=\"elementor-widget-container\">\n\t\t\t\t\t<h1 class=\"elementor-heading-title elementor-size-xl\">Politique de confidentialit\u00e9<\/h1>\t\t\t\t<\/div>\n\t\t\t\t<\/div>\n\t\t\t\t<div class=\"elementor-element elementor-element-661b455 elementor-widget elementor-widget-heading\" data-id=\"661b455\" data-element_type=\"widget\" data-widget_type=\"heading.default\">\n\t\t\t\t<div class=\"elementor-widget-container\">\n\t\t\t\t\t<h3 class=\"elementor-heading-title elementor-size-default\">15 octobre 2020   \t \n<\/h3>\t\t\t\t<\/div>\n\t\t\t\t<\/div>\n\t\t\t\t<div class=\"elementor-element elementor-element-919dcee elementor-widget elementor-widget-spacer\" data-id=\"919dcee\" data-element_type=\"widget\" data-widget_type=\"spacer.default\">\n\t\t\t\t<div class=\"elementor-widget-container\">\n\t\t\t\t\t\t\t<div class=\"elementor-spacer\">\n\t\t\t<div class=\"elementor-spacer-inner\"><\/div>\n\t\t<\/div>\n\t\t\t\t\t\t<\/div>\n\t\t\t\t<\/div>\n\t\t\t\t<div class=\"elementor-element elementor-element-f0ea54a elementor-widget elementor-widget-text-editor\" data-id=\"f0ea54a\" data-element_type=\"widget\" data-widget_type=\"text-editor.default\">\n\t\t\t\t<div class=\"elementor-widget-container\">\n\t\t\t\t\t\t\t\t\t<p><span style=\"font-weight: 400;\">G\u00e9nieLab. (&#8220;Mini Collectif&#8221;, &#8220;nous&#8221;, &#8220;notre&#8221;, &#8220;nos&#8221;) fournit cette politique de confidentialit\u00e9 parce que nous savons que la fa\u00e7on dont vos informations sont collect\u00e9es, utilis\u00e9es, partag\u00e9es et conserv\u00e9es est importante pour vous. Cette politique de confidentialit\u00e9 s&#8217;applique uniquement aux donn\u00e9es collect\u00e9es lorsque vous acc\u00e9dez \u00e0 notre site Web situ\u00e9 \u00e0 http:\/\/genielab.co\/ (&#8220;Site Web&#8221;, &#8220;site&#8221;), ou utilisez nos services qui peuvent \u00eatre accessibles via le Site Web, G\u00e9nieBlog, et tout autre service et produit de G\u00e9nieLab. En visitant le Site Web ou en utilisant les Services, vous acceptez la pr\u00e9sente politique de confidentialit\u00e9.\u00a0 \u00a0 <\/span> <span style=\"font-weight: 400;\">\u00a0<\/span><\/p><h3><strong>Quelles sont les informations que nous recueillons et pourquoi<\/strong><\/h3><p><span style=\"font-weight: 400;\">Nos clients autorisent la collecte, le traitement et le transfert de ces informations, et assument la responsabilit\u00e9 contractuelle de fournir une notification aux parents et aux enseignant.es des \u00e9tudiants et d&#8217;obtenir tous les consentements requis par les lois et r\u00e8glements applicables. Nous recueillons les cat\u00e9gories d&#8217;informations suivantes.\u00a0 \u00a0 <\/span> <span style=\"font-weight: 400;\">\u00a0<\/span><\/p><h3><b>Informations de contact\u00a0 \u00a0 \u00a0 \u00a0 \u00a0 \u00a0 <\/b> <b>\u00a0<\/b><\/h3><p><span style=\"font-weight: 400;\">Nous recueillons sur notre site web les coordonn\u00e9es des visiteurs qui souhaitent acheter nos services ou demander de l&#8217;aide ou recevoir des communications commerciales. Toutes les informations de contact sont fournies volontairement via les formulaires du site web. Les informations de contact sont les suivantes : pr\u00e9nom, nom de famille, adresse \u00e9lectronique, nom de l&#8217;organisation, pays et \u00e9tat\/r\u00e9gion. Les informations de contact sont utilis\u00e9es par nos \u00e9quipes de vente, de marketing, d&#8217;assistance et de produits pour contacter les visiteurs afin de leur fournir les informations ou l&#8217;assistance demand\u00e9es.\u00a0 \u00a0 \u00a0 \u00a0 <\/span> <span style=\"font-weight: 400;\">\u00a0<\/span><\/p><h3><b>\u00c9tablissements d&#8217;enseignement \u00a0 <\/b><span style=\"font-weight: 400;\">\u00a0\u00a0\u00a0\u00a0<\/span> <span style=\"font-weight: 400;\">\u00a0<\/span><\/h3><p><span style=\"font-weight: 400;\">Lorsque nous travaillons avec des \u00e9tablissements d&#8217;enseignement, nous demandons aux \u00e9coles de nous fournir les informations suivantes : coordonn\u00e9es de facturation et informatiques, fuseau horaire et informations sur la configuration du syst\u00e8me. Nous demandons \u00e9galement des informations sur l&#8217;\u00e9ducation telles que le nom des classes, les niveaux des \u00e9tudiants et les langues utilis\u00e9es pour les \u00e9coles dans lesquelles nos exp\u00e9riences sont enseign\u00e9es.\u00a0 \u00a0 <\/span> <span style=\"font-weight: 400;\">\u00a0<\/span><\/p><h3><b>Informations g\u00e9n\u00e9r\u00e9es par les participant.e.s\u00a0 \u00a0 \u00a0 \u00a0 \u00a0 \u00a0 <\/b> <b>\u00a0<\/b><\/h3><p><span style=\"font-weight: 400;\">Les participant.e.s qui utilisent nos produits et services par l&#8217;interm\u00e9diaire de nos clients cr\u00e9ent des quantit\u00e9s importantes de contenu comme des conversations en ligne, des documents, des sons, des images et d&#8217;autres donn\u00e9es non sensibles ou non identifiables qui sont conserv\u00e9es dans la plate-forme en nuage de G\u00e9nieLab. Le contenu g\u00e9n\u00e9r\u00e9 par les utilisateur.rice.s et les m\u00e9tadonn\u00e9es de contenu (par exemple les titres de documents, les dates de cr\u00e9ation) conserv\u00e9s dans la plate-forme en nuage de G\u00e9nieLab sont essentiels pour la fourniture des Services, et nous y acc\u00e9dons et les traitons uniquement \u00e0 cette fin. Le contenu g\u00e9n\u00e9r\u00e9 par les utilisateurs ne sera pas partag\u00e9 publiquement sans le consentement expr\u00e8s du cr\u00e9ateur.<\/span><\/p>\t\t\t\t\t\t\t\t<\/div>\n\t\t\t\t<\/div>\n\t\t\t\t<div class=\"elementor-element elementor-element-fce97ed elementor-widget elementor-widget-spacer\" data-id=\"fce97ed\" data-element_type=\"widget\" data-widget_type=\"spacer.default\">\n\t\t\t\t<div class=\"elementor-widget-container\">\n\t\t\t\t\t\t\t<div class=\"elementor-spacer\">\n\t\t\t<div class=\"elementor-spacer-inner\"><\/div>\n\t\t<\/div>\n\t\t\t\t\t\t<\/div>\n\t\t\t\t<\/div>\n\t\t\t\t\t<\/div>\n\t\t<\/div>\n\t\t\t\t\t<\/div>\n\t\t<\/section>\n\t\t\t\t<\/div>\n\t\t","protected":false},"excerpt":{"rendered":"<p>Politique de confidentialit\u00e9 15 octobre 2020 G\u00e9nieLab. (&#8220;Mini Collectif&#8221;, &#8220;nous&#8221;, &#8220;notre&#8221;, &#8220;nos&#8221;) fournit cette politique de confidentialit\u00e9 parce que nous savons que la fa\u00e7on dont vos informations sont collect\u00e9es, utilis\u00e9es, partag\u00e9es et conserv\u00e9es est importante pour vous. Cette politique de confidentialit\u00e9 s&#8217;applique uniquement aux donn\u00e9es collect\u00e9es lorsque vous acc\u00e9dez \u00e0 notre site Web situ\u00e9 \u00e0 [&hellip;]<\/p>\n","protected":false},"author":682,"featured_media":0,"parent":0,"menu_order":0,"comment_status":"closed","ping_status":"closed","template":"","meta":{"footnotes":""},"folder":[181],"class_list":["post-9557","page","type-page","status-publish","hentry"],"yoast_head":"<!-- This site is optimized with the Yoast SEO plugin v26.5 - https:\/\/yoast.com\/wordpress\/plugins\/seo\/ -->\n<title>Politique de confidentialit\u00e9 | GenieLab<\/title>\n<meta name=\"description\" content=\"Notre politique de confidentialit\u00e9 explique comment nous prot\u00e9geons vos donn\u00e9es personnelles. Chez G\u00e9nieLab, la confidentialit\u00e9 de nos utilisateurs est une priorit\u00e9. Consultez notre politique pour en savoir plus sur la mani\u00e8re dont nous collectons, utilisons et prot\u00e9geons vos informations.\" \/>\n<meta name=\"robots\" content=\"index, follow, max-snippet:-1, max-image-preview:large, max-video-preview:-1\" \/>\n<link rel=\"canonical\" href=\"https:\/\/genielab.co\/fr\/politique-de-confidentialite\/\" \/>\n<meta property=\"og:locale\" content=\"fr_CA\" \/>\n<meta property=\"og:type\" content=\"article\" \/>\n<meta property=\"og:title\" content=\"Politique de confidentialit\u00e9 | GenieLab\" \/>\n<meta property=\"og:description\" content=\"Notre politique de confidentialit\u00e9 explique comment nous prot\u00e9geons vos donn\u00e9es personnelles. Chez G\u00e9nieLab, la confidentialit\u00e9 de nos utilisateurs est une priorit\u00e9. Consultez notre politique pour en savoir plus sur la mani\u00e8re dont nous collectons, utilisons et prot\u00e9geons vos informations.\" \/>\n<meta property=\"og:url\" content=\"https:\/\/genielab.co\/fr\/politique-de-confidentialite\/\" \/>\n<meta property=\"og:site_name\" content=\"GenieLab\" \/>\n<meta property=\"article:publisher\" content=\"https:\/\/www.facebook.com\/GenieLabMTL\/\" \/>\n<meta property=\"article:modified_time\" content=\"2024-01-29T21:33:46+00:00\" \/>\n<meta property=\"og:image\" content=\"https:\/\/genielab.co\/wp-content\/uploads\/2021\/03\/GenielabLogo-NRouge.png\" \/>\n\t<meta property=\"og:image:width\" content=\"500\" \/>\n\t<meta property=\"og:image:height\" content=\"143\" \/>\n\t<meta property=\"og:image:type\" content=\"image\/png\" \/>\n<meta name=\"twitter:card\" content=\"summary_large_image\" \/>\n<meta name=\"twitter:site\" content=\"@genielabmtl\" \/>\n<script type=\"application\/ld+json\" class=\"yoast-schema-graph\">{\"@context\":\"https:\/\/schema.org\",\"@graph\":[{\"@type\":\"WebPage\",\"@id\":\"https:\/\/genielab.co\/fr\/politique-de-confidentialite\/\",\"url\":\"https:\/\/genielab.co\/fr\/politique-de-confidentialite\/\",\"name\":\"Politique de confidentialit\u00e9 | GenieLab\",\"isPartOf\":{\"@id\":\"https:\/\/genielab.co\/fr\/#website\"},\"datePublished\":\"2020-10-22T03:06:36+00:00\",\"dateModified\":\"2024-01-29T21:33:46+00:00\",\"description\":\"Notre politique de confidentialit\u00e9 explique comment nous prot\u00e9geons vos donn\u00e9es personnelles. Chez G\u00e9nieLab, la confidentialit\u00e9 de nos utilisateurs est une priorit\u00e9. Consultez notre politique pour en savoir plus sur la mani\u00e8re dont nous collectons, utilisons et prot\u00e9geons vos informations.\",\"breadcrumb\":{\"@id\":\"https:\/\/genielab.co\/fr\/politique-de-confidentialite\/#breadcrumb\"},\"inLanguage\":\"fr-CA\",\"potentialAction\":[{\"@type\":\"ReadAction\",\"target\":[\"https:\/\/genielab.co\/fr\/politique-de-confidentialite\/\"]}]},{\"@type\":\"BreadcrumbList\",\"@id\":\"https:\/\/genielab.co\/fr\/politique-de-confidentialite\/#breadcrumb\",\"itemListElement\":[{\"@type\":\"ListItem\",\"position\":1,\"name\":\"Accueil\",\"item\":\"https:\/\/genielab.co\/fr\/\"},{\"@type\":\"ListItem\",\"position\":2,\"name\":\"Politique de confidentialit\u00e9\"}]},{\"@type\":\"WebSite\",\"@id\":\"https:\/\/genielab.co\/fr\/#website\",\"url\":\"https:\/\/genielab.co\/fr\/\",\"name\":\"GenieLab\",\"description\":\"Propulser la cr\u00e9ativit\u00e9 technologique\",\"publisher\":{\"@id\":\"https:\/\/genielab.co\/fr\/#organization\"},\"potentialAction\":[{\"@type\":\"SearchAction\",\"target\":{\"@type\":\"EntryPoint\",\"urlTemplate\":\"https:\/\/genielab.co\/fr\/?s={search_term_string}\"},\"query-input\":{\"@type\":\"PropertyValueSpecification\",\"valueRequired\":true,\"valueName\":\"search_term_string\"}}],\"inLanguage\":\"fr-CA\"},{\"@type\":\"Organization\",\"@id\":\"https:\/\/genielab.co\/fr\/#organization\",\"name\":\"G\u00e9nieLab\",\"url\":\"https:\/\/genielab.co\/fr\/\",\"logo\":{\"@type\":\"ImageObject\",\"inLanguage\":\"fr-CA\",\"@id\":\"https:\/\/genielab.co\/fr\/#\/schema\/logo\/image\/\",\"url\":\"https:\/\/genielab.co\/wp-content\/uploads\/2021\/03\/GenielabLogo-g-NRouge-1.png\",\"contentUrl\":\"https:\/\/genielab.co\/wp-content\/uploads\/2021\/03\/GenielabLogo-g-NRouge-1.png\",\"width\":197,\"height\":271,\"caption\":\"G\u00e9nieLab\"},\"image\":{\"@id\":\"https:\/\/genielab.co\/fr\/#\/schema\/logo\/image\/\"},\"sameAs\":[\"https:\/\/www.facebook.com\/GenieLabMTL\/\",\"https:\/\/x.com\/genielabmtl\",\"https:\/\/www.instagram.com\/genielabmtl\/\",\"https:\/\/www.linkedin.com\/company\/genielab\/\",\"https:\/\/www.youtube.com\/@genielabmtl6100\"]}]}<\/script>\n<!-- \/ Yoast SEO plugin. -->","yoast_head_json":{"title":"Politique de confidentialit\u00e9 | GenieLab","description":"Notre politique de confidentialit\u00e9 explique comment nous prot\u00e9geons vos donn\u00e9es personnelles. Chez G\u00e9nieLab, la confidentialit\u00e9 de nos utilisateurs est une priorit\u00e9. Consultez notre politique pour en savoir plus sur la mani\u00e8re dont nous collectons, utilisons et prot\u00e9geons vos informations.","robots":{"index":"index","follow":"follow","max-snippet":"max-snippet:-1","max-image-preview":"max-image-preview:large","max-video-preview":"max-video-preview:-1"},"canonical":"https:\/\/genielab.co\/fr\/politique-de-confidentialite\/","og_locale":"fr_CA","og_type":"article","og_title":"Politique de confidentialit\u00e9 | GenieLab","og_description":"Notre politique de confidentialit\u00e9 explique comment nous prot\u00e9geons vos donn\u00e9es personnelles. Chez G\u00e9nieLab, la confidentialit\u00e9 de nos utilisateurs est une priorit\u00e9. Consultez notre politique pour en savoir plus sur la mani\u00e8re dont nous collectons, utilisons et prot\u00e9geons vos informations.","og_url":"https:\/\/genielab.co\/fr\/politique-de-confidentialite\/","og_site_name":"GenieLab","article_publisher":"https:\/\/www.facebook.com\/GenieLabMTL\/","article_modified_time":"2024-01-29T21:33:46+00:00","og_image":[{"width":500,"height":143,"url":"https:\/\/genielab.co\/wp-content\/uploads\/2021\/03\/GenielabLogo-NRouge.png","type":"image\/png"}],"twitter_card":"summary_large_image","twitter_site":"@genielabmtl","schema":{"@context":"https:\/\/schema.org","@graph":[{"@type":"WebPage","@id":"https:\/\/genielab.co\/fr\/politique-de-confidentialite\/","url":"https:\/\/genielab.co\/fr\/politique-de-confidentialite\/","name":"Politique de confidentialit\u00e9 | GenieLab","isPartOf":{"@id":"https:\/\/genielab.co\/fr\/#website"},"datePublished":"2020-10-22T03:06:36+00:00","dateModified":"2024-01-29T21:33:46+00:00","description":"Notre politique de confidentialit\u00e9 explique comment nous prot\u00e9geons vos donn\u00e9es personnelles. Chez G\u00e9nieLab, la confidentialit\u00e9 de nos utilisateurs est une priorit\u00e9. Consultez notre politique pour en savoir plus sur la mani\u00e8re dont nous collectons, utilisons et prot\u00e9geons vos informations.","breadcrumb":{"@id":"https:\/\/genielab.co\/fr\/politique-de-confidentialite\/#breadcrumb"},"inLanguage":"fr-CA","potentialAction":[{"@type":"ReadAction","target":["https:\/\/genielab.co\/fr\/politique-de-confidentialite\/"]}]},{"@type":"BreadcrumbList","@id":"https:\/\/genielab.co\/fr\/politique-de-confidentialite\/#breadcrumb","itemListElement":[{"@type":"ListItem","position":1,"name":"Accueil","item":"https:\/\/genielab.co\/fr\/"},{"@type":"ListItem","position":2,"name":"Politique de confidentialit\u00e9"}]},{"@type":"WebSite","@id":"https:\/\/genielab.co\/fr\/#website","url":"https:\/\/genielab.co\/fr\/","name":"GenieLab","description":"Propulser la cr\u00e9ativit\u00e9 technologique","publisher":{"@id":"https:\/\/genielab.co\/fr\/#organization"},"potentialAction":[{"@type":"SearchAction","target":{"@type":"EntryPoint","urlTemplate":"https:\/\/genielab.co\/fr\/?s={search_term_string}"},"query-input":{"@type":"PropertyValueSpecification","valueRequired":true,"valueName":"search_term_string"}}],"inLanguage":"fr-CA"},{"@type":"Organization","@id":"https:\/\/genielab.co\/fr\/#organization","name":"G\u00e9nieLab","url":"https:\/\/genielab.co\/fr\/","logo":{"@type":"ImageObject","inLanguage":"fr-CA","@id":"https:\/\/genielab.co\/fr\/#\/schema\/logo\/image\/","url":"https:\/\/genielab.co\/wp-content\/uploads\/2021\/03\/GenielabLogo-g-NRouge-1.png","contentUrl":"https:\/\/genielab.co\/wp-content\/uploads\/2021\/03\/GenielabLogo-g-NRouge-1.png","width":197,"height":271,"caption":"G\u00e9nieLab"},"image":{"@id":"https:\/\/genielab.co\/fr\/#\/schema\/logo\/image\/"},"sameAs":["https:\/\/www.facebook.com\/GenieLabMTL\/","https:\/\/x.com\/genielabmtl","https:\/\/www.instagram.com\/genielabmtl\/","https:\/\/www.linkedin.com\/company\/genielab\/","https:\/\/www.youtube.com\/@genielabmtl6100"]}]}},"_links":{"self":[{"href":"https:\/\/genielab.co\/fr\/wp-json\/wp\/v2\/pages\/9557","targetHints":{"allow":["GET"]}}],"collection":[{"href":"https:\/\/genielab.co\/fr\/wp-json\/wp\/v2\/pages"}],"about":[{"href":"https:\/\/genielab.co\/fr\/wp-json\/wp\/v2\/types\/page"}],"author":[{"embeddable":true,"href":"https:\/\/genielab.co\/fr\/wp-json\/wp\/v2\/users\/682"}],"replies":[{"embeddable":true,"href":"https:\/\/genielab.co\/fr\/wp-json\/wp\/v2\/comments?post=9557"}],"version-history":[{"count":1,"href":"https:\/\/genielab.co\/fr\/wp-json\/wp\/v2\/pages\/9557\/revisions"}],"predecessor-version":[{"id":35509,"href":"https:\/\/genielab.co\/fr\/wp-json\/wp\/v2\/pages\/9557\/revisions\/35509"}],"wp:attachment":[{"href":"https:\/\/genielab.co\/fr\/wp-json\/wp\/v2\/media?parent=9557"}],"wp:term":[{"taxonomy":"folder","embeddable":true,"href":"https:\/\/genielab.co\/fr\/wp-json\/wp\/v2\/folder?post=9557"}],"curies":[{"name":"wp","href":"https:\/\/api.w.org\/{rel}","templated":true}]}}